{"id":158,"date":"2025-11-13T09:45:07","date_gmt":"2025-11-13T09:45:07","guid":{"rendered":"https:\/\/pto-stone-crusher.com\/?page_id=158"},"modified":"2026-01-23T05:44:36","modified_gmt":"2026-01-23T05:44:36","slug":"home","status":"publish","type":"page","link":"https:\/\/pto-stone-crusher.com\/sv\/","title":{"rendered":"Hem"},"content":{"rendered":"<p>[et_pb_section fb_built=”1″ admin_label=”Header” _builder_version=”4.20.4″ _module_preset=”default” use_background_color_gradient=”on” background_color_gradient_stops=”rgba(0,0,0,0.7) 0%|rgba(0,0,0,0.7) 100%” background_color_gradient_overlays_image=”on” background_image=”https:\/\/pto-stone-crusher.com\/wp-content\/uploads\/2025\/11\/pto-stone-crusher-banner-.webp” collapsed=”off” global_colors_info=”{}”][et_pb_row _builder_version=”4.24.2″ _module_preset=”default” max_width=”800px” global_colors_info=”{}”][et_pb_column type=”4_4″ _builder_version=”4.23.2″ _module_preset=”default” global_colors_info=”{}”][et_pb_text _builder_version=”4.20.4″ _module_preset=”bef63c41-62e0-4bd1-8873-21e30332319d” header_4_text_color=”#FFFFFF” text_orientation=”center” global_colors_info=”{}”]<\/p>\n<h4>pto stenkross<\/h4>\n<p>[\/et_pb_text][et_pb_text _builder_version=”4.20.4″ _module_preset=”ee2a7cbc-6859-49dc-a25a-b333fd0bc088″ header_text_color=”#FFFFFF” text_orientation=”center” custom_margin=”||10px||false|false” global_colors_info=”{}”]<\/p>\n<h1>PTO-STENKROSS<\/h1>\n<p>[\/et_pb_text][et_pb_text _builder_version=”4.20.4″ _module_preset=”a3ae43d2-4ca3-4052-a30c-f8e83a9563d3″ text_text_color=”#FFFFFF” text_letter_spacing=”1px” text_orientation=”center” custom_margin=”||30px||false|false” global_colors_info=”{}”]<\/p>\n<p>Tillhandah\u00e5lla h\u00f6gkvalitativa l\u00f6sningar f\u00f6r utveckling av jordbruks- och skogsomr\u00e5den.<\/p>\n<p>[\/et_pb_text][et_pb_button button_url=”#contact” button_text=”GET MORE” button_alignment=”center” _builder_version=”4.20.4″ _module_preset=”643a4d92-ec1b-4784-b5d5-336a6e9864b8″ global_colors_info=”{}”][\/et_pb_button][\/et_pb_column][\/et_pb_row][\/et_pb_section][et_pb_section fb_built=”1″ admin_label=”What We Do” _builder_version=”4.27.5″ _module_preset=”default” locked=”off” collapsed=”off” global_colors_info=”{%22gcid-cc026ee9-2dfb-4c5b-892b-7f86cd297fec%22:%91%22background_color_gradient_stops%22%93}”][et_pb_row _builder_version=”4.24.2″ _module_preset=”default” global_colors_info=”{}”][et_pb_column type=”4_4″ _builder_version=”4.23.2″ _module_preset=”default” global_colors_info=”{}”][et_pb_text _builder_version=”4.27.5″ _module_preset=”9f4a8092-7f16-451a-b3a9-ec915b51fe0d” header_2_text_color=”#000000″ header_2_font_size=”70px” locked=”off” global_colors_info=”{}”]<\/p>\n<h2>PTO-STENKROSS<\/h2>\n<p>[\/et_pb_text][\/et_pb_column][\/et_pb_row][et_pb_row column_structure=”2_5,3_5″ _builder_version=”4.20.4″ _module_preset=”default” max_width=”100%” global_colors_info=”{}”][et_pb_column type=”2_5″ _builder_version=”4.23.2″ _module_preset=”default” global_colors_info=”{}”][et_pb_image src=”https:\/\/pto-stone-crusher.com\/wp-content\/uploads\/2025\/11\/pto-stone-crusher-part1.webp” alt=”pto-stone-crusher-part1″ title_text=”pto-stone-crusher-part1″ _builder_version=”4.20.4″ _module_preset=”default” global_colors_info=”{}”][\/et_pb_image][et_pb_text _builder_version=”4.27.5″ _module_preset=”a3ae43d2-4ca3-4052-a30c-f8e83a9563d3″ text_text_color=”#000000″ hover_enabled=”0″ global_colors_info=”{}” sticky_enabled=”0″]<\/p>\n<p>Som en betrodd tillverkare och leverant\u00f6r av stenkrossar f\u00f6r kraftuttag prioriterar vi strukturell integritet i varje konstruktion. Den f\u00f6rst\u00e4rkta ramen minimerar b\u00f6jning under tunga belastningar, medan korrosionsbest\u00e4ndiga ytbehandlingar skyddar mot utomhuselement som fukt och damm. Detta fokus p\u00e5 h\u00e5llbarhet inneb\u00e4r f\u00e4rre haverier, minskat underh\u00e5llsbehov och ett verktyg som beh\u00e5ller sin funktionalitet i \u00e5ratal \u2013 \u00e4ven i of\u00f6rl\u00e5tande arbetsmilj\u00f6er.<\/p>\n<p>[\/et_pb_text][\/et_pb_column][et_pb_column type=”3_5″ _builder_version=”4.23.2″ _module_preset=”default” global_colors_info=”{}”][et_pb_image src=”https:\/\/pto-stone-crusher.com\/wp-content\/uploads\/2025\/11\/pto-stone-crusher-part2–e1763534254849.webp” alt=”pto-stone-crusher-part2″ title_text=”pto-stone-crusher-part2″ _builder_version=”4.20.4″ _module_preset=”default” global_colors_info=”{}”][\/et_pb_image][et_pb_button button_url=”#contact” button_text=”GET A QUOTE” _builder_version=”4.20.4″ _module_preset=”cc7c42d0-2980-47ef-8cfc-68bda31da5b7″ button_text_size=”20px” button_bg_color=”#000000″ hover_enabled=”0″ global_colors_info=”{}” sticky_enabled=”0″][\/et_pb_button][\/et_pb_column][\/et_pb_row][et_pb_row column_structure=”1_2,1_2″ _builder_version=”4.20.4″ _module_preset=”default” width=”100%” max_width=”90%” global_colors_info=”{}”][et_pb_column type=”1_2″ _builder_version=”4.20.4″ _module_preset=”default” global_colors_info=”{}”][et_pb_image src=”https:\/\/pto-stone-crusher.com\/wp-content\/uploads\/2025\/11\/pto-stone-crusher-show3.webp” alt=”pto stone crusher-show3″ title_text=”pto stone crusher-show3″ align=”right” _builder_version=”4.27.5″ _module_preset=”default” global_colors_info=”{}”][\/et_pb_image][\/et_pb_column][et_pb_column type=”1_2″ _builder_version=”4.20.4″ _module_preset=”default” global_colors_info=”{}”][et_pb_text _builder_version=”4.20.4″ _module_preset=”default” header_2_font=”|700|||||||” header_2_font_size=”40px” global_colors_info=”{}”]<\/p>\n<h2>Letar du efter l\u00f6sningar f\u00f6r jordbruksarbete?<\/h2>\n<p>[\/et_pb_text][et_pb_text _builder_version=”4.27.5″ _module_preset=”default” text_font_size=”18px” max_width=”75%” hover_enabled=”0″ global_colors_info=”{}” sticky_enabled=”0″]<\/p>\n<p>Ist\u00e4llet f\u00f6r att transportera tung sten, rivningsavfall eller \u00f6verfl\u00f6digt grus till anl\u00e4ggningar utanf\u00f6r byggarbetsplatsen kan du krossa och \u00e5teranv\u00e4nda material precis d\u00e4r de finns \u2013 och omvandla skr\u00e4p till anv\u00e4ndbar ballast f\u00f6r uppfarter, g\u00e5ngv\u00e4gar eller \u00e5terfyllning. Detta minskar inte bara transportkostnader och avfallshanteringsavgifter utan minskar ocks\u00e5 projekttiderna genom att eliminera v\u00e4ntetider f\u00f6r externa krossningstj\u00e4nster. Den direkta kraftuttagsanslutningen s\u00e4kerst\u00e4ller j\u00e4mn kraftleverans, medan den kompakta designen g\u00f6r det enkelt att man\u00f6vrera \u00f6ver tr\u00e5nga arbetsplatser, fr\u00e5n skogsr\u00f6jningar till g\u00e5rdsplaner.<\/p>\n<p>[\/et_pb_text][\/et_pb_column][\/et_pb_row][\/et_pb_section][et_pb_section fb_built=”1″ admin_label=”Services” _builder_version=”4.20.4″ _module_preset=”default” background_color=”#f2f2f2″ collapsed=”on” global_colors_info=”{}”][et_pb_row _builder_version=”4.23.2″ _module_preset=”default” global_colors_info=”{}”][et_pb_column type=”4_4″ _builder_version=”4.23.2″ _module_preset=”default” global_colors_info=”{}”][et_pb_text _builder_version=”4.20.4″ _module_preset=”9f4a8092-7f16-451a-b3a9-ec915b51fe0d” header_2_font_size=”42px” global_colors_info=”{}”]<\/p>\n<h2><strong data-spm-anchor-id=\"5176.28103460.0.i25.2f2e4fa587arIY\">PTO-stenkross f\u00f6r stenkrossning p\u00e5 plats<\/strong><\/h2>\n<p>[\/et_pb_text][et_pb_text _builder_version=”4.20.4″ _module_preset=”default” text_font=”|300|||||||” text_text_color=”#000000″ global_colors_info=”{}”]<\/p>\n<p>F\u00f6r mark\u00e4gare, jordbrukare och sm\u00e5 entrepren\u00f6rer inneb\u00e4r m\u00f6jligheten att bearbeta \u00e5kersten, rivningsskr\u00e4p eller grus precis d\u00e4r det ligger f\u00e4rre resor till avfallsplatser, minskade materialink\u00f6pskostnader och st\u00f6rre kontroll \u00f6ver platsf\u00f6rberedelserna. Oavsett om du j\u00e4mnar ut betesmark, bygger tillfartsv\u00e4gar eller r\u00f6jer bort byggavfall, hj\u00e4lper en kraftuttagsstenkross dig att f\u00e5 jobbet gjort internt.<\/p>\n<p>[\/et_pb_text][et_pb_image src=”https:\/\/pto-stone-crusher.com\/wp-content\/uploads\/2025\/11\/pto-stone-crusher-e1763026624799.webp” alt=”pto stone crusher” title_text=”pto stone crusher” align=”center” _builder_version=”4.27.5″ _module_preset=”default” global_colors_info=”{}”][\/et_pb_image][\/et_pb_column][\/et_pb_row][\/et_pb_section][et_pb_section fb_built=”1″ _builder_version=”4.20.4″ _module_preset=”default” border_radii=”on|10px|10px|10px|10px” border_width_all=”1px” global_colors_info=”{}”][et_pb_row _builder_version=”4.20.4″ _module_preset=”default” global_colors_info=”{}”][et_pb_column type=”4_4″ _builder_version=”4.20.4″ _module_preset=”default” global_colors_info=”{}”][et_pb_text _builder_version=”4.20.4″ _module_preset=”default” header_font=”||||||||” header_2_font=”|700|||||||” header_2_text_color=”#000000″ header_2_font_size=”42px” global_colors_info=”{}”]<\/p>\n<blockquote>\n<h2>I vilka situationer kan jag anv\u00e4nda er PTO-stenkross?<\/h2>\n<\/blockquote>\n<p>[\/et_pb_text][\/et_pb_column][\/et_pb_row][et_pb_row column_structure=”1_2,1_2″ _builder_version=”4.20.4″ _module_preset=”default” collapsed=”on” global_colors_info=”{}”][et_pb_column type=”1_2″ _builder_version=”4.20.4″ _module_preset=”default” global_colors_info=”{}”][et_pb_blurb title=”1. Agricultural Land Clearing and Field Preparation” use_icon=”on” font_icon=”&#x4e;||divi||400″ icon_placement=”left” _builder_version=”4.20.4″ _module_preset=”default” global_colors_info=”{}”][\/et_pb_blurb][et_pb_blurb title=”2. Rural Road and Access Way Construction” use_icon=”on” font_icon=”&#x4e;||divi||400″ icon_placement=”left” _builder_version=”4.20.4″ _module_preset=”default” locked=”off” global_colors_info=”{}”][\/et_pb_blurb][et_pb_blurb title=”3. Small-Scale Quarrying and Aggregate Production” use_icon=”on” font_icon=”&#x4e;||divi||400″ icon_placement=”left” _builder_version=”4.20.4″ _module_preset=”default” locked=”off” global_colors_info=”{}”][\/et_pb_blurb][et_pb_blurb title=”7. Fence Line and Infrastructure Foundation Work” use_icon=”on” font_icon=”&#x4e;||divi||400″ icon_placement=”left” _builder_version=”4.20.4″ _module_preset=”default” locked=”off” global_colors_info=”{}”][\/et_pb_blurb][\/et_pb_column][et_pb_column type=”1_2″ _builder_version=”4.20.4″ _module_preset=”default” global_colors_info=”{}”][et_pb_blurb title=”4. Disaster Recovery and Debris Management” use_icon=”on” font_icon=”&#x4e;||divi||400″ icon_placement=”left” _builder_version=”4.20.4″ _module_preset=”default” locked=”off” global_colors_info=”{}”][\/et_pb_blurb][et_pb_blurb title=”5. Orchard, Vineyard, and Forestry Site Maintenance” use_icon=”on” font_icon=”&#x4e;||divi||400″ icon_placement=”left” _builder_version=”4.20.4″ _module_preset=”default” locked=”off” global_colors_info=”{}”][\/et_pb_blurb][et_pb_blurb title=”6. Small Demolition and Farm Renovation Projects” use_icon=”on” font_icon=”&#x4e;||divi||400″ icon_placement=”left” _builder_version=”4.20.4″ _module_preset=”default” locked=”off” global_colors_info=”{}”][\/et_pb_blurb][\/et_pb_column][\/et_pb_row][\/et_pb_section][et_pb_section fb_built=”1″ _builder_version=”4.20.4″ _module_preset=”default” global_colors_info=”{}”][et_pb_row column_structure=”1_2,1_2″ _builder_version=”4.20.4″ _module_preset=”default” width=”90%” max_width=”100%” global_colors_info=”{}”][et_pb_column type=”1_2″ _builder_version=”4.20.4″ _module_preset=”default” global_colors_info=”{}”][et_pb_text _builder_version=”4.20.4″ _module_preset=”default” header_2_font=”||||||||” header_2_font_size=”42px” global_colors_info=”{}”]<\/p>\n<h2><span style=\"font-weight:bold;color:blue;\">Verklig till\u00e4mpning:<\/span> Hur ett regionalt v\u00e4gbyggnadsprojekt anv\u00e4nde en stenkross<\/h2>\n<p>[\/et_pb_text][et_pb_text _builder_version=”4.20.4″ _module_preset=”default” global_colors_info=”{}”]<\/p>\n<p>\u00c5r 2024 fick en anl\u00e4ggningsentrepren\u00f6r i centrala Texas i uppdrag att uppgradera 24 kilometer landsv\u00e4gar. Projektet kr\u00e4vde en stadig tillg\u00e5ng p\u00e5 h\u00f6gkvalitativ krossad sten f\u00f6r v\u00e4gunderlag och underlag \u2013 men lokala stenbrott hade l\u00e5nga ledtider och stigande leveranskostnader.<\/p>\n<p>F\u00f6r att f\u00e5 kontroll \u00f6ver materialf\u00f6rs\u00f6rjningen och minska kostnaderna investerade entrepren\u00f6ren i en mobil k\u00e4ftkross. De h\u00e4mtade rikligt med kalksten p\u00e5 plats fr\u00e5n n\u00e4rliggande r\u00f6jd mark och \u00e5tervann betongskr\u00e4p fr\u00e5n rivna strukturer. Genom att krossa dessa material direkt p\u00e5 arbetsplatsen producerade de \u00f6ver 12 000 ton graderad ballast inom tre m\u00e5nader.<\/p>\n<p>Resultatet?<br \/>Materialkostnaderna minskade med n\u00e4stan 35% j\u00e4mf\u00f6rt med ink\u00f6p fr\u00e5n tredjepartsleverant\u00f6rer. Projektets tidslinjer f\u00f6rb\u00e4ttrades tack vare produktion av ballast p\u00e5 beg\u00e4ran \u2013 ingen v\u00e4ntetid p\u00e5 lastbilsleveranser. Avgifter f\u00f6r avfallshantering f\u00f6r rivningsavfall eliminerades, eftersom betong \u00e5teranv\u00e4ndes som \u00e5tervunnet ballast.\u00a0<\/p>\n<p>[\/et_pb_text][\/et_pb_column][et_pb_column type=”1_2″ _builder_version=”4.20.4″ _module_preset=”default” global_colors_info=”{}”][et_pb_video src=”https:\/\/pto-stone-crusher.com\/wp-content\/uploads\/2025\/11\/stone-crusher.mp4″ _builder_version=”4.20.4″ _module_preset=”default” global_colors_info=”{}”][\/et_pb_video][et_pb_text _builder_version=”4.20.4″ _module_preset=”default” text_font=”|800|||||||” text_text_color=”#000000″ text_font_size=”16px” text_orientation=”center” global_colors_info=”{}”]Real-world usage examples[\/et_pb_text][\/et_pb_column][\/et_pb_row][\/et_pb_section][et_pb_section fb_built=”1″ admin_label=”Section-adv” _builder_version=”4.20.4″ _module_preset=”default” background_color=”#f2f2f2″ locked=”off” collapsed=”off” global_colors_info=”{}”][et_pb_row _builder_version=”4.20.4″ _module_preset=”default” collapsed=”off” global_colors_info=”{}”][et_pb_column type=”4_4″ _builder_version=”4.20.4″ _module_preset=”default” global_colors_info=”{}”][et_pb_text _builder_version=”4.20.4″ _module_preset=”default” header_2_font=”|800|||||||” header_2_text_align=”center” header_2_text_color=”#000000″ header_2_font_size=”42px” global_colors_info=”{}”]<\/p>\n<h2>Produktmodellvisning<\/h2>\n<p>[\/et_pb_text][\/et_pb_column][\/et_pb_row][et_pb_row column_structure=”1_2,1_2″ _builder_version=”4.20.4″ _module_preset=”default” width=”100%” max_width=”90%” collapsed=”off” global_colors_info=”{}”][et_pb_column type=”1_2″ _builder_version=”4.23.2″ _module_preset=”default” custom_padding=”20px|20px|20px|20px|true|true” border_width_all=”2px” border_color_all=”#000000″ global_colors_info=”{}”][et_pb_text _builder_version=”4.27.5″ _module_preset=”default” header_3_font=”|700|||||||” header_3_text_align=”center” global_colors_info=”{}”]<\/p>\n<h3>STONE-CRUSHER<\/h3>\n<p>[\/et_pb_text][et_pb_shop type=”product_category” posts_number=”2″ include_categories=”20″ _builder_version=”4.27.5″ _module_preset=”default” global_colors_info=”{}”][\/et_pb_shop][\/et_pb_column][et_pb_column type=”1_2″ _builder_version=”4.23.2″ _module_preset=”default” custom_padding=”20px|20px|20px|20px|true|true” border_width_all=”2px” border_color_all=”#000000″ global_colors_info=”{}”][et_pb_text _builder_version=”4.27.5″ _module_preset=”default” header_2_text_align=”center” header_3_text_align=”center” global_colors_info=”{}”]<\/p>\n<h3><strong><a class=\"row-title\" href=\"https:\/\/pto-stone-crusher.com\/wp-admin\/term.php?taxonomy=product_cat&amp;tag_ID=38&amp;post_type=product&amp;wp_http_referer=%2Fwp-admin%2Fedit-tags.php%3Ftaxonomy%3Dproduct_cat%26post_type%3Dproduct\" aria-label=\"\u201cPOTATO PLANTER\u201d (Edit)\">POTATO PLANTER<\/a><\/strong><\/h3>\n<p>[\/et_pb_text][et_pb_shop type=”product_category” posts_number=”2″ include_categories=”38″ _builder_version=”4.27.5″ _module_preset=”default” global_colors_info=”{}”][\/et_pb_shop][\/et_pb_column][\/et_pb_row][et_pb_row _builder_version=”4.20.4″ _module_preset=”default” global_colors_info=”{}”][et_pb_column type=”4_4″ _builder_version=”4.20.4″ _module_preset=”default” global_colors_info=”{}”][et_pb_button button_url=”https:\/\/pto-stone-crusher.com\/products\/” button_text=”Product Categories” button_alignment=”center” _builder_version=”4.27.5″ _module_preset=”default” custom_button=”on” button_text_size=”22px” button_text_color=”#FFFFFF” button_bg_color=”#000000″ hover_enabled=”0″ global_colors_info=”{}” sticky_enabled=”0″][\/et_pb_button][\/et_pb_column][\/et_pb_row][\/et_pb_section][et_pb_section fb_built=”1″ admin_label=”Feature” _builder_version=”4.20.4″ _module_preset=”default” overflow-x=”hidden” overflow-y=”hidden” locked=”off” collapsed=”off” global_colors_info=”{}”][et_pb_row column_structure=”1_2,1_2″ _builder_version=”4.20.4″ _module_preset=”default” max_width=”100%” global_colors_info=”{}”][et_pb_column type=”1_2″ _builder_version=”4.23.2″ _module_preset=”default” custom_padding=”10%||10%||true|false” global_colors_info=”{}”][et_pb_text _builder_version=”4.20.4″ _module_preset=”9f4a8092-7f16-451a-b3a9-ec915b51fe0d” header_2_text_color=”#000000″ header_2_font_size=”42px” custom_margin=”||10px||false|false” global_colors_info=”{}”]<\/p>\n<h2>PTO-STENKROSS<\/h2>\n<p>[\/et_pb_text][et_pb_text _builder_version=”4.20.4″ _module_preset=”a3ae43d2-4ca3-4052-a30c-f8e83a9563d3″ global_colors_info=”{}”]<\/p>\n<p>Om din mark har ytsten, kvarvarande betong eller utspritt skr\u00e4p, b\u00f6r borttagning eller \u00e5teranv\u00e4ndning inte kr\u00e4va att du hyr tunga maskiner eller anlitar extern hj\u00e4lp. En stenkross med kraftuttag l\u00e5ter dig hantera dessa material direkt p\u00e5 plats med hj\u00e4lp av traktorn du redan \u00e4ger. Det \u00e4r inte bara bekv\u00e4mt \u2013 det \u00e4r ett kostnadsbesparande verktyg f\u00f6r rutinm\u00e4ssig markhantering. Vanliga anv\u00e4ndningsomr\u00e5den inkluderar att bryta \u00e5kersten f\u00f6r betesmarksf\u00f6rb\u00e4ttring, \u00e5tervinna gammalt grus p\u00e5 uppfarter, f\u00f6rbereda underlag f\u00f6r skjul eller staket och r\u00f6ja bort byggnadsrester efter mindre byggen.\u00a0<\/p>\n<p>[\/et_pb_text][et_pb_button button_url=”https:\/\/pto-stone-crusher.com\/contact-us” button_text=”Contact us” _builder_version=”4.20.4″ _module_preset=”cc7c42d0-2980-47ef-8cfc-68bda31da5b7″ button_text_size=”18px” button_border_radius=”10px” hover_enabled=”0″ global_colors_info=”{}” sticky_enabled=”0″][\/et_pb_button][\/et_pb_column][et_pb_column type=”1_2″ _builder_version=”4.23.2″ _module_preset=”default” global_colors_info=”{}”][et_pb_image src=”https:\/\/pto-stone-crusher.com\/wp-content\/uploads\/2025\/11\/pto-stone-crusher-show-.webp” alt=”pto stone crusher” title_text=”pto stone crusher-show” _builder_version=”4.20.4″ _module_preset=”default” custom_margin=”20%||||false|false” global_colors_info=”{}”][\/et_pb_image][\/et_pb_column][\/et_pb_row][et_pb_row column_structure=”1_2,1_2″ _builder_version=”4.20.4″ _module_preset=”default” max_width=”100%” global_colors_info=”{}”][et_pb_column type=”1_2″ _builder_version=”4.20.4″ _module_preset=”default” global_colors_info=”{}”][et_pb_image src=”https:\/\/pto-stone-crusher.com\/wp-content\/uploads\/2025\/11\/pto-stone-crusher-show2-.webp” alt=”pto stone crusher” title_text=”pto stone crusher-show2″ _builder_version=”4.20.4″ _module_preset=”default” global_colors_info=”{}”][\/et_pb_image][\/et_pb_column][et_pb_column type=”1_2″ _builder_version=”4.20.4″ _module_preset=”default” global_colors_info=”{}”][et_pb_text _builder_version=”4.20.4″ _module_preset=”default” text_font_size=”16px” custom_padding=”25%||||false|false” global_colors_info=”{}”]<\/p>\n<p>V\u00e4rdet hos en PTO-stenkross ligger i dess f\u00f6rm\u00e5ga att motst\u00e5 upprepad, tung anv\u00e4ndning \u2013 och v\u00e5r enhet \u00e4r specifikt byggd f\u00f6r l\u00e5ngvarig tillf\u00f6rlitlighet under tuffa, verkliga f\u00f6rh\u00e5llanden. Detta verktyg \u00e4r konstruerat f\u00f6r att hantera slipande material som \u00e5kersten, kalksten och rivningsskr\u00e4p utan att kompromissa med prestandan \u00f6ver tid.<\/p>\n<p>Varje kritisk komponent \u00e4r utvald f\u00f6r h\u00e5llbarhet: det tjocka st\u00e5lhuset motst\u00e5r st\u00f6tar och slitage, utbytbara h\u00e4rdade st\u00e5lhammare bibeh\u00e5ller krosseffektiviteten genom hundratals timmars anv\u00e4ndning, och den kraftiga v\u00e4xell\u00e5dan \u00e4r t\u00e4tad f\u00f6r att f\u00f6rhindra infiltration av damm och skr\u00e4p. Till skillnad fr\u00e5n l\u00e4ttare alternativ \u00e4r v\u00e5r PTO-stenkross konstruerad f\u00f6r att motst\u00e5 vibrationer och p\u00e5frestningar fr\u00e5n dagliga jordbruks-, landskapsarkitektur- och mindre bygguppgifter \u2013 fr\u00e5n markr\u00f6jning och utj\u00e4mning av betesmark till f\u00f6rberedelse av v\u00e4gunderlag p\u00e5 landsbygden.<\/p>\n<p>[\/et_pb_text][et_pb_button button_url=”https:\/\/pto-stone-crusher.com\/about-us” button_text=”ABOUT US” _builder_version=”4.27.5″ _module_preset=”default” custom_button=”on” button_text_size=”30px” hover_enabled=”0″ global_colors_info=”{}” sticky_enabled=”0″][\/et_pb_button][\/et_pb_column][\/et_pb_row][\/et_pb_section][et_pb_section fb_built=”1″ _builder_version=”4.20.4″ _module_preset=”default” global_colors_info=”{}”][et_pb_row _builder_version=”4.20.4″ _module_preset=”default” global_colors_info=”{}”][et_pb_column type=”4_4″ _builder_version=”4.20.4″ _module_preset=”default” global_colors_info=”{}”][et_pb_text _builder_version=”4.20.4″ _module_preset=”default” header_2_font=”|800|||||||” header_2_text_color=”#000000″ header_2_font_size=”50px” global_colors_info=”{}”]<\/p>\n<h2>Vanliga fr\u00e5gor:<\/h2>\n<p>[\/et_pb_text][et_pb_accordion _builder_version=”4.27.5″ _module_preset=”default” hover_enabled=”0″ global_colors_info=”{}” sticky_enabled=”0″][et_pb_accordion_item title=”Q1. Has it passed international standard testing?” open=”on” _builder_version=”4.27.5″ _module_preset=”default” hover_enabled=”0″ global_colors_info=”{}” toggle_level=”h3″ toggle_font=”|700|||||||” sticky_enabled=”0″]<\/p>\n<p>A1. We have passed the ISO9001 Quality Management System Certification,Grade A certification for the Integration of Informatization and Industrialization,SGS Verified Manufacturer.<\/p>\n<p>[\/et_pb_accordion_item][et_pb_accordion_item title=”Q2. What are the product categories?” _builder_version=”4.27.5″ _module_preset=”default” hover_enabled=”0″ global_colors_info=”{}” toggle_level=”h3″ toggle_font=”|700|||||||” open=”off” sticky_enabled=”0″]<\/p>\n<p>A2. We own <span data-type=\"text\">Stenr\u00e4fsa, stenplockare, jordfr\u00e4s, komposteringsmaskiner\/stenkross, potatismaskiner, potatisr\u00f6jare, g\u00f6dningsmedel, rotorharv, potatiss\u00e4ttare, potatisgr\u00e4vare, potatisgr\u00e4vare 2 rader, potatisgr\u00e4vare - bogserade, potatisgr\u00e4vare 2 rader - bogserad, potatisgr\u00e4vare 4 rader - bogserad, potatissk\u00f6rd f\u00f6r stors\u00e4ckar, potatissk\u00f6rd - 2 rader, boskapsmaskiner och s\u00e5 vidare.<\/span><\/p>\n<p>[\/et_pb_accordion_item][et_pb_accordion_item title=”Q3. What is a stone crusher and what does it do?” _builder_version=”4.27.5″ _module_preset=”default” hover_enabled=”0″ global_colors_info=”{}” toggle_level=”h3″ toggle_font=”|700|||||||” open=”off” sticky_enabled=”0″]<\/p>\n<p>A3. A stone crusher is a piece of heavy machinery designed to break down large rocks into smaller sizes for various applications, such as road construction, concrete production, and mining. It processes materials like limestone, granite, basalt, and recycled concrete.<\/p>\n<p>[\/et_pb_accordion_item][et_pb_accordion_item title=”Q4. What factors should I consider when choosing a stone crusher?” _builder_version=”4.27.5″ _module_preset=”default” hover_enabled=”0″ global_colors_info=”{}” toggle_level=”h3″ toggle_font=”|700|||||||” open=”off” sticky_enabled=”0″]<\/p>\n<p>A4. Key considerations include the type of material to be crushed, desired output size, capacity requirements, mobility needs, and budget constraints. Additionally, reliability and after-sales support from the stone crusher supplier are important.<\/p>\n<p>[\/et_pb_accordion_item][\/et_pb_accordion][\/et_pb_column][\/et_pb_row][\/et_pb_section]<\/p>","protected":false},"excerpt":{"rendered":"<p>pto stone crusherPTO STONE CRUSHERProvide high-quality solutions for the development of farmland and forest areas.PTO STONE CRUSHERAs a trusted pto stone crusher manufacturer and supplier, we prioritize structural integrity in every design. The reinforced frame minimizes flexing during heavy loads, while corrosion-resistant finishes protect against outdoor elements like moisture and dust. This focus on durability [&hellip;]<\/p>","protected":false},"author":1,"featured_media":0,"parent":0,"menu_order":0,"comment_status":"closed","ping_status":"closed","template":"","meta":{"_et_pb_use_builder":"on","_et_pb_old_content":"","_et_gb_content_width":"","footnotes":""},"class_list":["post-158","page","type-page","status-publish","hentry"],"_links":{"self":[{"href":"https:\/\/pto-stone-crusher.com\/sv\/wp-json\/wp\/v2\/pages\/158","targetHints":{"allow":["GET"]}}],"collection":[{"href":"https:\/\/pto-stone-crusher.com\/sv\/wp-json\/wp\/v2\/pages"}],"about":[{"href":"https:\/\/pto-stone-crusher.com\/sv\/wp-json\/wp\/v2\/types\/page"}],"author":[{"embeddable":true,"href":"https:\/\/pto-stone-crusher.com\/sv\/wp-json\/wp\/v2\/users\/1"}],"replies":[{"embeddable":true,"href":"https:\/\/pto-stone-crusher.com\/sv\/wp-json\/wp\/v2\/comments?post=158"}],"version-history":[{"count":21,"href":"https:\/\/pto-stone-crusher.com\/sv\/wp-json\/wp\/v2\/pages\/158\/revisions"}],"predecessor-version":[{"id":494,"href":"https:\/\/pto-stone-crusher.com\/sv\/wp-json\/wp\/v2\/pages\/158\/revisions\/494"}],"wp:attachment":[{"href":"https:\/\/pto-stone-crusher.com\/sv\/wp-json\/wp\/v2\/media?parent=158"}],"curies":[{"name":"wp","href":"https:\/\/api.w.org\/{rel}","templated":true}]}}