{"id":158,"date":"2025-11-13T09:45:07","date_gmt":"2025-11-13T09:45:07","guid":{"rendered":"https:\/\/pto-stone-crusher.com\/?page_id=158"},"modified":"2026-01-23T05:44:36","modified_gmt":"2026-01-23T05:44:36","slug":"home","status":"publish","type":"page","link":"https:\/\/pto-stone-crusher.com\/sk\/","title":{"rendered":"Domov"},"content":{"rendered":"<p>[et_pb_section fb_built=”1″ admin_label=”Header” _builder_version=”4.20.4″ _module_preset=”default” use_background_color_gradient=”on” background_color_gradient_stops=”rgba(0,0,0,0.7) 0%|rgba(0,0,0,0.7) 100%” background_color_gradient_overlays_image=”on” background_image=”https:\/\/pto-stone-crusher.com\/wp-content\/uploads\/2025\/11\/pto-stone-crusher-banner-.webp” collapsed=”off” global_colors_info=”{}”][et_pb_row _builder_version=”4.24.2″ _module_preset=”default” max_width=”800px” global_colors_info=”{}”][et_pb_column type=”4_4″ _builder_version=”4.23.2″ _module_preset=”default” global_colors_info=”{}”][et_pb_text _builder_version=”4.20.4″ _module_preset=”bef63c41-62e0-4bd1-8873-21e30332319d” header_4_text_color=”#FFFFFF” text_orientation=”center” global_colors_info=”{}”]<\/p>\n<h4>drvi\u010d kame\u0148a s v\u00fdvodov\u00fdm hriade\u013eom<\/h4>\n<p>[\/et_pb_text][et_pb_text _builder_version=”4.20.4″ _module_preset=”ee2a7cbc-6859-49dc-a25a-b333fd0bc088″ header_text_color=”#FFFFFF” text_orientation=”center” custom_margin=”||10px||false|false” global_colors_info=”{}”]<\/p>\n<h1>DRVI\u010c KAME\u0147A S V\u00ddVODOV\u00ddM HNAC\u00cdM DROOM<\/h1>\n<p>[\/et_pb_text][et_pb_text _builder_version=”4.20.4″ _module_preset=”a3ae43d2-4ca3-4052-a30c-f8e83a9563d3″ text_text_color=”#FFFFFF” text_letter_spacing=”1px” text_orientation=”center” custom_margin=”||30px||false|false” global_colors_info=”{}”]<\/p>\n<p>Poskytova\u0165 vysokokvalitn\u00e9 rie\u0161enia pre rozvoj po\u013enohospod\u00e1rskej p\u00f4dy a lesn\u00fdch oblast\u00ed.<\/p>\n<p>[\/et_pb_text][et_pb_button button_url=”#contact” button_text=”GET MORE” button_alignment=”center” _builder_version=”4.20.4″ _module_preset=”643a4d92-ec1b-4784-b5d5-336a6e9864b8″ global_colors_info=”{}”][\/et_pb_button][\/et_pb_column][\/et_pb_row][\/et_pb_section][et_pb_section fb_built=”1″ admin_label=”What We Do” _builder_version=”4.27.5″ _module_preset=”default” locked=”off” collapsed=”off” global_colors_info=”{%22gcid-cc026ee9-2dfb-4c5b-892b-7f86cd297fec%22:%91%22background_color_gradient_stops%22%93}”][et_pb_row _builder_version=”4.24.2″ _module_preset=”default” global_colors_info=”{}”][et_pb_column type=”4_4″ _builder_version=”4.23.2″ _module_preset=”default” global_colors_info=”{}”][et_pb_text _builder_version=”4.27.5″ _module_preset=”9f4a8092-7f16-451a-b3a9-ec915b51fe0d” header_2_text_color=”#000000″ header_2_font_size=”70px” locked=”off” global_colors_info=”{}”]<\/p>\n<h2>DRVI\u010c KAME\u0147A S V\u00ddVODOV\u00ddM HNAC\u00cdM DROOM<\/h2>\n<p>[\/et_pb_text][\/et_pb_column][\/et_pb_row][et_pb_row column_structure=”2_5,3_5″ _builder_version=”4.20.4″ _module_preset=”default” max_width=”100%” global_colors_info=”{}”][et_pb_column type=”2_5″ _builder_version=”4.23.2″ _module_preset=”default” global_colors_info=”{}”][et_pb_image src=”https:\/\/pto-stone-crusher.com\/wp-content\/uploads\/2025\/11\/pto-stone-crusher-part1.webp” alt=”pto-stone-crusher-part1″ title_text=”pto-stone-crusher-part1″ _builder_version=”4.20.4″ _module_preset=”default” global_colors_info=”{}”][\/et_pb_image][et_pb_text _builder_version=”4.27.5″ _module_preset=”a3ae43d2-4ca3-4052-a30c-f8e83a9563d3″ text_text_color=”#000000″ hover_enabled=”0″ global_colors_info=”{}” sticky_enabled=”0″]<\/p>\n<p>Ako d\u00f4veryhodn\u00fd v\u00fdrobca a dod\u00e1vate\u013e drvi\u010dov kame\u0148a s v\u00fdvodov\u00fdm hriade\u013eom uprednost\u0148ujeme \u0161truktur\u00e1lnu integritu v ka\u017edom dizajne. Zosilnen\u00fd r\u00e1m minimalizuje oh\u00fdbanie pri ve\u013ekom za\u0165a\u017een\u00ed, zatia\u013e \u010do povrchov\u00e1 \u00faprava odoln\u00e1 vo\u010di kor\u00f3zii chr\u00e1ni pred vonkaj\u0161\u00edmi vplyvmi, ako je vlhkos\u0165 a prach. Toto zameranie na odolnos\u0165 znamen\u00e1 menej por\u00fach, zn\u00ed\u017een\u00e9 potreby \u00fadr\u017eby a n\u00e1stroj, ktor\u00fd si zachov\u00e1va svoju funk\u010dnos\u0165 roky \u2013 aj v n\u00e1ro\u010dn\u00fdch pracovn\u00fdch prostrediach.<\/p>\n<p>[\/et_pb_text][\/et_pb_column][et_pb_column type=”3_5″ _builder_version=”4.23.2″ _module_preset=”default” global_colors_info=”{}”][et_pb_image src=”https:\/\/pto-stone-crusher.com\/wp-content\/uploads\/2025\/11\/pto-stone-crusher-part2–e1763534254849.webp” alt=”pto-stone-crusher-part2″ title_text=”pto-stone-crusher-part2″ _builder_version=”4.20.4″ _module_preset=”default” global_colors_info=”{}”][\/et_pb_image][et_pb_button button_url=”#contact” button_text=”GET A QUOTE” _builder_version=”4.20.4″ _module_preset=”cc7c42d0-2980-47ef-8cfc-68bda31da5b7″ button_text_size=”20px” button_bg_color=”#000000″ hover_enabled=”0″ global_colors_info=”{}” sticky_enabled=”0″][\/et_pb_button][\/et_pb_column][\/et_pb_row][et_pb_row column_structure=”1_2,1_2″ _builder_version=”4.20.4″ _module_preset=”default” width=”100%” max_width=”90%” global_colors_info=”{}”][et_pb_column type=”1_2″ _builder_version=”4.20.4″ _module_preset=”default” global_colors_info=”{}”][et_pb_image src=”https:\/\/pto-stone-crusher.com\/wp-content\/uploads\/2025\/11\/pto-stone-crusher-show3.webp” alt=”pto stone crusher-show3″ title_text=”pto stone crusher-show3″ align=”right” _builder_version=”4.27.5″ _module_preset=”default” global_colors_info=”{}”][\/et_pb_image][\/et_pb_column][et_pb_column type=”1_2″ _builder_version=”4.20.4″ _module_preset=”default” global_colors_info=”{}”][et_pb_text _builder_version=”4.20.4″ _module_preset=”default” header_2_font=”|700|||||||” header_2_font_size=”40px” global_colors_info=”{}”]<\/p>\n<h2>H\u013ead\u00e1te rie\u0161enia pre po\u013enohospod\u00e1rsku p\u00f4du?<\/h2>\n<p>[\/et_pb_text][et_pb_text _builder_version=”4.27.5″ _module_preset=”default” text_font_size=”18px” max_width=”75%” hover_enabled=”0″ global_colors_info=”{}” sticky_enabled=”0″]<\/p>\n<p>Namiesto prepravy \u0165a\u017ek\u00fdch sk\u00e1l, demola\u010dn\u00e9ho odpadu alebo prebyto\u010dn\u00e9ho \u0161trku do zariaden\u00ed mimo staveniska m\u00f4\u017eete materi\u00e1ly drvi\u0165 a op\u00e4tovne vyu\u017e\u00edva\u0165 priamo tam, kde sa nach\u00e1dzaj\u00fa \u2013 premie\u0148a\u0165 sutiny na pou\u017eite\u013en\u00e9 kamenivo pre pr\u00edjazdov\u00e9 cesty, z\u00e1klady chodn\u00edkov alebo z\u00e1sypy. To nielen zni\u017euje n\u00e1klady na dopravu a poplatky za likvid\u00e1ciu, ale tie\u017e skracuje \u010dasov\u00fd harmonogram projektu elimin\u00e1ciou \u010dakac\u00edch d\u00f4b na extern\u00e9 drviace slu\u017eby. Priame pripojenie k v\u00fdvodov\u00e9mu hriade\u013eu zais\u0165uje konzistentn\u00fd pr\u00edsun v\u00fdkonu, zatia\u013e \u010do kompaktn\u00fd dizajn u\u013eah\u010duje man\u00e9vrovanie na \u00fazkych pracovisk\u00e1ch, od lesn\u00fdch \u010distin a\u017e po hospod\u00e1rske dvory.<\/p>\n<p>[\/et_pb_text][\/et_pb_column][\/et_pb_row][\/et_pb_section][et_pb_section fb_built=”1″ admin_label=”Services” _builder_version=”4.20.4″ _module_preset=”default” background_color=”#f2f2f2″ collapsed=”on” global_colors_info=”{}”][et_pb_row _builder_version=”4.23.2″ _module_preset=”default” global_colors_info=”{}”][et_pb_column type=”4_4″ _builder_version=”4.23.2″ _module_preset=”default” global_colors_info=”{}”][et_pb_text _builder_version=”4.20.4″ _module_preset=”9f4a8092-7f16-451a-b3a9-ec915b51fe0d” header_2_font_size=”42px” global_colors_info=”{}”]<\/p>\n<h2><strong data-spm-anchor-id=\"5176.28103460.0.i25.2f2e4fa587arIY\">Drvi\u010d kame\u0148a PTO na drvenie horn\u00edn na mieste<\/strong><\/h2>\n<p>[\/et_pb_text][et_pb_text _builder_version=”4.20.4″ _module_preset=”default” text_font=”|300|||||||” text_text_color=”#000000″ global_colors_info=”{}”]<\/p>\n<p>Pre vlastn\u00edkov p\u00f4dy, farm\u00e1rov a mal\u00fdch dod\u00e1vate\u013eov znamen\u00e1 schopnos\u0165 spracova\u0165 po\u013en\u00fd kame\u0148, demola\u010dn\u00fa su\u0165 alebo \u0161trk priamo na mieste, kde le\u017eia, menej ciest na skl\u00e1dky, zn\u00ed\u017een\u00e9 n\u00e1klady na n\u00e1kup materi\u00e1lu a v\u00e4\u010d\u0161iu kontrolu nad pr\u00edpravou staveniska. \u010ci u\u017e zarovn\u00e1vate pastviny, budujete pr\u00edstupov\u00e9 cesty alebo odstra\u0148ujete stavebn\u00fa sutinu, drvi\u010d kame\u0148a s v\u00fdvodov\u00fdm hriade\u013eom v\u00e1m pom\u00f4\u017ee zvl\u00e1dnu\u0165 pr\u00e1cu interne.<\/p>\n<p>[\/et_pb_text][et_pb_image src=”https:\/\/pto-stone-crusher.com\/wp-content\/uploads\/2025\/11\/pto-stone-crusher-e1763026624799.webp” alt=”pto stone crusher” title_text=”pto stone crusher” align=”center” _builder_version=”4.27.5″ _module_preset=”default” global_colors_info=”{}”][\/et_pb_image][\/et_pb_column][\/et_pb_row][\/et_pb_section][et_pb_section fb_built=”1″ _builder_version=”4.20.4″ _module_preset=”default” border_radii=”on|10px|10px|10px|10px” border_width_all=”1px” global_colors_info=”{}”][et_pb_row _builder_version=”4.20.4″ _module_preset=”default” global_colors_info=”{}”][et_pb_column type=”4_4″ _builder_version=”4.20.4″ _module_preset=”default” global_colors_info=”{}”][et_pb_text _builder_version=”4.20.4″ _module_preset=”default” header_font=”||||||||” header_2_font=”|700|||||||” header_2_text_color=”#000000″ header_2_font_size=”42px” global_colors_info=”{}”]<\/p>\n<blockquote>\n<h2>V ak\u00fdch pr\u00edpadoch m\u00f4\u017eem pou\u017ei\u0165 v\u00e1\u0161 drvi\u010d kame\u0148ov s v\u00fdvodov\u00fdm hriade\u013eom?<\/h2>\n<\/blockquote>\n<p>[\/et_pb_text][\/et_pb_column][\/et_pb_row][et_pb_row column_structure=”1_2,1_2″ _builder_version=”4.20.4″ _module_preset=”default” collapsed=”on” global_colors_info=”{}”][et_pb_column type=”1_2″ _builder_version=”4.20.4″ _module_preset=”default” global_colors_info=”{}”][et_pb_blurb title=”1. Agricultural Land Clearing and Field Preparation” use_icon=”on” font_icon=”&#x4e;||divi||400″ icon_placement=”left” _builder_version=”4.20.4″ _module_preset=”default” global_colors_info=”{}”][\/et_pb_blurb][et_pb_blurb title=”2. Rural Road and Access Way Construction” use_icon=”on” font_icon=”&#x4e;||divi||400″ icon_placement=”left” _builder_version=”4.20.4″ _module_preset=”default” locked=”off” global_colors_info=”{}”][\/et_pb_blurb][et_pb_blurb title=”3. Small-Scale Quarrying and Aggregate Production” use_icon=”on” font_icon=”&#x4e;||divi||400″ icon_placement=”left” _builder_version=”4.20.4″ _module_preset=”default” locked=”off” global_colors_info=”{}”][\/et_pb_blurb][et_pb_blurb title=”7. Fence Line and Infrastructure Foundation Work” use_icon=”on” font_icon=”&#x4e;||divi||400″ icon_placement=”left” _builder_version=”4.20.4″ _module_preset=”default” locked=”off” global_colors_info=”{}”][\/et_pb_blurb][\/et_pb_column][et_pb_column type=”1_2″ _builder_version=”4.20.4″ _module_preset=”default” global_colors_info=”{}”][et_pb_blurb title=”4. Disaster Recovery and Debris Management” use_icon=”on” font_icon=”&#x4e;||divi||400″ icon_placement=”left” _builder_version=”4.20.4″ _module_preset=”default” locked=”off” global_colors_info=”{}”][\/et_pb_blurb][et_pb_blurb title=”5. Orchard, Vineyard, and Forestry Site Maintenance” use_icon=”on” font_icon=”&#x4e;||divi||400″ icon_placement=”left” _builder_version=”4.20.4″ _module_preset=”default” locked=”off” global_colors_info=”{}”][\/et_pb_blurb][et_pb_blurb title=”6. Small Demolition and Farm Renovation Projects” use_icon=”on” font_icon=”&#x4e;||divi||400″ icon_placement=”left” _builder_version=”4.20.4″ _module_preset=”default” locked=”off” global_colors_info=”{}”][\/et_pb_blurb][\/et_pb_column][\/et_pb_row][\/et_pb_section][et_pb_section fb_built=”1″ _builder_version=”4.20.4″ _module_preset=”default” global_colors_info=”{}”][et_pb_row column_structure=”1_2,1_2″ _builder_version=”4.20.4″ _module_preset=”default” width=”90%” max_width=”100%” global_colors_info=”{}”][et_pb_column type=”1_2″ _builder_version=”4.20.4″ _module_preset=”default” global_colors_info=”{}”][et_pb_text _builder_version=”4.20.4″ _module_preset=”default” header_2_font=”||||||||” header_2_font_size=”42px” global_colors_info=”{}”]<\/p>\n<h2><span style=\"font-weight:bold;color:blue;\">Aplik\u00e1cia v re\u00e1lnom svete:<\/span> Ako sa v r\u00e1mci projektu v\u00fdstavby region\u00e1lnych ciest pou\u017eil drvi\u010d kame\u0148a<\/h2>\n<p>[\/et_pb_text][et_pb_text _builder_version=”4.20.4″ _module_preset=”default” global_colors_info=”{}”]<\/p>\n<p>V roku 2024 dostal dod\u00e1vate\u013e stavebn\u00fdch pr\u00e1c v centr\u00e1lnom Texase za \u00falohu modernizova\u0165 24 kilometrov vidieckych okresn\u00fdch ciest. Projekt si vy\u017eadoval stabiln\u00fd pr\u00edsun vysokokvalitn\u00e9ho drven\u00e9ho kame\u0148a na podkladov\u00e9 a podkladov\u00e9 vrstvy ciest \u2013 miestne lomy v\u0161ak mali dlh\u00e9 dodacie lehoty a rast\u00face dodacie n\u00e1klady.<\/p>\n<p>Aby z\u00edskal kontrolu nad dod\u00e1vkami materi\u00e1lu a zn\u00ed\u017eil n\u00e1klady, dod\u00e1vate\u013e investoval do mobiln\u00e9ho \u010de\u013eus\u0165ov\u00e9ho drvi\u010da kame\u0148a. Z\u00edskaval dostatok v\u00e1penca z ne\u010falek\u00e9ho vy\u010disten\u00e9ho pozemku a recykloval bet\u00f3nov\u00fa sutinu zo zb\u00faran\u00fdch stavieb. Drven\u00edm t\u00fdchto materi\u00e1lov priamo na stavenisku vyrobil do troch mesiacov viac ako 12 000 ton trieden\u00e9ho kameniva.<\/p>\n<p>V\u00fdsledok?<br \/>N\u00e1klady na materi\u00e1l klesli takmer o 351 ton v porovnan\u00ed s n\u00e1kupom od extern\u00fdch dod\u00e1vate\u013eov. Harmonogramy projektov sa zlep\u0161ili v\u010faka v\u00fdrobe kameniva na po\u017eiadanie \u2013 nebolo potrebn\u00e9 \u010daka\u0165 na dod\u00e1vky n\u00e1kladn\u00fdch vozidiel. Poplatky za likvid\u00e1ciu demola\u010dn\u00e9ho odpadu boli odstr\u00e1nen\u00e9, preto\u017ee bet\u00f3n sa op\u00e4tovne pou\u017eil ako recyklovan\u00fd kamenivo.\u00a0<\/p>\n<p>[\/et_pb_text][\/et_pb_column][et_pb_column type=”1_2″ _builder_version=”4.20.4″ _module_preset=”default” global_colors_info=”{}”][et_pb_video src=”https:\/\/pto-stone-crusher.com\/wp-content\/uploads\/2025\/11\/stone-crusher.mp4″ _builder_version=”4.20.4″ _module_preset=”default” global_colors_info=”{}”][\/et_pb_video][et_pb_text _builder_version=”4.20.4″ _module_preset=”default” text_font=”|800|||||||” text_text_color=”#000000″ text_font_size=”16px” text_orientation=”center” global_colors_info=”{}”]Real-world usage examples[\/et_pb_text][\/et_pb_column][\/et_pb_row][\/et_pb_section][et_pb_section fb_built=”1″ admin_label=”Section-adv” _builder_version=”4.20.4″ _module_preset=”default” background_color=”#f2f2f2″ locked=”off” collapsed=”off” global_colors_info=”{}”][et_pb_row _builder_version=”4.20.4″ _module_preset=”default” collapsed=”off” global_colors_info=”{}”][et_pb_column type=”4_4″ _builder_version=”4.20.4″ _module_preset=”default” global_colors_info=”{}”][et_pb_text _builder_version=”4.20.4″ _module_preset=”default” header_2_font=”|800|||||||” header_2_text_align=”center” header_2_text_color=”#000000″ header_2_font_size=”42px” global_colors_info=”{}”]<\/p>\n<h2>Zobrazenie modelu produktu<\/h2>\n<p>[\/et_pb_text][\/et_pb_column][\/et_pb_row][et_pb_row column_structure=”1_2,1_2″ _builder_version=”4.20.4″ _module_preset=”default” width=”100%” max_width=”90%” collapsed=”off” global_colors_info=”{}”][et_pb_column type=”1_2″ _builder_version=”4.23.2″ _module_preset=”default” custom_padding=”20px|20px|20px|20px|true|true” border_width_all=”2px” border_color_all=”#000000″ global_colors_info=”{}”][et_pb_text _builder_version=”4.27.5″ _module_preset=”default” header_3_font=”|700|||||||” header_3_text_align=”center” global_colors_info=”{}”]<\/p>\n<h3>STONE-CRUSHER<\/h3>\n<p>[\/et_pb_text][et_pb_shop type=”product_category” posts_number=”2″ include_categories=”20″ _builder_version=”4.27.5″ _module_preset=”default” global_colors_info=”{}”][\/et_pb_shop][\/et_pb_column][et_pb_column type=”1_2″ _builder_version=”4.23.2″ _module_preset=”default” custom_padding=”20px|20px|20px|20px|true|true” border_width_all=”2px” border_color_all=”#000000″ global_colors_info=”{}”][et_pb_text _builder_version=”4.27.5″ _module_preset=”default” header_2_text_align=”center” header_3_text_align=”center” global_colors_info=”{}”]<\/p>\n<h3><strong><a class=\"row-title\" href=\"https:\/\/pto-stone-crusher.com\/wp-admin\/term.php?taxonomy=product_cat&amp;tag_ID=38&amp;post_type=product&amp;wp_http_referer=%2Fwp-admin%2Fedit-tags.php%3Ftaxonomy%3Dproduct_cat%26post_type%3Dproduct\" aria-label=\"\u201cPOTATO PLANTER\u201d (Edit)\">POTATO PLANTER<\/a><\/strong><\/h3>\n<p>[\/et_pb_text][et_pb_shop type=”product_category” posts_number=”2″ include_categories=”38″ _builder_version=”4.27.5″ _module_preset=”default” global_colors_info=”{}”][\/et_pb_shop][\/et_pb_column][\/et_pb_row][et_pb_row _builder_version=”4.20.4″ _module_preset=”default” global_colors_info=”{}”][et_pb_column type=”4_4″ _builder_version=”4.20.4″ _module_preset=”default” global_colors_info=”{}”][et_pb_button button_url=”https:\/\/pto-stone-crusher.com\/products\/” button_text=”Product Categories” button_alignment=”center” _builder_version=”4.27.5″ _module_preset=”default” custom_button=”on” button_text_size=”22px” button_text_color=”#FFFFFF” button_bg_color=”#000000″ hover_enabled=”0″ global_colors_info=”{}” sticky_enabled=”0″][\/et_pb_button][\/et_pb_column][\/et_pb_row][\/et_pb_section][et_pb_section fb_built=”1″ admin_label=”Feature” _builder_version=”4.20.4″ _module_preset=”default” overflow-x=”hidden” overflow-y=”hidden” locked=”off” collapsed=”off” global_colors_info=”{}”][et_pb_row column_structure=”1_2,1_2″ _builder_version=”4.20.4″ _module_preset=”default” max_width=”100%” global_colors_info=”{}”][et_pb_column type=”1_2″ _builder_version=”4.23.2″ _module_preset=”default” custom_padding=”10%||10%||true|false” global_colors_info=”{}”][et_pb_text _builder_version=”4.20.4″ _module_preset=”9f4a8092-7f16-451a-b3a9-ec915b51fe0d” header_2_text_color=”#000000″ header_2_font_size=”42px” custom_margin=”||10px||false|false” global_colors_info=”{}”]<\/p>\n<h2>DRVI\u010c KAME\u0147A S V\u00ddVODOV\u00ddM HNAC\u00cdM DROOM<\/h2>\n<p>[\/et_pb_text][et_pb_text _builder_version=”4.20.4″ _module_preset=”a3ae43d2-4ca3-4052-a30c-f8e83a9563d3″ global_colors_info=”{}”]<\/p>\n<p>Ak sa na va\u0161om pozemku nach\u00e1dza povrchov\u00e1 hornina, zvy\u0161ky bet\u00f3nu alebo rozpt\u00fdlen\u00fd odpad, ich odstr\u00e1nenie alebo op\u00e4tovn\u00e9 vyu\u017eitie by nemalo vy\u017eadova\u0165 pren\u00e1jom \u0165a\u017ek\u00fdch strojov ani najatie externej pomoci. Drvi\u010d kame\u0148a s v\u00fdvodov\u00fdm hriade\u013eom v\u00e1m umo\u017e\u0148uje manipulova\u0165 s t\u00fdmito materi\u00e1lmi priamo na mieste pomocou traktora, ktor\u00fd u\u017e vlastn\u00edte. Nie je to len pohodln\u00e9 \u2013 je to aj n\u00e1stroj na \u00fasporu n\u00e1kladov pri be\u017enom hospod\u00e1ren\u00ed s p\u00f4dou. Medzi be\u017en\u00e9 pou\u017eitia patr\u00ed drvenie po\u013en\u00e9ho kame\u0148a na zlep\u0161enie pastv\u00edn, recykl\u00e1cia star\u00e9ho \u0161trku pr\u00edjazdov\u00fdch ciest, pr\u00edprava podkladu pre pr\u00edstre\u0161ky alebo oplotenie a odstra\u0148ovanie zvy\u0161kov stavieb po mal\u00fdch stavb\u00e1ch.\u00a0<\/p>\n<p>[\/et_pb_text][et_pb_button button_url=”https:\/\/pto-stone-crusher.com\/contact-us” button_text=”Contact us” _builder_version=”4.20.4″ _module_preset=”cc7c42d0-2980-47ef-8cfc-68bda31da5b7″ button_text_size=”18px” button_border_radius=”10px” hover_enabled=”0″ global_colors_info=”{}” sticky_enabled=”0″][\/et_pb_button][\/et_pb_column][et_pb_column type=”1_2″ _builder_version=”4.23.2″ _module_preset=”default” global_colors_info=”{}”][et_pb_image src=”https:\/\/pto-stone-crusher.com\/wp-content\/uploads\/2025\/11\/pto-stone-crusher-show-.webp” alt=”pto stone crusher” title_text=”pto stone crusher-show” _builder_version=”4.20.4″ _module_preset=”default” custom_margin=”20%||||false|false” global_colors_info=”{}”][\/et_pb_image][\/et_pb_column][\/et_pb_row][et_pb_row column_structure=”1_2,1_2″ _builder_version=”4.20.4″ _module_preset=”default” max_width=”100%” global_colors_info=”{}”][et_pb_column type=”1_2″ _builder_version=”4.20.4″ _module_preset=”default” global_colors_info=”{}”][et_pb_image src=”https:\/\/pto-stone-crusher.com\/wp-content\/uploads\/2025\/11\/pto-stone-crusher-show2-.webp” alt=”pto stone crusher” title_text=”pto stone crusher-show2″ _builder_version=”4.20.4″ _module_preset=”default” global_colors_info=”{}”][\/et_pb_image][\/et_pb_column][et_pb_column type=”1_2″ _builder_version=”4.20.4″ _module_preset=”default” global_colors_info=”{}”][et_pb_text _builder_version=”4.20.4″ _module_preset=”default” text_font_size=”16px” custom_padding=”25%||||false|false” global_colors_info=”{}”]<\/p>\n<p>Hodnota drvi\u010da kame\u0148a PTO spo\u010d\u00edva v jeho schopnosti odol\u00e1va\u0165 opakovan\u00e9mu intenz\u00edvnemu pou\u017e\u00edvaniu \u2013 a na\u0161a jednotka je skon\u0161truovan\u00e1 \u0161peci\u00e1lne pre dlhotrvaj\u00facu spo\u013eahlivos\u0165 v n\u00e1ro\u010dn\u00fdch re\u00e1lnych podmienkach. Tento n\u00e1stroj je navrhnut\u00fd tak, aby spracov\u00e1val abraz\u00edvne materi\u00e1ly, ako je po\u013en\u00fd kame\u0148, v\u00e1penec a demola\u010dn\u00e1 sutina, bez toho, aby sa \u010dasom zn\u00ed\u017eil jeho v\u00fdkon.<\/p>\n<p>Ka\u017ed\u00fd kritick\u00fd komponent je vybran\u00fd s oh\u013eadom na odolnos\u0165: puzdro z hrubej ocele odol\u00e1va n\u00e1razom a opotrebovaniu, vymenite\u013en\u00e9 kladiv\u00e1 z kalenej ocele si zachov\u00e1vaj\u00fa \u00fa\u010dinnos\u0165 drvenia po\u010das stoviek hod\u00edn pou\u017e\u00edvania a prevodovka s vysokou odolnos\u0165ou je utesnen\u00e1, aby sa zabr\u00e1nilo vniknutiu prachu a ne\u010dist\u00f4t. Na rozdiel od \u013eah\u0161\u00edch alternat\u00edv je n\u00e1\u0161 drvi\u010d kame\u0148a s v\u00fdvodov\u00fdm hriade\u013eom skon\u0161truovan\u00fd tak, aby odolal vibr\u00e1ci\u00e1m a nam\u00e1haniu ka\u017edodenn\u00fdch po\u013enohospod\u00e1rskych, krajin\u00e1rskych a mal\u00fdch stavebn\u00fdch \u00faloh \u2013 od \u010distenia p\u00f4dy a vyrovn\u00e1vania pastv\u00edn a\u017e po pr\u00edpravu podkladu vidieckych ciest.<\/p>\n<p>[\/et_pb_text][et_pb_button button_url=”https:\/\/pto-stone-crusher.com\/about-us” button_text=”ABOUT US” _builder_version=”4.27.5″ _module_preset=”default” custom_button=”on” button_text_size=”30px” hover_enabled=”0″ global_colors_info=”{}” sticky_enabled=”0″][\/et_pb_button][\/et_pb_column][\/et_pb_row][\/et_pb_section][et_pb_section fb_built=”1″ _builder_version=”4.20.4″ _module_preset=”default” global_colors_info=”{}”][et_pb_row _builder_version=”4.20.4″ _module_preset=”default” global_colors_info=”{}”][et_pb_column type=”4_4″ _builder_version=”4.20.4″ _module_preset=”default” global_colors_info=”{}”][et_pb_text _builder_version=”4.20.4″ _module_preset=”default” header_2_font=”|800|||||||” header_2_text_color=”#000000″ header_2_font_size=”50px” global_colors_info=”{}”]<\/p>\n<h2>\u010casto kladen\u00e9 ot\u00e1zky:<\/h2>\n<p>[\/et_pb_text][et_pb_accordion _builder_version=”4.27.5″ _module_preset=”default” hover_enabled=”0″ global_colors_info=”{}” sticky_enabled=”0″][et_pb_accordion_item title=”Q1. Has it passed international standard testing?” open=”on” _builder_version=”4.27.5″ _module_preset=”default” hover_enabled=”0″ global_colors_info=”{}” toggle_level=”h3″ toggle_font=”|700|||||||” sticky_enabled=”0″]<\/p>\n<p>A1. We have passed the ISO9001 Quality Management System Certification,Grade A certification for the Integration of Informatization and Industrialization,SGS Verified Manufacturer.<\/p>\n<p>[\/et_pb_accordion_item][et_pb_accordion_item title=”Q2. What are the product categories?” _builder_version=”4.27.5″ _module_preset=”default” hover_enabled=”0″ global_colors_info=”{}” toggle_level=”h3″ toggle_font=”|700|||||||” open=”off” sticky_enabled=”0″]<\/p>\n<p>A2. We own <span data-type=\"text\">hrable na kamene, zbera\u010de kame\u0148ov, rota\u010dn\u00e9 kultiv\u00e1tory, mul\u010dova\u010de\/drvi\u010de kame\u0148ov, stroje na zemiaky, br\u00e1zdi\u010de zemiakov, hnojiv\u00e1, rota\u010dn\u00fd kultiv\u00e1tor, sadzba zemiakov, vyor\u00e1va\u010de zemiakov, 2-radov\u00fd vyor\u00e1va\u010d zemiakov, \u0165ahan\u00e9 vyor\u00e1va\u010de zemiakov, 2-radov\u00fd \u0165ahan\u00fd vyor\u00e1va\u010d zemiakov, 4-radov\u00fd \u0165ahan\u00fd vyor\u00e1va\u010d zemiakov, zber zemiakov do ve\u013ek\u00fdch vriec, zber zemiakov - 2 riadky, stroje pre hospod\u00e1rske zvierat\u00e1 a tak \u010falej.<\/span><\/p>\n<p>[\/et_pb_accordion_item][et_pb_accordion_item title=”Q3. What is a stone crusher and what does it do?” _builder_version=”4.27.5″ _module_preset=”default” hover_enabled=”0″ global_colors_info=”{}” toggle_level=”h3″ toggle_font=”|700|||||||” open=”off” sticky_enabled=”0″]<\/p>\n<p>A3. A stone crusher is a piece of heavy machinery designed to break down large rocks into smaller sizes for various applications, such as road construction, concrete production, and mining. It processes materials like limestone, granite, basalt, and recycled concrete.<\/p>\n<p>[\/et_pb_accordion_item][et_pb_accordion_item title=”Q4. What factors should I consider when choosing a stone crusher?” _builder_version=”4.27.5″ _module_preset=”default” hover_enabled=”0″ global_colors_info=”{}” toggle_level=”h3″ toggle_font=”|700|||||||” open=”off” sticky_enabled=”0″]<\/p>\n<p>A4. Key considerations include the type of material to be crushed, desired output size, capacity requirements, mobility needs, and budget constraints. Additionally, reliability and after-sales support from the stone crusher supplier are important.<\/p>\n<p>[\/et_pb_accordion_item][\/et_pb_accordion][\/et_pb_column][\/et_pb_row][\/et_pb_section]<\/p>","protected":false},"excerpt":{"rendered":"<p>pto stone crusherPTO STONE CRUSHERProvide high-quality solutions for the development of farmland and forest areas.PTO STONE CRUSHERAs a trusted pto stone crusher manufacturer and supplier, we prioritize structural integrity in every design. The reinforced frame minimizes flexing during heavy loads, while corrosion-resistant finishes protect against outdoor elements like moisture and dust. This focus on durability [&hellip;]<\/p>","protected":false},"author":1,"featured_media":0,"parent":0,"menu_order":0,"comment_status":"closed","ping_status":"closed","template":"","meta":{"_et_pb_use_builder":"on","_et_pb_old_content":"","_et_gb_content_width":"","footnotes":""},"class_list":["post-158","page","type-page","status-publish","hentry"],"_links":{"self":[{"href":"https:\/\/pto-stone-crusher.com\/sk\/wp-json\/wp\/v2\/pages\/158","targetHints":{"allow":["GET"]}}],"collection":[{"href":"https:\/\/pto-stone-crusher.com\/sk\/wp-json\/wp\/v2\/pages"}],"about":[{"href":"https:\/\/pto-stone-crusher.com\/sk\/wp-json\/wp\/v2\/types\/page"}],"author":[{"embeddable":true,"href":"https:\/\/pto-stone-crusher.com\/sk\/wp-json\/wp\/v2\/users\/1"}],"replies":[{"embeddable":true,"href":"https:\/\/pto-stone-crusher.com\/sk\/wp-json\/wp\/v2\/comments?post=158"}],"version-history":[{"count":21,"href":"https:\/\/pto-stone-crusher.com\/sk\/wp-json\/wp\/v2\/pages\/158\/revisions"}],"predecessor-version":[{"id":494,"href":"https:\/\/pto-stone-crusher.com\/sk\/wp-json\/wp\/v2\/pages\/158\/revisions\/494"}],"wp:attachment":[{"href":"https:\/\/pto-stone-crusher.com\/sk\/wp-json\/wp\/v2\/media?parent=158"}],"curies":[{"name":"wp","href":"https:\/\/api.w.org\/{rel}","templated":true}]}}