{"id":188,"date":"2025-11-14T07:28:34","date_gmt":"2025-11-14T07:28:34","guid":{"rendered":"https:\/\/pto-stone-crusher.com\/?page_id=188"},"modified":"2025-11-14T07:34:20","modified_gmt":"2025-11-14T07:34:20","slug":"%d0%be-%d0%bd%d0%b0%d1%81","status":"publish","type":"page","link":"https:\/\/pto-stone-crusher.com\/ru\/%d0%be-%d0%bd%d0%b0%d1%81\/","title":{"rendered":"\u041e \u043d\u0430\u0441"},"content":{"rendered":"<p>[et_pb_section fb_built=”1″ admin_label=”Community” _builder_version=”4.23.2″ _module_preset=”default” locked=”off” collapsed=”off” global_colors_info=”{}”][et_pb_row _builder_version=”4.24.2″ _module_preset=”default” locked=”off” global_colors_info=”{}”][et_pb_column type=”4_4″ _builder_version=”4.23.2″ _module_preset=”default” global_colors_info=”{}”][et_pb_text _builder_version=”4.20.4″ _module_preset=”1ab0d0bc-d290-4b5d-8d48-c5d462eb61bb” header_text_color=”gcid-0a70bcaa-1736-40e0-9723-4fb88b8b6694″ text_orientation=”center” global_colors_info=”{%22gcid-0a70bcaa-1736-40e0-9723-4fb88b8b6694%22:%91%22header_text_color%22%93}”]<\/p>\n<h1>\u041e \u041d\u0410\u0421<\/h1>\n<p>[\/et_pb_text][et_pb_text _builder_version=”4.20.4″ _module_preset=”default” text_font=”|300|||||||” text_font_size=”18px” max_width=”75%” module_alignment=”center” global_colors_info=”{}”]<\/p>\n<p>\u0421 1970 \u0433\u043e\u0434\u0430 \u043a\u043e\u043c\u043f\u0430\u043d\u0438\u044f Watanabe \u043f\u0440\u0438\u0434\u0435\u0440\u0436\u0438\u0432\u0430\u0435\u0442\u0441\u044f \u043f\u0440\u043e\u0438\u0437\u0432\u043e\u0434\u0441\u0442\u0432\u0435\u043d\u043d\u043e\u0439 \u0444\u0438\u043b\u043e\u0441\u043e\u0444\u0438\u0438 \u0431\u0435\u0440\u0435\u0436\u043d\u043e\u0433\u043e \u043e\u0442\u043d\u043e\u0448\u0435\u043d\u0438\u044f \u043a \u043f\u0440\u0438\u0440\u043e\u0434\u0435, \u043d\u0430\u043f\u0440\u0430\u0432\u043b\u044f\u044f \u0443\u0441\u0438\u043b\u0438\u044f \u043d\u0430 \u0440\u0430\u0446\u0438\u043e\u043d\u0430\u043b\u044c\u043d\u043e\u0435 \u0438\u0441\u043f\u043e\u043b\u044c\u0437\u043e\u0432\u0430\u043d\u0438\u0435 \u0438 \u043e\u0442\u0432\u0435\u0442\u0441\u0442\u0432\u0435\u043d\u043d\u043e\u0435 \u043f\u0440\u0435\u043e\u0431\u0440\u0430\u0437\u043e\u0432\u0430\u043d\u0438\u0435 \u0437\u0435\u043c\u0435\u043b\u044c.<\/p>\n<p>[\/et_pb_text][\/et_pb_column][\/et_pb_row][et_pb_row _builder_version=”4.23.2″ _module_preset=”default” global_colors_info=”{}”][et_pb_column type=”4_4″ _builder_version=”4.23.2″ _module_preset=”default” global_colors_info=”{}”][et_pb_video src=”https:\/\/pto-stone-crusher.com\/wp-content\/uploads\/2025\/11\/watanabe.mp4″ _builder_version=”4.20.4″ _module_preset=”default” hover_enabled=”0″ global_colors_info=”{}” title_text=”watanabe” sticky_enabled=”0″][\/et_pb_video][\/et_pb_column][\/et_pb_row][\/et_pb_section][et_pb_section fb_built=”1″ admin_label=”About” _builder_version=”4.23.2″ _module_preset=”default” locked=”off” collapsed=”off” global_colors_info=”{}”][et_pb_row _builder_version=”4.20.4″ _module_preset=”default” global_colors_info=”{}”][et_pb_column type=”4_4″ _builder_version=”4.20.4″ _module_preset=”default” global_colors_info=”{}”][et_pb_text _builder_version=”4.20.4″ _module_preset=”8f3dd08b-02db-4402-bda0-d18458289706″ header_2_font=”|800||on|||||” header_2_text_align=”center” header_2_text_color=”#000000″ header_2_font_size=”100px” header_2_letter_spacing=”3px” header_2_line_height=”1.7em” custom_margin=”||0px||false|false” global_colors_info=”{}”]<\/p>\n<h2>\u041d\u0430\u0448\u0430 \u0438\u0441\u0442\u043e\u0440\u0438\u044f \u0432\u0441\u0435 \u0435\u0449\u0435 \u043f\u0438\u0448\u0435\u0442\u0441\u044f.<\/h2>\n<p>[\/et_pb_text][\/et_pb_column][\/et_pb_row][et_pb_row column_structure=”1_2,1_2″ _builder_version=”4.20.4″ _module_preset=”default” global_colors_info=”{}”][et_pb_column type=”1_2″ _builder_version=”4.23.2″ _module_preset=”default” global_colors_info=”{}”][et_pb_text _builder_version=”4.20.4″ _module_preset=”8065643d-41e0-4991-b14e-c95e161ff78f” header_2_font_size=”30px” custom_margin=”||10px||false|false” global_colors_info=”{}”]<\/p>\n<h2>\u0411\u043e\u043b\u0435\u0435 \u043f\u044f\u0442\u0438 \u0434\u0435\u0441\u044f\u0442\u0438\u043b\u0435\u0442\u0438\u0439 \u043d\u0430\u0434\u0435\u0436\u043d\u043e\u0433\u043e \u0441\u043e\u0442\u0440\u0443\u0434\u043d\u0438\u0447\u0435\u0441\u0442\u0432\u0430 \u0441 \u043f\u0440\u043e\u0444\u0435\u0441\u0441\u0438\u043e\u043d\u0430\u043b\u0430\u043c\u0438 \u0441\u0435\u043b\u044c\u0441\u043a\u043e\u0433\u043e \u0445\u043e\u0437\u044f\u0439\u0441\u0442\u0432\u0430<\/h2>\n<p>[\/et_pb_text][et_pb_text _builder_version=”4.20.4″ _module_preset=”default” global_colors_info=”{}”]<\/p>\n<div class=\"auto-hide-last-sibling-br paragraph-pP9ZLC paragraph-element br-paragraph-space\">\u0412 1970 \u0433\u043e\u0434\u0443 \u0433-\u043d \u0425\u0438\u0442\u043e\u0441\u0438 \u0412\u0430\u0442\u0430\u043d\u0430\u0431\u044d \u043d\u0430\u0447\u0430\u043b \u0441\u0432\u043e\u044e \u0434\u0435\u044f\u0442\u0435\u043b\u044c\u043d\u043e\u0441\u0442\u044c \u0432 \u041a\u0430\u0441\u0442\u0440\u043e (\u0448\u0442\u0430\u0442 \u0418\u043d\u0434\u0438\u0430\u043d\u0430) \u0432 \u043a\u0430\u0447\u0435\u0441\u0442\u0432\u0435 \u0430\u0432\u0442\u043e\u0440\u0438\u0437\u043e\u0432\u0430\u043d\u043d\u043e\u0433\u043e \u0434\u0438\u0441\u0442\u0440\u0438\u0431\u044c\u044e\u0442\u043e\u0440\u0430 \u043e\u043f\u0440\u044b\u0441\u043a\u0438\u0432\u0430\u0442\u0435\u043b\u0435\u0439 Hatsuta. \u041f\u043e\u0434\u0434\u0435\u0440\u0436\u0438\u0432\u0430\u044f \u043f\u043e\u0441\u0442\u043e\u044f\u043d\u043d\u043e\u0435 \u0432\u0437\u0430\u0438\u043c\u043e\u0434\u0435\u0439\u0441\u0442\u0432\u0438\u0435 \u0441 \u043c\u0435\u0441\u0442\u043d\u044b\u043c\u0438 \u0444\u0435\u0440\u043c\u0435\u0440\u0430\u043c\u0438, \u043e\u043d \u0433\u043b\u0443\u0431\u043e\u043a\u043e \u0438\u0437\u0443\u0447\u0438\u043b \u0438\u0445 \u043f\u0440\u0430\u043a\u0442\u0438\u0447\u0435\u0441\u043a\u0438\u0435 \u043f\u043e\u0442\u0440\u0435\u0431\u043d\u043e\u0441\u0442\u0438, \u0447\u0442\u043e \u043f\u0440\u0438\u0432\u0435\u043b\u043e \u0435\u0433\u043e \u043a \u0440\u0430\u0437\u0440\u0430\u0431\u043e\u0442\u043a\u0435 \u043f\u0435\u0440\u0432\u043e\u0433\u043e \u0434\u0432\u0443\u0445\u0440\u044f\u0434\u043d\u043e\u0433\u043e \u043a\u0430\u0440\u0442\u043e\u0444\u0435\u043b\u0435\u0443\u0431\u043e\u0440\u043e\u0447\u043d\u043e\u0433\u043e \u043a\u043e\u043c\u0431\u0430\u0439\u043d\u0430.<\/div>\n<div class=\"auto-hide-last-sibling-br paragraph-pP9ZLC paragraph-element br-paragraph-space\">\u0411\u043b\u0430\u0433\u043e\u0434\u0430\u0440\u044f \u043e\u0448\u0435\u043b\u043e\u043c\u0438\u0442\u0435\u043b\u044c\u043d\u043e\u043c\u0443 \u0443\u0441\u043f\u0435\u0445\u0443 \u044d\u0442\u043e\u0433\u043e \u043e\u0431\u043e\u0440\u0443\u0434\u043e\u0432\u0430\u043d\u0438\u044f \u0438 \u0440\u0430\u0441\u0442\u0443\u0449\u0435\u043c\u0443 \u0441\u043f\u0440\u043e\u0441\u0443 \u043d\u0430 \u0440\u044b\u043d\u043a\u0435, \u0432 1976 \u0433\u043e\u0434\u0443 \u0431\u044b\u043b\u0430 \u043e\u0441\u043d\u043e\u0432\u0430\u043d\u0430 \u043a\u043e\u043c\u043f\u0430\u043d\u0438\u044f Hitoshi Watanabe Agricultural Machinery Factory, \u0441\u043f\u0435\u0446\u0438\u0430\u043b\u0438\u0437\u0438\u0440\u0443\u044e\u0449\u0430\u044f\u0441\u044f \u043d\u0430 \u043f\u0440\u043e\u0438\u0437\u0432\u043e\u0434\u0441\u0442\u0432\u0435 \u043e\u0431\u043e\u0440\u0443\u0434\u043e\u0432\u0430\u043d\u0438\u044f \u0434\u043b\u044f \u043e\u0431\u0440\u0430\u0431\u043e\u0442\u043a\u0438 \u043a\u0430\u0440\u0442\u043e\u0444\u0435\u043b\u044f. \u041f\u043e\u0441\u043b\u0435 \u0441\u0432\u043e\u0435\u0439 \u0441\u043c\u0435\u0440\u0442\u0438 \u0432 1983 \u0433\u043e\u0434\u0443 \u0433-\u043d \u0412\u0430\u0442\u0430\u043d\u0430\u0431\u044d \u0437\u0430\u0432\u0435\u0449\u0430\u043b \u0441\u0432\u043e\u0439 \u0431\u0438\u0437\u043d\u0435\u0441 \u0436\u0435\u043d\u0435 \u0438 \u0434\u0435\u0442\u044f\u043c, \u043a\u043e\u0442\u043e\u0440\u044b\u0435 \u0441\u0442\u0430\u043b\u0438 \u0435\u0433\u043e \u043f\u0440\u0435\u0435\u043c\u043d\u0438\u043a\u0430\u043c\u0438.<\/div>\n<div class=\"auto-hide-last-sibling-br paragraph-pP9ZLC paragraph-element br-paragraph-space\">\u0412 1984 \u0433\u043e\u0434\u0443 \u043a\u043e\u043c\u043f\u0430\u043d\u0438\u044f \u0431\u044b\u043b\u0430 \u043f\u0435\u0440\u0435\u0438\u043c\u0435\u043d\u043e\u0432\u0430\u043d\u0430 \u0432 Watanabe M\u00e1quinas Agr\u00edcolas Ind\u00fastria e Com\u00e9rcio Ltda. \u041e\u043f\u0438\u0440\u0430\u044f\u0441\u044c \u043d\u0430 \u0441\u0432\u043e\u0439 \u043e\u043f\u044b\u0442 \u0432 \u043a\u0430\u0440\u0442\u043e\u0444\u0435\u043b\u044c\u043d\u043e\u043c \u0441\u0435\u043a\u0442\u043e\u0440\u0435, \u043a\u043e\u043c\u043f\u0430\u043d\u0438\u044f \u043f\u0440\u043e\u0434\u043e\u043b\u0436\u0430\u043b\u0430 \u0432\u043d\u0435\u0434\u0440\u044f\u0442\u044c \u0438\u043d\u043d\u043e\u0432\u0430\u0446\u0438\u0438, \u0440\u0430\u0437\u0440\u0430\u0431\u0430\u0442\u044b\u0432\u0430\u044f \u043d\u043e\u0432\u044b\u0435 \u043f\u0440\u043e\u0434\u0443\u043a\u0442\u044b, \u0430\u0434\u0430\u043f\u0442\u0438\u0440\u043e\u0432\u0430\u043d\u043d\u044b\u0435 \u043a \u044d\u0442\u043e\u043c\u0443 \u0440\u044b\u043d\u043a\u0443, \u0430 \u0442\u0430\u043a\u0436\u0435 \u0440\u0430\u0441\u0448\u0438\u0440\u044f\u0442\u044c \u0441\u0432\u043e\u044e \u0434\u0435\u044f\u0442\u0435\u043b\u044c\u043d\u043e\u0441\u0442\u044c \u0432 \u0434\u0440\u0443\u0433\u0438\u0445 \u0441\u0435\u0433\u043c\u0435\u043d\u0442\u0430\u0445: \u0445\u043b\u043e\u043f\u043e\u043a, \u0441\u0430\u0445\u0430\u0440\u043d\u044b\u0439 \u0442\u0440\u043e\u0441\u0442\u043d\u0438\u043a, \u043b\u0435\u0441\u043d\u043e\u0435 \u0445\u043e\u0437\u044f\u0439\u0441\u0442\u0432\u043e, \u043f\u043e\u0434\u0433\u043e\u0442\u043e\u0432\u043a\u0430 \u043f\u043e\u0447\u0432\u044b, \u0430 \u0442\u0430\u043a\u0436\u0435 \u043e\u0431\u043e\u0440\u0443\u0434\u043e\u0432\u0430\u043d\u0438\u0435 \u0434\u043b\u044f \u043e\u0431\u0440\u0430\u0431\u043e\u0442\u043a\u0438 \u0438 \u0445\u0440\u0430\u043d\u0435\u043d\u0438\u044f \u043c\u0430\u0442\u0435\u0440\u0438\u0430\u043b\u043e\u0432.<\/div>\n<p>[\/et_pb_text][et_pb_button button_text=”GET MORE” _builder_version=”4.20.4″ _module_preset=”5444a11f-e24f-4df2-9baf-c4ea5c6ae058″ global_colors_info=”{}”][\/et_pb_button][\/et_pb_column][et_pb_column type=”1_2″ _builder_version=”4.23.2″ _module_preset=”default” global_colors_info=”{}”][et_pb_image src=”https:\/\/pto-stone-crusher.com\/wp-content\/uploads\/2025\/11\/watanabe-about.webp” alt=”pto stoene crusher<br \/>\n-about” title_text=”watanabe-about” _builder_version=”4.20.4″ _module_preset=”default” global_colors_info=”{}”][\/et_pb_image][\/et_pb_column][\/et_pb_row][et_pb_row column_structure=”1_2,1_2″ _builder_version=”4.20.4″ _module_preset=”default” global_colors_info=”{}”][et_pb_column type=”1_2″ _builder_version=”4.20.4″ _module_preset=”default” global_colors_info=”{}”][et_pb_text _builder_version=”4.20.4″ _module_preset=”default” text_font=”|800|||on|||#000000|” text_text_color=”#000000″ text_font_size=”85px” text_letter_spacing=”12px” text_line_height=”1.6em” quote_font=”|800|||||||” text_orientation=”center” global_colors_info=”{}”]<\/p>\n<blockquote>\n<p>\u0418<\/p>\n<p>\u0421\u0415\u0419\u0427\u0410\u0421<\/p>\n<\/blockquote>\n<p>[\/et_pb_text][\/et_pb_column][et_pb_column type=”1_2″ _builder_version=”4.20.4″ _module_preset=”default” global_colors_info=”{}”][et_pb_text _builder_version=”4.20.4″ _module_preset=”default” global_colors_info=”{}”]<\/p>\n<p>\u041e\u043f\u0438\u0440\u0430\u044f\u0441\u044c \u043d\u0430 \u0442\u0440\u0430\u0434\u0438\u0446\u0438\u0438 \u0438\u043d\u043d\u043e\u0432\u0430\u0446\u0438\u0439 \u0438 \u043a\u043b\u0438\u0435\u043d\u0442\u043e\u043e\u0440\u0438\u0435\u043d\u0442\u0438\u0440\u043e\u0432\u0430\u043d\u043d\u043e\u0441\u0442\u0438, \u043a\u043e\u043c\u043f\u0430\u043d\u0438\u044f Watanabe \u0440\u0430\u0441\u0448\u0438\u0440\u0438\u043b\u0430 \u0441\u0432\u043e\u0439 \u0430\u0441\u0441\u043e\u0440\u0442\u0438\u043c\u0435\u043d\u0442 \u043f\u0440\u043e\u0434\u0443\u043a\u0446\u0438\u0438, \u0432\u043a\u043b\u044e\u0447\u0438\u0432 \u0432 \u043d\u0435\u0433\u043e \u043f\u043e\u043b\u043d\u044b\u0439 \u0441\u043f\u0435\u043a\u0442\u0440 \u0440\u0435\u0448\u0435\u043d\u0438\u0439 \u0434\u043b\u044f \u0441\u0435\u043b\u044c\u0441\u043a\u043e\u0433\u043e \u0445\u043e\u0437\u044f\u0439\u0441\u0442\u0432\u0430 \u0438 \u043f\u0435\u0440\u0435\u0440\u0430\u0431\u043e\u0442\u043a\u0438 \u043c\u0430\u0442\u0435\u0440\u0438\u0430\u043b\u043e\u0432.<\/p>\n<p>\u0421\u0435\u0433\u043e\u0434\u043d\u044f \u043d\u0430\u0448\u0435 \u043f\u0440\u0435\u0434\u043b\u043e\u0436\u0435\u043d\u0438\u0435 \u0432\u043a\u043b\u044e\u0447\u0430\u0435\u0442:<\/p>\n<p>1.<strong>\u043a\u0430\u043c\u0435\u043d\u043d\u044b\u0435 \u0433\u0440\u0430\u0431\u043b\u0438<\/strong>, 2.<strong>\u0441\u0431\u043e\u0440\u0449\u0438\u043a\u0438 \u043a\u0430\u043c\u043d\u0435\u0439<\/strong>, 3.<strong>\u0440\u043e\u0442\u0430\u0432\u0430\u0442\u043e\u0440<\/strong>\uff0c4.<strong>\u043c\u0443\u043b\u044c\u0447\u0435\u0440\u044b\/\u043a\u0430\u043c\u043d\u0435\u0434\u0440\u043e\u0431\u0438\u043b\u043a\u0438<\/strong>, 5.<strong>\u043a\u0430\u0440\u0442\u043e\u0444\u0435\u043b\u044c\u043d\u0430\u044f \u0442\u0435\u0445\u043d\u0438\u043a\u0430<\/strong>, 6.<strong>\u043a\u0430\u0440\u0442\u043e\u0444\u0435\u043b\u0435\u043a\u043e\u043f\u0430\u043b\u043a\u0430<\/strong>, 7.<strong>\u0443\u0434\u043e\u0431\u0440\u0435\u043d\u0438\u044f<\/strong>, 8.<strong>\u0440\u043e\u0442\u043e\u0440\u043d\u044b\u0439 \u043a\u0443\u043b\u044c\u0442\u0438\u0432\u0430\u0442\u043e\u0440<\/strong>, 9.<strong>\u043a\u0430\u0440\u0442\u043e\u0444\u0435\u043b\u0435\u0441\u0430\u0436\u0430\u043b\u043a\u0430<\/strong>, 10.<strong>\u043a\u0430\u0440\u0442\u043e\u0444\u0435\u043b\u0435\u043a\u043e\u043f\u0430\u0442\u0435\u043b\u0438<\/strong>, 11.<strong>\u043a\u0430\u0440\u0442\u043e\u0444\u0435\u043b\u0435\u043a\u043e\u043f\u0430\u043b\u043a\u0430 2 \u0440\u044f\u0434\u0430<\/strong>, 12.<strong>\u043a\u0430\u0440\u0442\u043e\u0444\u0435\u043b\u0435\u043a\u043e\u043f\u0430\u043b\u043a\u0438 \u043f\u0440\u0438\u0446\u0435\u043f\u043d\u044b\u0435<\/strong>, 13.<strong>\u043a\u0430\u0440\u0442\u043e\u0444\u0435\u043b\u0435\u043a\u043e\u043f\u0430\u043b\u043a\u0430 2-\u0445 \u0440\u044f\u0434\u043d\u0430\u044f \u2013 \u043f\u0440\u0438\u0446\u0435\u043f\u043d\u0430\u044f<\/strong>, 14.<strong>\u043a\u0430\u0440\u0442\u043e\u0444\u0435\u043b\u0435\u043a\u043e\u043f\u0430\u043b\u043a\u0430 4-\u0445 \u0440\u044f\u0434\u043d\u0430\u044f \u2013 \u043f\u0440\u0438\u0446\u0435\u043f\u043d\u0430\u044f<\/strong>, 15.<strong>\u0441\u0431\u043e\u0440 \u043a\u0430\u0440\u0442\u043e\u0444\u0435\u043b\u044f \u0434\u043b\u044f \u0431\u043e\u043b\u044c\u0448\u0438\u0445 \u043c\u0435\u0448\u043a\u043e\u0432<\/strong>, 16.<strong>\u0443\u0431\u043e\u0440\u043a\u0430 \u043a\u0430\u0440\u0442\u043e\u0444\u0435\u043b\u044f - 2 \u0440\u044f\u0434\u0430<\/strong>, 17.<strong>\u0436\u0438\u0432\u043e\u0442\u043d\u043e\u0432\u043e\u0434\u0447\u0435\u0441\u043a\u0430\u044f \u0442\u0435\u0445\u043d\u0438\u043a\u0430<\/strong> \u0438 \u0442\u0430\u043a \u0434\u0430\u043b\u0435\u0435, \u0441\u0440\u0435\u0434\u0438 \u0434\u0440\u0443\u0433\u0438\u0445 \u043d\u0435\u043e\u0431\u0445\u043e\u0434\u0438\u043c\u044b\u0445 \u0438\u043d\u0441\u0442\u0440\u0443\u043c\u0435\u043d\u0442\u043e\u0432. \u041c\u044b \u043f\u043e\u0441\u0442\u043e\u044f\u043d\u043d\u043e \u043f\u0440\u0438\u0441\u043b\u0443\u0448\u0438\u0432\u0430\u0435\u043c\u0441\u044f \u043a \u043c\u0435\u043d\u044f\u044e\u0449\u0438\u043c\u0441\u044f \u043f\u043e\u0442\u0440\u0435\u0431\u043d\u043e\u0441\u0442\u044f\u043c \u0441\u043f\u0435\u0446\u0438\u0430\u043b\u0438\u0441\u0442\u043e\u0432 \u0441\u0435\u043b\u044c\u0441\u043a\u043e\u0445\u043e\u0437\u044f\u0439\u0441\u0442\u0432\u0435\u043d\u043d\u043e\u0439 \u043e\u0442\u0440\u0430\u0441\u043b\u0438 \u043f\u043e \u0432\u0441\u0435\u043c\u0443 \u043c\u0438\u0440\u0443 \u0438 \u043f\u043e\u0441\u0442\u043e\u044f\u043d\u043d\u043e \u043f\u043e\u043f\u043e\u043b\u043d\u044f\u0435\u043c \u043d\u0430\u0448\u0443 \u043b\u0438\u043d\u0435\u0439\u043a\u0443 \u043f\u0440\u043e\u0434\u0443\u043a\u0446\u0438\u0438 \u2014 \u0441\u043b\u0435\u0434\u0438\u0442\u0435 \u0437\u0430 \u043d\u043e\u0432\u043e\u0441\u0442\u044f\u043c\u0438 \u043e\u0442 \u0412\u0430\u0442\u0430\u043d\u0430\u0431\u044d!<\/p>\n<p>[\/et_pb_text][\/et_pb_column][\/et_pb_row][et_pb_row column_structure=”1_2,1_2″ _builder_version=”4.20.4″ _module_preset=”default” width=”90%” max_width=”100%” global_colors_info=”{}”][et_pb_column type=”1_2″ _builder_version=”4.20.4″ _module_preset=”default” global_colors_info=”{}”][et_pb_text _builder_version=”4.20.4″ _module_preset=”01804549-448e-4882-b311-20d58217cd03″ max_width=”60%” module_alignment=”right” global_colors_info=”{}”]<\/p>\n<p>\u0421 1970-\u0445 \u0433\u043e\u0434\u043e\u0432 \u043c\u044b \u0440\u0430\u0431\u043e\u0442\u0430\u0435\u043c \u0431\u043e\u043a \u043e \u0431\u043e\u043a \u0441 \u0444\u0435\u0440\u043c\u0435\u0440\u0430\u043c\u0438, \u0430\u0433\u0440\u043e\u043d\u043e\u043c\u0430\u043c\u0438, \u043a\u043e\u043e\u043f\u0435\u0440\u0430\u0442\u0438\u0432\u0430\u043c\u0438 \u0438 \u0441\u0435\u043b\u044c\u0441\u043a\u043e\u0445\u043e\u0437\u044f\u0439\u0441\u0442\u0432\u0435\u043d\u043d\u044b\u043c\u0438 \u0438\u0441\u0441\u043b\u0435\u0434\u043e\u0432\u0430\u0442\u0435\u043b\u044f\u043c\u0438 \u043f\u043e \u0432\u0441\u0435\u043c\u0443 \u043c\u0438\u0440\u0443. \u0411\u043e\u043b\u0435\u0435 \u043f\u044f\u0442\u0438\u0434\u0435\u0441\u044f\u0442\u0438 \u043b\u0435\u0442 \u043d\u0430\u0448\u0435 \u043f\u0430\u0440\u0442\u043d\u0451\u0440\u0441\u0442\u0432\u043e \u0441\u0442\u0440\u043e\u0438\u043b\u043e\u0441\u044c \u043d\u0435 \u0442\u043e\u043b\u044c\u043a\u043e \u043d\u0430 \u0438\u043d\u043d\u043e\u0432\u0430\u0446\u0438\u043e\u043d\u043d\u044b\u0445 \u043f\u0440\u043e\u0434\u0443\u043a\u0442\u0430\u0445 \u0438 \u200b\u200b\u043f\u0435\u0440\u0435\u0434\u043e\u0432\u044b\u0445 \u0442\u0435\u0445\u043d\u043e\u043b\u043e\u0433\u0438\u044f\u0445, \u043d\u043e \u0438 \u043d\u0430 \u043e\u0431\u0449\u0435\u043c \u0443\u0432\u0430\u0436\u0435\u043d\u0438\u0438 \u043a \u0437\u0435\u043c\u043b\u0435, \u0441\u0442\u0440\u0435\u043c\u043b\u0435\u043d\u0438\u0438 \u043a \u043e\u0431\u0438\u043b\u044c\u043d\u044b\u043c \u0443\u0440\u043e\u0436\u0430\u044f\u043c \u0438 \u043e\u0431\u0449\u0435\u043c \u0432\u0438\u0434\u0435\u043d\u0438\u0438 \u0443\u0441\u0442\u043e\u0439\u0447\u0438\u0432\u043e\u0433\u043e \u0431\u0443\u0434\u0443\u0449\u0435\u0433\u043e.<\/p>\n<p>[\/et_pb_text][et_pb_button button_url=”https:\/\/pto-stone-crusher.com\/contact-us\/” button_text=”CONTACT US” button_alignment=”center” _builder_version=”4.20.4″ _module_preset=”default” custom_button=”on” button_text_size=”32px” global_colors_info=”{}”][\/et_pb_button][\/et_pb_column][et_pb_column type=”1_2″ _builder_version=”4.20.4″ _module_preset=”default” global_colors_info=”{}”][et_pb_image src=”https:\/\/pto-stone-crusher.com\/wp-content\/uploads\/2025\/11\/watanabe-.webp” alt=”watanabe-patato-harvest” title_text=”watanabe” _builder_version=”4.20.4″ _module_preset=”default” global_colors_info=”{}”][\/et_pb_image][\/et_pb_column][\/et_pb_row][et_pb_row _builder_version=”4.20.4″ _module_preset=”default” width=”100%” max_width=”100%” global_colors_info=”{}”][et_pb_column type=”4_4″ _builder_version=”4.20.4″ _module_preset=”default” global_colors_info=”{}”][et_pb_text _builder_version=”4.20.4″ _module_preset=”default” header_2_font=”|800|||||||” header_2_text_align=”center” header_2_font_size=”60px” background_color=”#E09900″ custom_padding=”4%||4%||true|false” global_colors_info=”{}”]<\/p>\n<h2>\u041d\u0410\u0428\u0418 \u0423\u0421\u041b\u0423\u0413\u0418<\/h2>\n<p>[\/et_pb_text][\/et_pb_column][\/et_pb_row][et_pb_row column_structure=”1_4,1_4,1_4,1_4″ _builder_version=”4.20.4″ _module_preset=”default” global_colors_info=”{}”][et_pb_column type=”1_4″ _builder_version=”4.20.4″ _module_preset=”default” global_colors_info=”{}”][et_pb_blurb title=”24 x 7 services” use_icon=”on” font_icon=”||fa||900″ _builder_version=”4.20.4″ _module_preset=”default” header_level=”h3″ header_text_align=”center” global_colors_info=”{}”]<\/p>\n<p>\u041e\u0442\u043f\u0440\u0430\u0432\u044c\u0442\u0435 \u0437\u0430\u043f\u0440\u043e\u0441, \u0447\u0442\u043e\u0431\u044b \u0443\u0437\u043d\u0430\u0442\u044c \u043e\u0431 \u0438\u043d\u0442\u0435\u0440\u0435\u0441\u0443\u044e\u0449\u0435\u0439 \u0432\u0430\u0441 \u043f\u0440\u043e\u0434\u0443\u043a\u0446\u0438\u0438, \u043c\u044b \u043e\u0442\u0432\u0435\u0442\u0438\u043c \u0432\u0430\u043c \u043a\u0430\u043a \u043c\u043e\u0436\u043d\u043e \u0441\u043a\u043e\u0440\u0435\u0435.<\/p>\n<p>[\/et_pb_blurb][\/et_pb_column][et_pb_column type=”1_4″ _builder_version=”4.20.4″ _module_preset=”default” global_colors_info=”{}”][et_pb_blurb title=”Product Collection” use_icon=”on” font_icon=”||divi||400″ _builder_version=”4.20.4″ _module_preset=”default” header_level=”h3″ header_text_align=”center” global_colors_info=”{}”]<\/p>\n<p>\u041f\u0440\u0435\u0434\u043e\u0441\u0442\u0430\u0432\u044c\u0442\u0435 \u043f\u043e\u0434\u0440\u043e\u0431\u043d\u044b\u0439 \u043a\u0430\u0442\u0430\u043b\u043e\u0433 \u043f\u0440\u043e\u0434\u0443\u043a\u0446\u0438\u0438 \u0432 \u0444\u043e\u0440\u043c\u0430\u0442\u0435 PDF. \u0412\u044b \u0441\u043c\u043e\u0436\u0435\u0442\u0435 \u0443\u0437\u043d\u0430\u0442\u044c \u0431\u043e\u043b\u044c\u0448\u0435 \u043e \u043f\u0440\u043e\u0434\u0443\u043a\u0442\u0435.<\/p>\n<p>[\/et_pb_blurb][\/et_pb_column][et_pb_column type=”1_4″ _builder_version=”4.20.4″ _module_preset=”default” global_colors_info=”{}”][et_pb_blurb title=”Product Maintenance” use_icon=”on” font_icon=”||fa||900″ _builder_version=”4.20.4″ _module_preset=”default” header_level=”h3″ header_text_align=”center” global_colors_info=”{}”]<\/p>\n<p>\u0415\u0441\u043b\u0438 \u0443 \u0432\u0430\u0441 \u0432\u043e\u0437\u043d\u0438\u043a\u043d\u0443\u0442 \u043a\u0430\u043a\u0438\u0435-\u043b\u0438\u0431\u043e \u043f\u0440\u043e\u0431\u043b\u0435\u043c\u044b \u0441 \u043f\u0440\u043e\u0434\u0443\u043a\u0442\u043e\u043c, \u043c\u044b \u043e\u043a\u0430\u0436\u0435\u043c \u0432\u0430\u043c \u0442\u0435\u0445\u043d\u0438\u0447\u0435\u0441\u043a\u0443\u044e \u043f\u043e\u0434\u0434\u0435\u0440\u0436\u043a\u0443.<\/p>\n<p>[\/et_pb_blurb][\/et_pb_column][et_pb_column type=”1_4″ _builder_version=”4.20.4″ _module_preset=”default” global_colors_info=”{}”][et_pb_blurb title=”Video  introduction” use_icon=”on” font_icon=”||fa||900″ _builder_version=”4.20.4″ _module_preset=”default” header_level=”h3″ header_text_align=”center” global_colors_info=”{}”]<\/p>\n<p>\u041f\u0440\u0435\u0434\u043e\u0441\u0442\u0430\u0432\u043b\u044f\u0442\u044c \u0432\u0438\u0434\u0435\u043e- \u0438 \u0433\u0440\u0430\u0444\u0438\u0447\u0435\u0441\u043a\u0438\u0435 \u043f\u0440\u0435\u0437\u0435\u043d\u0442\u0430\u0446\u0438\u0438, \u043f\u043e\u0437\u0432\u043e\u043b\u044f\u044e\u0449\u0438\u0435 \u0432\u0441\u0435\u0441\u0442\u043e\u0440\u043e\u043d\u043d\u0435 \u043f\u0440\u043e\u0434\u0435\u043c\u043e\u043d\u0441\u0442\u0440\u0438\u0440\u043e\u0432\u0430\u0442\u044c \u043f\u0440\u043e\u0434\u0443\u043a\u0442.<\/p>\n<p>[\/et_pb_blurb][\/et_pb_column][\/et_pb_row][\/et_pb_section]<\/p>","protected":false},"excerpt":{"rendered":"<p>ABOUT USSince 1970, Watanabe has adhered to the production philosophy of respecting nature, devoting efforts to the rational use and responsible transformation of land.Our story is still being writtenMore than five decades of reliable collaboration with agricultural professionalsBack in 1970, Mr. Hitoshi Watanabe launched his business operations in Castro-Pr as an authorized distributor of Hatsuta [&hellip;]<\/p>","protected":false},"author":1,"featured_media":0,"parent":0,"menu_order":0,"comment_status":"closed","ping_status":"closed","template":"","meta":{"_et_pb_use_builder":"on","_et_pb_old_content":"","_et_gb_content_width":"","footnotes":""},"class_list":["post-188","page","type-page","status-publish","hentry"],"_links":{"self":[{"href":"https:\/\/pto-stone-crusher.com\/ru\/wp-json\/wp\/v2\/pages\/188","targetHints":{"allow":["GET"]}}],"collection":[{"href":"https:\/\/pto-stone-crusher.com\/ru\/wp-json\/wp\/v2\/pages"}],"about":[{"href":"https:\/\/pto-stone-crusher.com\/ru\/wp-json\/wp\/v2\/types\/page"}],"author":[{"embeddable":true,"href":"https:\/\/pto-stone-crusher.com\/ru\/wp-json\/wp\/v2\/users\/1"}],"replies":[{"embeddable":true,"href":"https:\/\/pto-stone-crusher.com\/ru\/wp-json\/wp\/v2\/comments?post=188"}],"version-history":[{"count":4,"href":"https:\/\/pto-stone-crusher.com\/ru\/wp-json\/wp\/v2\/pages\/188\/revisions"}],"predecessor-version":[{"id":209,"href":"https:\/\/pto-stone-crusher.com\/ru\/wp-json\/wp\/v2\/pages\/188\/revisions\/209"}],"wp:attachment":[{"href":"https:\/\/pto-stone-crusher.com\/ru\/wp-json\/wp\/v2\/media?parent=188"}],"curies":[{"name":"wp","href":"https:\/\/api.w.org\/{rel}","templated":true}]}}