{"id":188,"date":"2025-11-14T07:28:34","date_gmt":"2025-11-14T07:28:34","guid":{"rendered":"https:\/\/pto-stone-crusher.com\/?page_id=188"},"modified":"2025-11-14T07:34:20","modified_gmt":"2025-11-14T07:34:20","slug":"sobre-nos","status":"publish","type":"page","link":"https:\/\/pto-stone-crusher.com\/pt\/sobre-nos\/","title":{"rendered":"Sobre n\u00f3s"},"content":{"rendered":"<p>[et_pb_section fb_built=”1″ admin_label=”Community” _builder_version=”4.23.2″ _module_preset=”default” locked=”off” collapsed=”off” global_colors_info=”{}”][et_pb_row _builder_version=”4.24.2″ _module_preset=”default” locked=”off” global_colors_info=”{}”][et_pb_column type=”4_4″ _builder_version=”4.23.2″ _module_preset=”default” global_colors_info=”{}”][et_pb_text _builder_version=”4.20.4″ _module_preset=”1ab0d0bc-d290-4b5d-8d48-c5d462eb61bb” header_text_color=”gcid-0a70bcaa-1736-40e0-9723-4fb88b8b6694″ text_orientation=”center” global_colors_info=”{%22gcid-0a70bcaa-1736-40e0-9723-4fb88b8b6694%22:%91%22header_text_color%22%93}”]<\/p>\n<h1>SOBRE N\u00d3S<\/h1>\n<p>[\/et_pb_text][et_pb_text _builder_version=”4.20.4″ _module_preset=”default” text_font=”|300|||||||” text_font_size=”18px” max_width=”75%” module_alignment=”center” global_colors_info=”{}”]<\/p>\n<p>Desde 1970, a Watanabe tem se pautado pela filosofia de produ\u00e7\u00e3o de respeito \u00e0 natureza, dedicando esfor\u00e7os ao uso racional e \u00e0 transforma\u00e7\u00e3o respons\u00e1vel da terra.<\/p>\n<p>[\/et_pb_text][\/et_pb_column][\/et_pb_row][et_pb_row _builder_version=”4.23.2″ _module_preset=”default” global_colors_info=”{}”][et_pb_column type=”4_4″ _builder_version=”4.23.2″ _module_preset=”default” global_colors_info=”{}”][et_pb_video src=”https:\/\/pto-stone-crusher.com\/wp-content\/uploads\/2025\/11\/watanabe.mp4″ _builder_version=”4.20.4″ _module_preset=”default” hover_enabled=”0″ global_colors_info=”{}” title_text=”watanabe” sticky_enabled=”0″][\/et_pb_video][\/et_pb_column][\/et_pb_row][\/et_pb_section][et_pb_section fb_built=”1″ admin_label=”About” _builder_version=”4.23.2″ _module_preset=”default” locked=”off” collapsed=”off” global_colors_info=”{}”][et_pb_row _builder_version=”4.20.4″ _module_preset=”default” global_colors_info=”{}”][et_pb_column type=”4_4″ _builder_version=”4.20.4″ _module_preset=”default” global_colors_info=”{}”][et_pb_text _builder_version=”4.20.4″ _module_preset=”8f3dd08b-02db-4402-bda0-d18458289706″ header_2_font=”|800||on|||||” header_2_text_align=”center” header_2_text_color=”#000000″ header_2_font_size=”100px” header_2_letter_spacing=”3px” header_2_line_height=”1.7em” custom_margin=”||0px||false|false” global_colors_info=”{}”]<\/p>\n<h2>Nossa hist\u00f3ria ainda est\u00e1 sendo escrita.<\/h2>\n<p>[\/et_pb_text][\/et_pb_column][\/et_pb_row][et_pb_row column_structure=”1_2,1_2″ _builder_version=”4.20.4″ _module_preset=”default” global_colors_info=”{}”][et_pb_column type=”1_2″ _builder_version=”4.23.2″ _module_preset=”default” global_colors_info=”{}”][et_pb_text _builder_version=”4.20.4″ _module_preset=”8065643d-41e0-4991-b14e-c95e161ff78f” header_2_font_size=”30px” custom_margin=”||10px||false|false” global_colors_info=”{}”]<\/p>\n<h2>Mais de cinco d\u00e9cadas de colabora\u00e7\u00e3o confi\u00e1vel com profissionais do setor agr\u00edcola.<\/h2>\n<p>[\/et_pb_text][et_pb_text _builder_version=”4.20.4″ _module_preset=”default” global_colors_info=”{}”]<\/p>\n<div class=\"auto-hide-last-sibling-br paragraph-pP9ZLC paragraph-element br-paragraph-space\">Em 1970, o Sr. Hitoshi Watanabe iniciou suas opera\u00e7\u00f5es comerciais em Castro-Pr como distribuidor autorizado de pulverizadores Hatsuta. Mantendo contato constante com os agricultores locais, ele adquiriu um profundo conhecimento de suas necessidades pr\u00e1ticas, o que o levou a desenvolver a primeira colhedora de batatas de duas linhas.<\/div>\n<div class=\"auto-hide-last-sibling-br paragraph-pP9ZLC paragraph-element br-paragraph-space\">Gra\u00e7as ao enorme sucesso desses equipamentos e \u00e0 crescente demanda do mercado, a F\u00e1brica de M\u00e1quinas Agr\u00edcolas Hitoshi Watanabe foi fundada em 1976, especializada em implementos para o cultivo de batata. Ap\u00f3s seu falecimento em 1983, o Sr. Watanabe legou seus neg\u00f3cios \u00e0 esposa e aos filhos, que assumiram a empresa.<\/div>\n<div class=\"auto-hide-last-sibling-br paragraph-pP9ZLC paragraph-element br-paragraph-space\">Em 1984, a empresa passou a se chamar Watanabe M\u00e1quinas Agr\u00edcolas Ind\u00fastria e Com\u00e9rcio Ltda. Com base em sua atua\u00e7\u00e3o no setor de batatas, a empresa continuou inovando com o desenvolvimento de novos produtos adaptados a esse mercado, ao mesmo tempo em que se expandia para outros segmentos: algod\u00e3o, cana-de-a\u00e7\u00facar, silvicultura, preparo do solo e equipamentos para movimenta\u00e7\u00e3o e armazenamento de materiais.<\/div>\n<p>[\/et_pb_text][et_pb_button button_text=”GET MORE” _builder_version=”4.20.4″ _module_preset=”5444a11f-e24f-4df2-9baf-c4ea5c6ae058″ global_colors_info=”{}”][\/et_pb_button][\/et_pb_column][et_pb_column type=”1_2″ _builder_version=”4.23.2″ _module_preset=”default” global_colors_info=”{}”][et_pb_image src=”https:\/\/pto-stone-crusher.com\/wp-content\/uploads\/2025\/11\/watanabe-about.webp” alt=”pto stoene crusher<br \/>\n-about” title_text=”watanabe-about” _builder_version=”4.20.4″ _module_preset=”default” global_colors_info=”{}”][\/et_pb_image][\/et_pb_column][\/et_pb_row][et_pb_row column_structure=”1_2,1_2″ _builder_version=”4.20.4″ _module_preset=”default” global_colors_info=”{}”][et_pb_column type=”1_2″ _builder_version=”4.20.4″ _module_preset=”default” global_colors_info=”{}”][et_pb_text _builder_version=”4.20.4″ _module_preset=”default” text_font=”|800|||on|||#000000|” text_text_color=”#000000″ text_font_size=”85px” text_letter_spacing=”12px” text_line_height=”1.6em” quote_font=”|800|||||||” text_orientation=”center” global_colors_info=”{}”]<\/p>\n<blockquote>\n<p>E<\/p>\n<p>AGORA<\/p>\n<\/blockquote>\n<p>[\/et_pb_text][\/et_pb_column][et_pb_column type=”1_2″ _builder_version=”4.20.4″ _module_preset=”default” global_colors_info=”{}”][et_pb_text _builder_version=”4.20.4″ _module_preset=”default” global_colors_info=”{}”]<\/p>\n<p>Com base nesse legado de inova\u00e7\u00e3o e foco no cliente, a Watanabe expandiu seu portf\u00f3lio de produtos para abranger uma gama completa de solu\u00e7\u00f5es para processamento agr\u00edcola e de materiais.<\/p>\n<p>Hoje, nossa oferta inclui:<\/p>\n<p>1.<strong>ancinho de pedra<\/strong>, 2.<strong>catadores de pedras<\/strong>, 3.<strong>rotavador<\/strong>4.<strong>trituradores\/britadores de pedra<\/strong>, 5.<strong>maquinaria da batata<\/strong>, 6.<strong>sulcador de batatas<\/strong>, 7.<strong>fertilizantes<\/strong>, 8.<strong>cultivador rotativo<\/strong>, 9.<strong>plantador de batatas<\/strong>, 10.<strong>colhedores de batata<\/strong>, 11.<strong>colhedora de batatas 2 fileiras<\/strong>, 12.<strong>colhedores de batata-seguidos<\/strong>, 13.<strong>colhedora de batatas de 2 fileiras \u2013 rebocada<\/strong>, 14.<strong>colhedora de batatas 4 fileiras \u2013 rebocada<\/strong>, 15.<strong>colheita de batatas para sacos grandes<\/strong>, 16.<strong>Colheita de batatas - 2 fileiras<\/strong>, 17.<strong>maquin\u00e1rio para pecu\u00e1ria<\/strong> e assim por diante, entre outras ferramentas essenciais. \u00c0 medida que continuamos atentos \u00e0s necessidades em constante evolu\u00e7\u00e3o dos profissionais agr\u00edcolas em todo o mundo, novas adi\u00e7\u00f5es \u00e0 nossa linha de produtos est\u00e3o em constante desenvolvimento \u2014 fique atento \u00e0s novidades da Watanabe!<\/p>\n<p>[\/et_pb_text][\/et_pb_column][\/et_pb_row][et_pb_row column_structure=”1_2,1_2″ _builder_version=”4.20.4″ _module_preset=”default” width=”90%” max_width=”100%” global_colors_info=”{}”][et_pb_column type=”1_2″ _builder_version=”4.20.4″ _module_preset=”default” global_colors_info=”{}”][et_pb_text _builder_version=”4.20.4″ _module_preset=”01804549-448e-4882-b311-20d58217cd03″ max_width=”60%” module_alignment=”right” global_colors_info=”{}”]<\/p>\n<p>Desde a d\u00e9cada de 1970, temos caminhado lado a lado com agricultores, agr\u00f4nomos, cooperativas e pesquisadores agr\u00edcolas em todo o mundo. Por mais de cinquenta anos, nossa parceria tem sido constru\u00edda n\u00e3o apenas em produtos inovadores e tecnologia de ponta, mas tamb\u00e9m em um respeito compartilhado pela terra, um compromisso com colheitas abundantes e uma vis\u00e3o comum de um futuro sustent\u00e1vel.<\/p>\n<p>[\/et_pb_text][et_pb_button button_url=”https:\/\/pto-stone-crusher.com\/contact-us\/” button_text=”CONTACT US” button_alignment=”center” _builder_version=”4.20.4″ _module_preset=”default” custom_button=”on” button_text_size=”32px” global_colors_info=”{}”][\/et_pb_button][\/et_pb_column][et_pb_column type=”1_2″ _builder_version=”4.20.4″ _module_preset=”default” global_colors_info=”{}”][et_pb_image src=”https:\/\/pto-stone-crusher.com\/wp-content\/uploads\/2025\/11\/watanabe-.webp” alt=”watanabe-patato-harvest” title_text=”watanabe” _builder_version=”4.20.4″ _module_preset=”default” global_colors_info=”{}”][\/et_pb_image][\/et_pb_column][\/et_pb_row][et_pb_row _builder_version=”4.20.4″ _module_preset=”default” width=”100%” max_width=”100%” global_colors_info=”{}”][et_pb_column type=”4_4″ _builder_version=”4.20.4″ _module_preset=”default” global_colors_info=”{}”][et_pb_text _builder_version=”4.20.4″ _module_preset=”default” header_2_font=”|800|||||||” header_2_text_align=”center” header_2_font_size=”60px” background_color=”#E09900″ custom_padding=”4%||4%||true|false” global_colors_info=”{}”]<\/p>\n<h2>NOSSOS SERVI\u00c7OS<\/h2>\n<p>[\/et_pb_text][\/et_pb_column][\/et_pb_row][et_pb_row column_structure=”1_4,1_4,1_4,1_4″ _builder_version=”4.20.4″ _module_preset=”default” global_colors_info=”{}”][et_pb_column type=”1_4″ _builder_version=”4.20.4″ _module_preset=”default” global_colors_info=”{}”][et_pb_blurb title=”24 x 7 services” use_icon=”on” font_icon=”||fa||900″ _builder_version=”4.20.4″ _module_preset=”default” header_level=”h3″ header_text_align=”center” global_colors_info=”{}”]<\/p>\n<p>Envie-nos uma consulta para saber mais sobre os produtos nos quais est\u00e1 interessado. Responderemos o mais breve poss\u00edvel.<\/p>\n<p>[\/et_pb_blurb][\/et_pb_column][et_pb_column type=”1_4″ _builder_version=”4.20.4″ _module_preset=”default” global_colors_info=”{}”][et_pb_blurb title=”Product Collection” use_icon=”on” font_icon=”||divi||400″ _builder_version=”4.20.4″ _module_preset=”default” header_level=”h3″ header_text_align=”center” global_colors_info=”{}”]<\/p>\n<p>Forne\u00e7a um cat\u00e1logo de produtos detalhado em PDF. Assim, voc\u00ea poder\u00e1 obter informa\u00e7\u00f5es mais aprofundadas sobre os produtos.<\/p>\n<p>[\/et_pb_blurb][\/et_pb_column][et_pb_column type=”1_4″ _builder_version=”4.20.4″ _module_preset=”default” global_colors_info=”{}”][et_pb_blurb title=”Product Maintenance” use_icon=”on” font_icon=”||fa||900″ _builder_version=”4.20.4″ _module_preset=”default” header_level=”h3″ header_text_align=”center” global_colors_info=”{}”]<\/p>\n<p>Caso seu produto apresente algum problema, oferecemos suporte t\u00e9cnico.<\/p>\n<p>[\/et_pb_blurb][\/et_pb_column][et_pb_column type=”1_4″ _builder_version=”4.20.4″ _module_preset=”default” global_colors_info=”{}”][et_pb_blurb title=”Video  introduction” use_icon=”on” font_icon=”||fa||900″ _builder_version=”4.20.4″ _module_preset=”default” header_level=”h3″ header_text_align=”center” global_colors_info=”{}”]<\/p>\n<p>Apresente v\u00eddeos e imagens que permitam uma visualiza\u00e7\u00e3o completa do produto.<\/p>\n<p>[\/et_pb_blurb][\/et_pb_column][\/et_pb_row][\/et_pb_section]<\/p>","protected":false},"excerpt":{"rendered":"<p>ABOUT USSince 1970, Watanabe has adhered to the production philosophy of respecting nature, devoting efforts to the rational use and responsible transformation of land.Our story is still being writtenMore than five decades of reliable collaboration with agricultural professionalsBack in 1970, Mr. Hitoshi Watanabe launched his business operations in Castro-Pr as an authorized distributor of Hatsuta [&hellip;]<\/p>","protected":false},"author":1,"featured_media":0,"parent":0,"menu_order":0,"comment_status":"closed","ping_status":"closed","template":"","meta":{"_et_pb_use_builder":"on","_et_pb_old_content":"","_et_gb_content_width":"","footnotes":""},"class_list":["post-188","page","type-page","status-publish","hentry"],"_links":{"self":[{"href":"https:\/\/pto-stone-crusher.com\/pt\/wp-json\/wp\/v2\/pages\/188","targetHints":{"allow":["GET"]}}],"collection":[{"href":"https:\/\/pto-stone-crusher.com\/pt\/wp-json\/wp\/v2\/pages"}],"about":[{"href":"https:\/\/pto-stone-crusher.com\/pt\/wp-json\/wp\/v2\/types\/page"}],"author":[{"embeddable":true,"href":"https:\/\/pto-stone-crusher.com\/pt\/wp-json\/wp\/v2\/users\/1"}],"replies":[{"embeddable":true,"href":"https:\/\/pto-stone-crusher.com\/pt\/wp-json\/wp\/v2\/comments?post=188"}],"version-history":[{"count":4,"href":"https:\/\/pto-stone-crusher.com\/pt\/wp-json\/wp\/v2\/pages\/188\/revisions"}],"predecessor-version":[{"id":209,"href":"https:\/\/pto-stone-crusher.com\/pt\/wp-json\/wp\/v2\/pages\/188\/revisions\/209"}],"wp:attachment":[{"href":"https:\/\/pto-stone-crusher.com\/pt\/wp-json\/wp\/v2\/media?parent=188"}],"curies":[{"name":"wp","href":"https:\/\/api.w.org\/{rel}","templated":true}]}}