{"id":158,"date":"2025-11-13T09:45:07","date_gmt":"2025-11-13T09:45:07","guid":{"rendered":"https:\/\/pto-stone-crusher.com\/?page_id=158"},"modified":"2026-01-23T05:44:36","modified_gmt":"2026-01-23T05:44:36","slug":"home","status":"publish","type":"page","link":"https:\/\/pto-stone-crusher.com\/pt\/","title":{"rendered":"Lar"},"content":{"rendered":"<p>[et_pb_section fb_built=”1″ admin_label=”Header” _builder_version=”4.20.4″ _module_preset=”default” use_background_color_gradient=”on” background_color_gradient_stops=”rgba(0,0,0,0.7) 0%|rgba(0,0,0,0.7) 100%” background_color_gradient_overlays_image=”on” background_image=”https:\/\/pto-stone-crusher.com\/wp-content\/uploads\/2025\/11\/pto-stone-crusher-banner-.webp” collapsed=”off” global_colors_info=”{}”][et_pb_row _builder_version=”4.24.2″ _module_preset=”default” max_width=”800px” global_colors_info=”{}”][et_pb_column type=”4_4″ _builder_version=”4.23.2″ _module_preset=”default” global_colors_info=”{}”][et_pb_text _builder_version=”4.20.4″ _module_preset=”bef63c41-62e0-4bd1-8873-21e30332319d” header_4_text_color=”#FFFFFF” text_orientation=”center” global_colors_info=”{}”]<\/p>\n<h4>britador de pedra com tomada de for\u00e7a<\/h4>\n<p>[\/et_pb_text][et_pb_text _builder_version=”4.20.4″ _module_preset=”ee2a7cbc-6859-49dc-a25a-b333fd0bc088″ header_text_color=”#FFFFFF” text_orientation=”center” custom_margin=”||10px||false|false” global_colors_info=”{}”]<\/p>\n<h1>BRITADOR DE PEDRA COM TOMADA DE FOR\u00c7A<\/h1>\n<p>[\/et_pb_text][et_pb_text _builder_version=”4.20.4″ _module_preset=”a3ae43d2-4ca3-4052-a30c-f8e83a9563d3″ text_text_color=”#FFFFFF” text_letter_spacing=”1px” text_orientation=”center” custom_margin=”||30px||false|false” global_colors_info=”{}”]<\/p>\n<p>Oferecer solu\u00e7\u00f5es de alta qualidade para o desenvolvimento de \u00e1reas agr\u00edcolas e florestais.<\/p>\n<p>[\/et_pb_text][et_pb_button button_url=”#contact” button_text=”GET MORE” button_alignment=”center” _builder_version=”4.20.4″ _module_preset=”643a4d92-ec1b-4784-b5d5-336a6e9864b8″ global_colors_info=”{}”][\/et_pb_button][\/et_pb_column][\/et_pb_row][\/et_pb_section][et_pb_section fb_built=”1″ admin_label=”What We Do” _builder_version=”4.27.5″ _module_preset=”default” locked=”off” collapsed=”off” global_colors_info=”{%22gcid-cc026ee9-2dfb-4c5b-892b-7f86cd297fec%22:%91%22background_color_gradient_stops%22%93}”][et_pb_row _builder_version=”4.24.2″ _module_preset=”default” global_colors_info=”{}”][et_pb_column type=”4_4″ _builder_version=”4.23.2″ _module_preset=”default” global_colors_info=”{}”][et_pb_text _builder_version=”4.27.5″ _module_preset=”9f4a8092-7f16-451a-b3a9-ec915b51fe0d” header_2_text_color=”#000000″ header_2_font_size=”70px” locked=”off” global_colors_info=”{}”]<\/p>\n<h2>BRITADOR DE PEDRA COM TOMADA DE FOR\u00c7A<\/h2>\n<p>[\/et_pb_text][\/et_pb_column][\/et_pb_row][et_pb_row column_structure=”2_5,3_5″ _builder_version=”4.20.4″ _module_preset=”default” max_width=”100%” global_colors_info=”{}”][et_pb_column type=”2_5″ _builder_version=”4.23.2″ _module_preset=”default” global_colors_info=”{}”][et_pb_image src=”https:\/\/pto-stone-crusher.com\/wp-content\/uploads\/2025\/11\/pto-stone-crusher-part1.webp” alt=”pto-stone-crusher-part1″ title_text=”pto-stone-crusher-part1″ _builder_version=”4.20.4″ _module_preset=”default” global_colors_info=”{}”][\/et_pb_image][et_pb_text _builder_version=”4.27.5″ _module_preset=”a3ae43d2-4ca3-4052-a30c-f8e83a9563d3″ text_text_color=”#000000″ hover_enabled=”0″ global_colors_info=”{}” sticky_enabled=”0″]<\/p>\n<p>Como fabricante e fornecedor de britadores de pedra com tomada de for\u00e7a (TDF) de confian\u00e7a, priorizamos a integridade estrutural em cada projeto. A estrutura refor\u00e7ada minimiza a flex\u00e3o sob cargas pesadas, enquanto os acabamentos resistentes \u00e0 corros\u00e3o protegem contra intemp\u00e9ries como umidade e poeira. Esse foco na durabilidade significa menos quebras, menor necessidade de manuten\u00e7\u00e3o e uma ferramenta que mant\u00e9m sua funcionalidade por anos \u2014 mesmo em ambientes de trabalho exigentes.<\/p>\n<p>[\/et_pb_text][\/et_pb_column][et_pb_column type=”3_5″ _builder_version=”4.23.2″ _module_preset=”default” global_colors_info=”{}”][et_pb_image src=”https:\/\/pto-stone-crusher.com\/wp-content\/uploads\/2025\/11\/pto-stone-crusher-part2–e1763534254849.webp” alt=”pto-stone-crusher-part2″ title_text=”pto-stone-crusher-part2″ _builder_version=”4.20.4″ _module_preset=”default” global_colors_info=”{}”][\/et_pb_image][et_pb_button button_url=”#contact” button_text=”GET A QUOTE” _builder_version=”4.20.4″ _module_preset=”cc7c42d0-2980-47ef-8cfc-68bda31da5b7″ button_text_size=”20px” button_bg_color=”#000000″ hover_enabled=”0″ global_colors_info=”{}” sticky_enabled=”0″][\/et_pb_button][\/et_pb_column][\/et_pb_row][et_pb_row column_structure=”1_2,1_2″ _builder_version=”4.20.4″ _module_preset=”default” width=”100%” max_width=”90%” global_colors_info=”{}”][et_pb_column type=”1_2″ _builder_version=”4.20.4″ _module_preset=”default” global_colors_info=”{}”][et_pb_image src=”https:\/\/pto-stone-crusher.com\/wp-content\/uploads\/2025\/11\/pto-stone-crusher-show3.webp” alt=”pto stone crusher-show3″ title_text=”pto stone crusher-show3″ align=”right” _builder_version=”4.27.5″ _module_preset=”default” global_colors_info=”{}”][\/et_pb_image][\/et_pb_column][et_pb_column type=”1_2″ _builder_version=”4.20.4″ _module_preset=”default” global_colors_info=”{}”][et_pb_text _builder_version=”4.20.4″ _module_preset=”default” header_2_font=”|700|||||||” header_2_font_size=”40px” global_colors_info=”{}”]<\/p>\n<h2>Procura solu\u00e7\u00f5es para terrenos agr\u00edcolas?<\/h2>\n<p>[\/et_pb_text][et_pb_text _builder_version=”4.27.5″ _module_preset=”default” text_font_size=”18px” max_width=”75%” hover_enabled=”0″ global_colors_info=”{}” sticky_enabled=”0″]<\/p>\n<p>Em vez de transportar pedras pesadas, entulho de demoli\u00e7\u00e3o ou excesso de cascalho para instala\u00e7\u00f5es externas, voc\u00ea pode triturar e reaproveitar os materiais no local, transformando detritos em agregados utiliz\u00e1veis \u200b\u200bpara cal\u00e7adas, bases de caminhos ou aterro. Isso n\u00e3o s\u00f3 reduz os custos de transporte e taxas de descarte, como tamb\u00e9m diminui o tempo de espera por servi\u00e7os externos de britagem. A conex\u00e3o direta \u00e0 tomada de for\u00e7a garante fornecimento de energia constante, enquanto o design compacto facilita a movimenta\u00e7\u00e3o em locais de trabalho apertados, desde clareiras em florestas at\u00e9 fazendas.<\/p>\n<p>[\/et_pb_text][\/et_pb_column][\/et_pb_row][\/et_pb_section][et_pb_section fb_built=”1″ admin_label=”Services” _builder_version=”4.20.4″ _module_preset=”default” background_color=”#f2f2f2″ collapsed=”on” global_colors_info=”{}”][et_pb_row _builder_version=”4.23.2″ _module_preset=”default” global_colors_info=”{}”][et_pb_column type=”4_4″ _builder_version=”4.23.2″ _module_preset=”default” global_colors_info=”{}”][et_pb_text _builder_version=”4.20.4″ _module_preset=”9f4a8092-7f16-451a-b3a9-ec915b51fe0d” header_2_font_size=”42px” global_colors_info=”{}”]<\/p>\n<h2><strong data-spm-anchor-id=\"5176.28103460.0.i25.2f2e4fa587arIY\">Britador de pedra acionado por tomada de for\u00e7a (PTO) para britagem de rochas no local.<\/strong><\/h2>\n<p>[\/et_pb_text][et_pb_text _builder_version=”4.20.4″ _module_preset=”default” text_font=”|300|||||||” text_text_color=”#000000″ global_colors_info=”{}”]<\/p>\n<p>Para propriet\u00e1rios de terras, agricultores e pequenos empreiteiros, a capacidade de processar pedras, entulho de demoli\u00e7\u00e3o ou cascalho no local significa menos viagens a aterros sanit\u00e1rios, custos reduzidos com a compra de materiais e maior controle sobre a prepara\u00e7\u00e3o do terreno. Seja para nivelar pastagens, construir estradas de acesso ou remover entulho de constru\u00e7\u00e3o, um britador de pedras com tomada de for\u00e7a (TDF) ajuda voc\u00ea a realizar o trabalho internamente.<\/p>\n<p>[\/et_pb_text][et_pb_image src=”https:\/\/pto-stone-crusher.com\/wp-content\/uploads\/2025\/11\/pto-stone-crusher-e1763026624799.webp” alt=”pto stone crusher” title_text=”pto stone crusher” align=”center” _builder_version=”4.27.5″ _module_preset=”default” global_colors_info=”{}”][\/et_pb_image][\/et_pb_column][\/et_pb_row][\/et_pb_section][et_pb_section fb_built=”1″ _builder_version=”4.20.4″ _module_preset=”default” border_radii=”on|10px|10px|10px|10px” border_width_all=”1px” global_colors_info=”{}”][et_pb_row _builder_version=”4.20.4″ _module_preset=”default” global_colors_info=”{}”][et_pb_column type=”4_4″ _builder_version=”4.20.4″ _module_preset=”default” global_colors_info=”{}”][et_pb_text _builder_version=”4.20.4″ _module_preset=”default” header_font=”||||||||” header_2_font=”|700|||||||” header_2_text_color=”#000000″ header_2_font_size=”42px” global_colors_info=”{}”]<\/p>\n<blockquote>\n<h2>Em que situa\u00e7\u00f5es posso usar seu britador de pedras com tomada de for\u00e7a?<\/h2>\n<\/blockquote>\n<p>[\/et_pb_text][\/et_pb_column][\/et_pb_row][et_pb_row column_structure=”1_2,1_2″ _builder_version=”4.20.4″ _module_preset=”default” collapsed=”on” global_colors_info=”{}”][et_pb_column type=”1_2″ _builder_version=”4.20.4″ _module_preset=”default” global_colors_info=”{}”][et_pb_blurb title=”1. Agricultural Land Clearing and Field Preparation” use_icon=”on” font_icon=”&#x4e;||divi||400″ icon_placement=”left” _builder_version=”4.20.4″ _module_preset=”default” global_colors_info=”{}”][\/et_pb_blurb][et_pb_blurb title=”2. Rural Road and Access Way Construction” use_icon=”on” font_icon=”&#x4e;||divi||400″ icon_placement=”left” _builder_version=”4.20.4″ _module_preset=”default” locked=”off” global_colors_info=”{}”][\/et_pb_blurb][et_pb_blurb title=”3. Small-Scale Quarrying and Aggregate Production” use_icon=”on” font_icon=”&#x4e;||divi||400″ icon_placement=”left” _builder_version=”4.20.4″ _module_preset=”default” locked=”off” global_colors_info=”{}”][\/et_pb_blurb][et_pb_blurb title=”7. Fence Line and Infrastructure Foundation Work” use_icon=”on” font_icon=”&#x4e;||divi||400″ icon_placement=”left” _builder_version=”4.20.4″ _module_preset=”default” locked=”off” global_colors_info=”{}”][\/et_pb_blurb][\/et_pb_column][et_pb_column type=”1_2″ _builder_version=”4.20.4″ _module_preset=”default” global_colors_info=”{}”][et_pb_blurb title=”4. Disaster Recovery and Debris Management” use_icon=”on” font_icon=”&#x4e;||divi||400″ icon_placement=”left” _builder_version=”4.20.4″ _module_preset=”default” locked=”off” global_colors_info=”{}”][\/et_pb_blurb][et_pb_blurb title=”5. Orchard, Vineyard, and Forestry Site Maintenance” use_icon=”on” font_icon=”&#x4e;||divi||400″ icon_placement=”left” _builder_version=”4.20.4″ _module_preset=”default” locked=”off” global_colors_info=”{}”][\/et_pb_blurb][et_pb_blurb title=”6. Small Demolition and Farm Renovation Projects” use_icon=”on” font_icon=”&#x4e;||divi||400″ icon_placement=”left” _builder_version=”4.20.4″ _module_preset=”default” locked=”off” global_colors_info=”{}”][\/et_pb_blurb][\/et_pb_column][\/et_pb_row][\/et_pb_section][et_pb_section fb_built=”1″ _builder_version=”4.20.4″ _module_preset=”default” global_colors_info=”{}”][et_pb_row column_structure=”1_2,1_2″ _builder_version=”4.20.4″ _module_preset=”default” width=”90%” max_width=”100%” global_colors_info=”{}”][et_pb_column type=”1_2″ _builder_version=”4.20.4″ _module_preset=”default” global_colors_info=”{}”][et_pb_text _builder_version=”4.20.4″ _module_preset=”default” header_2_font=”||||||||” header_2_font_size=”42px” global_colors_info=”{}”]<\/p>\n<h2><span style=\"font-weight:bold;color:blue;\">Aplica\u00e7\u00e3o no mundo real:<\/span> Como um projeto regional de constru\u00e7\u00e3o de estradas utilizou um britador de pedras<\/h2>\n<p>[\/et_pb_text][et_pb_text _builder_version=”4.20.4″ _module_preset=”default” global_colors_info=”{}”]<\/p>\n<p>Em 2024, uma empresa de engenharia civil no centro do Texas foi contratada para modernizar 24 quil\u00f4metros de estradas rurais. O projeto exigia um fornecimento constante de pedra britada de alta qualidade para as camadas de base e sub-base das estradas, mas as pedreiras locais tinham longos prazos de entrega e custos crescentes.<\/p>\n<p>Para controlar o fornecimento de materiais e reduzir custos, a empreiteira investiu em um britador de mand\u00edbulas m\u00f3vel. Eles obtiveram calc\u00e1rio abundante no local, proveniente de terrenos desmatados pr\u00f3ximos, e reciclaram entulho de concreto de estruturas demolidas. Ao britar esses materiais diretamente na obra, produziram mais de 12.000 toneladas de agregado graduado em tr\u00eas meses.<\/p>\n<p>O resultado?<br \/>Os custos com materiais ca\u00edram quase 35% em compara\u00e7\u00e3o com a compra de fornecedores terceirizados. Os prazos do projeto foram otimizados devido \u00e0 produ\u00e7\u00e3o de agregados sob demanda \u2014 sem necessidade de esperar por entregas de caminh\u00e3o. As taxas de descarte de entulho de demoli\u00e7\u00e3o foram eliminadas, j\u00e1 que o concreto foi reutilizado como agregado reciclado.\u00a0<\/p>\n<p>[\/et_pb_text][\/et_pb_column][et_pb_column type=”1_2″ _builder_version=”4.20.4″ _module_preset=”default” global_colors_info=”{}”][et_pb_video src=”https:\/\/pto-stone-crusher.com\/wp-content\/uploads\/2025\/11\/stone-crusher.mp4″ _builder_version=”4.20.4″ _module_preset=”default” global_colors_info=”{}”][\/et_pb_video][et_pb_text _builder_version=”4.20.4″ _module_preset=”default” text_font=”|800|||||||” text_text_color=”#000000″ text_font_size=”16px” text_orientation=”center” global_colors_info=”{}”]Real-world usage examples[\/et_pb_text][\/et_pb_column][\/et_pb_row][\/et_pb_section][et_pb_section fb_built=”1″ admin_label=”Section-adv” _builder_version=”4.20.4″ _module_preset=”default” background_color=”#f2f2f2″ locked=”off” collapsed=”off” global_colors_info=”{}”][et_pb_row _builder_version=”4.20.4″ _module_preset=”default” collapsed=”off” global_colors_info=”{}”][et_pb_column type=”4_4″ _builder_version=”4.20.4″ _module_preset=”default” global_colors_info=”{}”][et_pb_text _builder_version=”4.20.4″ _module_preset=”default” header_2_font=”|800|||||||” header_2_text_align=”center” header_2_text_color=”#000000″ header_2_font_size=”42px” global_colors_info=”{}”]<\/p>\n<h2>Exibi\u00e7\u00e3o do modelo do produto<\/h2>\n<p>[\/et_pb_text][\/et_pb_column][\/et_pb_row][et_pb_row column_structure=”1_2,1_2″ _builder_version=”4.20.4″ _module_preset=”default” width=”100%” max_width=”90%” collapsed=”off” global_colors_info=”{}”][et_pb_column type=”1_2″ _builder_version=”4.23.2″ _module_preset=”default” custom_padding=”20px|20px|20px|20px|true|true” border_width_all=”2px” border_color_all=”#000000″ global_colors_info=”{}”][et_pb_text _builder_version=”4.27.5″ _module_preset=”default” header_3_font=”|700|||||||” header_3_text_align=”center” global_colors_info=”{}”]<\/p>\n<h3>STONE-CRUSHER<\/h3>\n<p>[\/et_pb_text][et_pb_shop type=”product_category” posts_number=”2″ include_categories=”20″ _builder_version=”4.27.5″ _module_preset=”default” global_colors_info=”{}”][\/et_pb_shop][\/et_pb_column][et_pb_column type=”1_2″ _builder_version=”4.23.2″ _module_preset=”default” custom_padding=”20px|20px|20px|20px|true|true” border_width_all=”2px” border_color_all=”#000000″ global_colors_info=”{}”][et_pb_text _builder_version=”4.27.5″ _module_preset=”default” header_2_text_align=”center” header_3_text_align=”center” global_colors_info=”{}”]<\/p>\n<h3><strong><a class=\"row-title\" href=\"https:\/\/pto-stone-crusher.com\/wp-admin\/term.php?taxonomy=product_cat&amp;tag_ID=38&amp;post_type=product&amp;wp_http_referer=%2Fwp-admin%2Fedit-tags.php%3Ftaxonomy%3Dproduct_cat%26post_type%3Dproduct\" aria-label=\"\u201cPOTATO PLANTER\u201d (Edit)\">POTATO PLANTER<\/a><\/strong><\/h3>\n<p>[\/et_pb_text][et_pb_shop type=”product_category” posts_number=”2″ include_categories=”38″ _builder_version=”4.27.5″ _module_preset=”default” global_colors_info=”{}”][\/et_pb_shop][\/et_pb_column][\/et_pb_row][et_pb_row _builder_version=”4.20.4″ _module_preset=”default” global_colors_info=”{}”][et_pb_column type=”4_4″ _builder_version=”4.20.4″ _module_preset=”default” global_colors_info=”{}”][et_pb_button button_url=”https:\/\/pto-stone-crusher.com\/products\/” button_text=”Product Categories” button_alignment=”center” _builder_version=”4.27.5″ _module_preset=”default” custom_button=”on” button_text_size=”22px” button_text_color=”#FFFFFF” button_bg_color=”#000000″ hover_enabled=”0″ global_colors_info=”{}” sticky_enabled=”0″][\/et_pb_button][\/et_pb_column][\/et_pb_row][\/et_pb_section][et_pb_section fb_built=”1″ admin_label=”Feature” _builder_version=”4.20.4″ _module_preset=”default” overflow-x=”hidden” overflow-y=”hidden” locked=”off” collapsed=”off” global_colors_info=”{}”][et_pb_row column_structure=”1_2,1_2″ _builder_version=”4.20.4″ _module_preset=”default” max_width=”100%” global_colors_info=”{}”][et_pb_column type=”1_2″ _builder_version=”4.23.2″ _module_preset=”default” custom_padding=”10%||10%||true|false” global_colors_info=”{}”][et_pb_text _builder_version=”4.20.4″ _module_preset=”9f4a8092-7f16-451a-b3a9-ec915b51fe0d” header_2_text_color=”#000000″ header_2_font_size=”42px” custom_margin=”||10px||false|false” global_colors_info=”{}”]<\/p>\n<h2>BRITADOR DE PEDRA COM TOMADA DE FOR\u00c7A<\/h2>\n<p>[\/et_pb_text][et_pb_text _builder_version=”4.20.4″ _module_preset=”a3ae43d2-4ca3-4052-a30c-f8e83a9563d3″ global_colors_info=”{}”]<\/p>\n<p>Se o seu terreno tiver pedras na superf\u00edcie, restos de concreto ou entulho espalhado, a remo\u00e7\u00e3o ou reutiliza\u00e7\u00e3o desses materiais n\u00e3o deve exigir o aluguel de m\u00e1quinas pesadas ou a contrata\u00e7\u00e3o de m\u00e3o de obra externa. Um britador de pedras com tomada de for\u00e7a (TDF) permite que voc\u00ea manuseie esses materiais no pr\u00f3prio local, utilizando o trator que voc\u00ea j\u00e1 possui. Al\u00e9m de conveniente, \u00e9 uma ferramenta que economiza dinheiro para o manejo rotineiro do terreno. Os usos comuns incluem quebrar pedras para melhorar pastagens, reciclar cascalho de cal\u00e7adas antigas, preparar a sub-base para galp\u00f5es ou cercas e remover restos de constru\u00e7\u00e3o ap\u00f3s pequenas obras.\u00a0<\/p>\n<p>[\/et_pb_text][et_pb_button button_url=”https:\/\/pto-stone-crusher.com\/contact-us” button_text=”Contact us” _builder_version=”4.20.4″ _module_preset=”cc7c42d0-2980-47ef-8cfc-68bda31da5b7″ button_text_size=”18px” button_border_radius=”10px” hover_enabled=”0″ global_colors_info=”{}” sticky_enabled=”0″][\/et_pb_button][\/et_pb_column][et_pb_column type=”1_2″ _builder_version=”4.23.2″ _module_preset=”default” global_colors_info=”{}”][et_pb_image src=”https:\/\/pto-stone-crusher.com\/wp-content\/uploads\/2025\/11\/pto-stone-crusher-show-.webp” alt=”pto stone crusher” title_text=”pto stone crusher-show” _builder_version=”4.20.4″ _module_preset=”default” custom_margin=”20%||||false|false” global_colors_info=”{}”][\/et_pb_image][\/et_pb_column][\/et_pb_row][et_pb_row column_structure=”1_2,1_2″ _builder_version=”4.20.4″ _module_preset=”default” max_width=”100%” global_colors_info=”{}”][et_pb_column type=”1_2″ _builder_version=”4.20.4″ _module_preset=”default” global_colors_info=”{}”][et_pb_image src=”https:\/\/pto-stone-crusher.com\/wp-content\/uploads\/2025\/11\/pto-stone-crusher-show2-.webp” alt=”pto stone crusher” title_text=”pto stone crusher-show2″ _builder_version=”4.20.4″ _module_preset=”default” global_colors_info=”{}”][\/et_pb_image][\/et_pb_column][et_pb_column type=”1_2″ _builder_version=”4.20.4″ _module_preset=”default” global_colors_info=”{}”][et_pb_text _builder_version=”4.20.4″ _module_preset=”default” text_font_size=”16px” custom_padding=”25%||||false|false” global_colors_info=”{}”]<\/p>\n<p>O valor do britador de pedra com tomada de for\u00e7a (TDF) reside na sua capacidade de suportar uso pesado e repetido \u2014 e nossa unidade \u00e9 constru\u00edda especificamente para oferecer confiabilidade duradoura em condi\u00e7\u00f5es adversas do mundo real. Esta ferramenta foi projetada para lidar com materiais abrasivos como pedra de campo, calc\u00e1rio e entulho de demoli\u00e7\u00e3o sem comprometer o desempenho ao longo do tempo.<\/p>\n<p>Cada componente cr\u00edtico \u00e9 selecionado pela sua durabilidade: a carca\u00e7a de a\u00e7o de alta espessura resiste a impactos e desgaste, os martelos de a\u00e7o temperado substitu\u00edveis mant\u00eam a efici\u00eancia de britagem por centenas de horas de uso, e a caixa de engrenagens refor\u00e7ada \u00e9 selada para evitar a entrada de poeira e detritos. Ao contr\u00e1rio de alternativas mais leves, nosso britador de pedra com tomada de for\u00e7a (TDF) \u00e9 constru\u00eddo para suportar as vibra\u00e7\u00f5es e o estresse das tarefas di\u00e1rias de agricultura, paisagismo e pequenas constru\u00e7\u00f5es \u2014 desde a limpeza de terrenos e nivelamento de pastagens at\u00e9 a prepara\u00e7\u00e3o da base de estradas rurais.<\/p>\n<p>[\/et_pb_text][et_pb_button button_url=”https:\/\/pto-stone-crusher.com\/about-us” button_text=”ABOUT US” _builder_version=”4.27.5″ _module_preset=”default” custom_button=”on” button_text_size=”30px” hover_enabled=”0″ global_colors_info=”{}” sticky_enabled=”0″][\/et_pb_button][\/et_pb_column][\/et_pb_row][\/et_pb_section][et_pb_section fb_built=”1″ _builder_version=”4.20.4″ _module_preset=”default” global_colors_info=”{}”][et_pb_row _builder_version=”4.20.4″ _module_preset=”default” global_colors_info=”{}”][et_pb_column type=”4_4″ _builder_version=”4.20.4″ _module_preset=”default” global_colors_info=”{}”][et_pb_text _builder_version=”4.20.4″ _module_preset=”default” header_2_font=”|800|||||||” header_2_text_color=”#000000″ header_2_font_size=”50px” global_colors_info=”{}”]<\/p>\n<h2>PERGUNTAS FREQUENTES:<\/h2>\n<p>[\/et_pb_text][et_pb_accordion _builder_version=”4.27.5″ _module_preset=”default” hover_enabled=”0″ global_colors_info=”{}” sticky_enabled=”0″][et_pb_accordion_item title=”Q1. Has it passed international standard testing?” open=”on” _builder_version=”4.27.5″ _module_preset=”default” hover_enabled=”0″ global_colors_info=”{}” toggle_level=”h3″ toggle_font=”|700|||||||” sticky_enabled=”0″]<\/p>\n<p>A1. We have passed the ISO9001 Quality Management System Certification,Grade A certification for the Integration of Informatization and Industrialization,SGS Verified Manufacturer.<\/p>\n<p>[\/et_pb_accordion_item][et_pb_accordion_item title=”Q2. What are the product categories?” _builder_version=”4.27.5″ _module_preset=”default” hover_enabled=”0″ global_colors_info=”{}” toggle_level=”h3″ toggle_font=”|700|||||||” open=”off” sticky_enabled=”0″]<\/p>\n<p>A2. We own <span data-type=\"text\">Ancinho para pedras, coletores de pedras, rotocultivador, trituradores\/britadores de pedra, m\u00e1quinas para batata, sulcador para batata, fertilizantes, cultivador rotativo, plantadeira de batata, colhedoras de batata, colhedora de batata de 2 fileiras, colhedoras de batata rebocadas, colhedora de batata rebocada de 2 fileiras, colhedora de batata rebocada de 4 fileiras, colheita de batata para big bags, colheita de batata de 2 fileiras, m\u00e1quinas para pecu\u00e1ria e assim por diante.<\/span><\/p>\n<p>[\/et_pb_accordion_item][et_pb_accordion_item title=”Q3. What is a stone crusher and what does it do?” _builder_version=”4.27.5″ _module_preset=”default” hover_enabled=”0″ global_colors_info=”{}” toggle_level=”h3″ toggle_font=”|700|||||||” open=”off” sticky_enabled=”0″]<\/p>\n<p>A3. A stone crusher is a piece of heavy machinery designed to break down large rocks into smaller sizes for various applications, such as road construction, concrete production, and mining. It processes materials like limestone, granite, basalt, and recycled concrete.<\/p>\n<p>[\/et_pb_accordion_item][et_pb_accordion_item title=”Q4. What factors should I consider when choosing a stone crusher?” _builder_version=”4.27.5″ _module_preset=”default” hover_enabled=”0″ global_colors_info=”{}” toggle_level=”h3″ toggle_font=”|700|||||||” open=”off” sticky_enabled=”0″]<\/p>\n<p>A4. Key considerations include the type of material to be crushed, desired output size, capacity requirements, mobility needs, and budget constraints. Additionally, reliability and after-sales support from the stone crusher supplier are important.<\/p>\n<p>[\/et_pb_accordion_item][\/et_pb_accordion][\/et_pb_column][\/et_pb_row][\/et_pb_section]<\/p>","protected":false},"excerpt":{"rendered":"<p>pto stone crusherPTO STONE CRUSHERProvide high-quality solutions for the development of farmland and forest areas.PTO STONE CRUSHERAs a trusted pto stone crusher manufacturer and supplier, we prioritize structural integrity in every design. The reinforced frame minimizes flexing during heavy loads, while corrosion-resistant finishes protect against outdoor elements like moisture and dust. This focus on durability [&hellip;]<\/p>","protected":false},"author":1,"featured_media":0,"parent":0,"menu_order":0,"comment_status":"closed","ping_status":"closed","template":"","meta":{"_et_pb_use_builder":"on","_et_pb_old_content":"","_et_gb_content_width":"","footnotes":""},"class_list":["post-158","page","type-page","status-publish","hentry"],"_links":{"self":[{"href":"https:\/\/pto-stone-crusher.com\/pt\/wp-json\/wp\/v2\/pages\/158","targetHints":{"allow":["GET"]}}],"collection":[{"href":"https:\/\/pto-stone-crusher.com\/pt\/wp-json\/wp\/v2\/pages"}],"about":[{"href":"https:\/\/pto-stone-crusher.com\/pt\/wp-json\/wp\/v2\/types\/page"}],"author":[{"embeddable":true,"href":"https:\/\/pto-stone-crusher.com\/pt\/wp-json\/wp\/v2\/users\/1"}],"replies":[{"embeddable":true,"href":"https:\/\/pto-stone-crusher.com\/pt\/wp-json\/wp\/v2\/comments?post=158"}],"version-history":[{"count":21,"href":"https:\/\/pto-stone-crusher.com\/pt\/wp-json\/wp\/v2\/pages\/158\/revisions"}],"predecessor-version":[{"id":494,"href":"https:\/\/pto-stone-crusher.com\/pt\/wp-json\/wp\/v2\/pages\/158\/revisions\/494"}],"wp:attachment":[{"href":"https:\/\/pto-stone-crusher.com\/pt\/wp-json\/wp\/v2\/media?parent=158"}],"curies":[{"name":"wp","href":"https:\/\/api.w.org\/{rel}","templated":true}]}}