{"id":113,"date":"2025-11-13T05:16:06","date_gmt":"2025-11-13T05:16:06","guid":{"rendered":"https:\/\/pto-stone-crusher.com\/?page_id=113"},"modified":"2025-11-13T05:16:06","modified_gmt":"2025-11-13T05:16:06","slug":"contate-nos","status":"publish","type":"page","link":"https:\/\/pto-stone-crusher.com\/pt\/contate-nos\/","title":{"rendered":"Contate-nos"},"content":{"rendered":"<p>[et_pb_section][et_pb_row][et_pb_column type=”4_4″][et_pb_text]<\/p>\n<h1>TRITURADOR DE PEDRAS PTO<\/h1>\n<p>Como um dos fabricantes, fornecedores e exportadores de britadores de pedra com tomada de for\u00e7a (TDF) e produtos mec\u00e2nicos, oferecemos britadores de pedra com TDF e muitos outros produtos.<\/p>\n<p>Entre em contato conosco para obter mais detalhes.<\/p>\n<p>Correspond\u00eancia:<a href=\"\/sales@pto-stone-crusher.com\/\" target=\"_blank\" rel=\"noopener\">sales@pto-stone-crusher.com<\/a><\/p>\n<p>Fabricante, fornecedor e exportador de britadores de pedra com tomada de for\u00e7a (PTO).<\/p>\n<p>Somos especializados na produ\u00e7\u00e3o de caixas de engrenagens agr\u00edcolas, eixos de tomada de for\u00e7a (TDF), rodas dentadas, acoplamentos hidr\u00e1ulicos, redutores de engrenagem sem-fim, engrenagens e cremalheiras, correntes de rolos, polias, caixas de engrenagens planet\u00e1rias, polias sincronizadoras, an\u00e9is de fixa\u00e7\u00e3o de eixos e muito mais.<\/p>\n<p>Exportamos nossos produtos para clientes em todo o mundo e conquistamos uma boa reputa\u00e7\u00e3o devido \u00e0 qualidade superior de nossos produtos e ao nosso servi\u00e7o p\u00f3s-venda.<br \/>\nRecebemos com prazer clientes nacionais e internacionais para que entrem em contato conosco a fim de negociar neg\u00f3cios, trocar informa\u00e7\u00f5es e cooperar conosco.<\/p>\n<p>[\/et_pb_text][\/et_pb_column][\/et_pb_row][\/et_pb_section]<\/p>","protected":false},"excerpt":{"rendered":"<p><div class=\"et_pb_section et_pb_section_0 et_section_regular\" >\n\t\t\t\t\n\t\t\t\t\n\t\t\t\t\n\t\t\t\t\n\t\t\t\t\n\t\t\t\t\n\t\t\t\t\n\t\t\t\t\n\t\t\t\t\n\t\t\t<\/div><div class=\"et_pb_row et_pb_row_0 et_pb_row_empty\">\n\t\t\t\t\n\t\t\t\t\n\t\t\t\t\n\t\t\t\t\n\t\t\t\t\n\t\t\t<\/div><div class=\"et_pb_module et_pb_text et_pb_text_0  et_pb_text_align_left et_pb_bg_layout_light\">\n\t\t\t\t\n\t\t\t\t\n\t\t\t\t\n\t\t\t\t\n\t\t\t\t\n\t\t\t<\/div> PTO-STONE-CRUSHER As one of the pto stone crusher manufacturers, suppliers, and exporters of mechanical products, we offer pto stone crusher and many other products. Please get in touch with us for details. Mail:sales@pto-stone-crusher.com Manufacturer, supplier, exporter of pto stone crusher. We specialize in the production of Agricultural Gearbox, PTO Shafts, Sprockets, Fluid Coupling, Worm [&hellip;]<\/p>","protected":false},"author":1,"featured_media":0,"parent":0,"menu_order":0,"comment_status":"closed","ping_status":"closed","template":"","meta":{"_et_pb_use_builder":"on","_et_pb_old_content":"<h1>PTO-STONE-CRUSHER<\/h1><p>As one of the pto stone crusher manufacturers, suppliers, and exporters of mechanical products, we offer pto stone crusher and many other products.<\/p><p>Please get in touch with us for details.<\/p><p>Mail:<a href=\"sales@pto-stone-crusher.com\" target=\"_blank\" rel=\"noopener\">sales@pto-stone-crusher.com<\/a><\/p><p>Manufacturer, supplier, exporter of pto stone crusher.\u00a0<\/p><p>We specialize in the production of Agricultural Gearbox, PTO Shafts, Sprockets, Fluid Coupling, Worm Gear Reducers, Gears and racks, Roller Chains, Sheave and Pulleys, Planetary Gearboxes, Timing Pulleys, Shaft Collars, and more.<\/p><p>We have exported our products to clients worldwide and earned a good reputation because of our superior product quality and after-sales service.<br \/>We warmly welcome customers both at home and abroad to contact us to negotiate business, exchange information, and cooperate with us.<\/p>","_et_gb_content_width":"","footnotes":""},"class_list":["post-113","page","type-page","status-publish","hentry"],"_links":{"self":[{"href":"https:\/\/pto-stone-crusher.com\/pt\/wp-json\/wp\/v2\/pages\/113","targetHints":{"allow":["GET"]}}],"collection":[{"href":"https:\/\/pto-stone-crusher.com\/pt\/wp-json\/wp\/v2\/pages"}],"about":[{"href":"https:\/\/pto-stone-crusher.com\/pt\/wp-json\/wp\/v2\/types\/page"}],"author":[{"embeddable":true,"href":"https:\/\/pto-stone-crusher.com\/pt\/wp-json\/wp\/v2\/users\/1"}],"replies":[{"embeddable":true,"href":"https:\/\/pto-stone-crusher.com\/pt\/wp-json\/wp\/v2\/comments?post=113"}],"version-history":[{"count":5,"href":"https:\/\/pto-stone-crusher.com\/pt\/wp-json\/wp\/v2\/pages\/113\/revisions"}],"predecessor-version":[{"id":118,"href":"https:\/\/pto-stone-crusher.com\/pt\/wp-json\/wp\/v2\/pages\/113\/revisions\/118"}],"wp:attachment":[{"href":"https:\/\/pto-stone-crusher.com\/pt\/wp-json\/wp\/v2\/media?parent=113"}],"curies":[{"name":"wp","href":"https:\/\/api.w.org\/{rel}","templated":true}]}}