{"id":113,"date":"2025-11-13T05:16:06","date_gmt":"2025-11-13T05:16:06","guid":{"rendered":"https:\/\/pto-stone-crusher.com\/?page_id=113"},"modified":"2025-11-13T05:16:06","modified_gmt":"2025-11-13T05:16:06","slug":"skontaktuj-sie-z-nami","status":"publish","type":"page","link":"https:\/\/pto-stone-crusher.com\/pl\/skontaktuj-sie-z-nami\/","title":{"rendered":"Skontaktuj si\u0119 z nami"},"content":{"rendered":"<p>[et_pb_section][et_pb_row][et_pb_column type=”4_4″][et_pb_text]<\/p>\n<h1>WOM-KRUSZARKA DO KAMIENI<\/h1>\n<p>Jako jeden z producent\u00f3w, dostawc\u00f3w i eksporter\u00f3w kruszarek z wa\u0142kiem odbioru mocy, oferujemy kruszarki z wa\u0142kiem odbioru mocy i wiele innych produkt\u00f3w.<\/p>\n<p>Skontaktuj si\u0119 z nami, aby uzyska\u0107 szczeg\u00f3\u0142owe informacje.<\/p>\n<p>Poczta:<a href=\"\/sales@pto-stone-crusher.com\/\" target=\"_blank\" rel=\"noopener\">sales@pto-stone-crusher.com<\/a><\/p>\n<p>Producent, dostawca, eksporter kruszarek przegubowych.<\/p>\n<p>Specjalizujemy si\u0119 w produkcji przek\u0142adni rolniczych, wa\u0142k\u00f3w odbioru mocy, k\u00f3\u0142 \u0142a\u0144cuchowych, sprz\u0119gie\u0142 hydraulicznych, przek\u0142adni \u015blimakowych, k\u00f3\u0142 z\u0119batych i listew z\u0119batych, \u0142a\u0144cuch\u00f3w rolkowych, k\u00f3\u0142 pasowych i k\u00f3\u0142 pasowych, przek\u0142adni planetarnych, k\u00f3\u0142 pasowych rozrz\u0105du, ko\u0142nierzy wa\u0142\u00f3w i wielu innych.<\/p>\n<p>Eksportujemy nasze produkty do klient\u00f3w na ca\u0142ym \u015bwiecie i zyskali\u015bmy dobr\u0105 reputacj\u0119 dzi\u0119ki wysokiej jako\u015bci produkt\u00f3w i obs\u0142udze posprzeda\u017cowej.<br \/>\nSerdecznie zapraszamy klient\u00f3w z kraju i zagranicy do kontaktu z nami w celu negocjacji handlowych, wymiany informacji i wsp\u00f3\u0142pracy.<\/p>\n<p>[\/et_pb_text][\/et_pb_column][\/et_pb_row][\/et_pb_section]<\/p>","protected":false},"excerpt":{"rendered":"<p><div class=\"et_pb_section et_pb_section_0 et_section_regular\" >\n\t\t\t\t\n\t\t\t\t\n\t\t\t\t\n\t\t\t\t\n\t\t\t\t\n\t\t\t\t\n\t\t\t\t\n\t\t\t\t\n\t\t\t\t\n\t\t\t<\/div><div class=\"et_pb_row et_pb_row_0 et_pb_row_empty\">\n\t\t\t\t\n\t\t\t\t\n\t\t\t\t\n\t\t\t\t\n\t\t\t\t\n\t\t\t<\/div><div class=\"et_pb_module et_pb_text et_pb_text_0  et_pb_text_align_left et_pb_bg_layout_light\">\n\t\t\t\t\n\t\t\t\t\n\t\t\t\t\n\t\t\t\t\n\t\t\t\t\n\t\t\t<\/div> PTO-STONE-CRUSHER As one of the pto stone crusher manufacturers, suppliers, and exporters of mechanical products, we offer pto stone crusher and many other products. Please get in touch with us for details. Mail:sales@pto-stone-crusher.com Manufacturer, supplier, exporter of pto stone crusher. We specialize in the production of Agricultural Gearbox, PTO Shafts, Sprockets, Fluid Coupling, Worm [&hellip;]<\/p>","protected":false},"author":1,"featured_media":0,"parent":0,"menu_order":0,"comment_status":"closed","ping_status":"closed","template":"","meta":{"_et_pb_use_builder":"on","_et_pb_old_content":"<h1>PTO-STONE-CRUSHER<\/h1><p>As one of the pto stone crusher manufacturers, suppliers, and exporters of mechanical products, we offer pto stone crusher and many other products.<\/p><p>Please get in touch with us for details.<\/p><p>Mail:<a href=\"sales@pto-stone-crusher.com\" target=\"_blank\" rel=\"noopener\">sales@pto-stone-crusher.com<\/a><\/p><p>Manufacturer, supplier, exporter of pto stone crusher.\u00a0<\/p><p>We specialize in the production of Agricultural Gearbox, PTO Shafts, Sprockets, Fluid Coupling, Worm Gear Reducers, Gears and racks, Roller Chains, Sheave and Pulleys, Planetary Gearboxes, Timing Pulleys, Shaft Collars, and more.<\/p><p>We have exported our products to clients worldwide and earned a good reputation because of our superior product quality and after-sales service.<br \/>We warmly welcome customers both at home and abroad to contact us to negotiate business, exchange information, and cooperate with us.<\/p>","_et_gb_content_width":"","footnotes":""},"class_list":["post-113","page","type-page","status-publish","hentry"],"_links":{"self":[{"href":"https:\/\/pto-stone-crusher.com\/pl\/wp-json\/wp\/v2\/pages\/113","targetHints":{"allow":["GET"]}}],"collection":[{"href":"https:\/\/pto-stone-crusher.com\/pl\/wp-json\/wp\/v2\/pages"}],"about":[{"href":"https:\/\/pto-stone-crusher.com\/pl\/wp-json\/wp\/v2\/types\/page"}],"author":[{"embeddable":true,"href":"https:\/\/pto-stone-crusher.com\/pl\/wp-json\/wp\/v2\/users\/1"}],"replies":[{"embeddable":true,"href":"https:\/\/pto-stone-crusher.com\/pl\/wp-json\/wp\/v2\/comments?post=113"}],"version-history":[{"count":5,"href":"https:\/\/pto-stone-crusher.com\/pl\/wp-json\/wp\/v2\/pages\/113\/revisions"}],"predecessor-version":[{"id":118,"href":"https:\/\/pto-stone-crusher.com\/pl\/wp-json\/wp\/v2\/pages\/113\/revisions\/118"}],"wp:attachment":[{"href":"https:\/\/pto-stone-crusher.com\/pl\/wp-json\/wp\/v2\/media?parent=113"}],"curies":[{"name":"wp","href":"https:\/\/api.w.org\/{rel}","templated":true}]}}