{"id":188,"date":"2025-11-14T07:28:34","date_gmt":"2025-11-14T07:28:34","guid":{"rendered":"https:\/\/pto-stone-crusher.com\/?page_id=188"},"modified":"2025-11-14T07:34:20","modified_gmt":"2025-11-14T07:34:20","slug":"over-ons","status":"publish","type":"page","link":"https:\/\/pto-stone-crusher.com\/nl\/over-ons\/","title":{"rendered":"Over ons"},"content":{"rendered":"<p>[et_pb_section fb_built=”1″ admin_label=”Community” _builder_version=”4.23.2″ _module_preset=”default” locked=”off” collapsed=”off” global_colors_info=”{}”][et_pb_row _builder_version=”4.24.2″ _module_preset=”default” locked=”off” global_colors_info=”{}”][et_pb_column type=”4_4″ _builder_version=”4.23.2″ _module_preset=”default” global_colors_info=”{}”][et_pb_text _builder_version=”4.20.4″ _module_preset=”1ab0d0bc-d290-4b5d-8d48-c5d462eb61bb” header_text_color=”gcid-0a70bcaa-1736-40e0-9723-4fb88b8b6694″ text_orientation=”center” global_colors_info=”{%22gcid-0a70bcaa-1736-40e0-9723-4fb88b8b6694%22:%91%22header_text_color%22%93}”]<\/p>\n<h1>OVER ONS<\/h1>\n<p>[\/et_pb_text][et_pb_text _builder_version=”4.20.4″ _module_preset=”default” text_font=”|300|||||||” text_font_size=”18px” max_width=”75%” module_alignment=”center” global_colors_info=”{}”]<\/p>\n<p>Sinds 1970 hanteert Watanabe een productiefilosofie die gericht is op respect voor de natuur. Daarbij zet het bedrijf zich in voor rationeel landgebruik en verantwoorde transformatie van het land.<\/p>\n<p>[\/et_pb_text][\/et_pb_column][\/et_pb_row][et_pb_row _builder_version=”4.23.2″ _module_preset=”default” global_colors_info=”{}”][et_pb_column type=”4_4″ _builder_version=”4.23.2″ _module_preset=”default” global_colors_info=”{}”][et_pb_video src=”https:\/\/pto-stone-crusher.com\/wp-content\/uploads\/2025\/11\/watanabe.mp4″ _builder_version=”4.20.4″ _module_preset=”default” hover_enabled=”0″ global_colors_info=”{}” title_text=”watanabe” sticky_enabled=”0″][\/et_pb_video][\/et_pb_column][\/et_pb_row][\/et_pb_section][et_pb_section fb_built=”1″ admin_label=”About” _builder_version=”4.23.2″ _module_preset=”default” locked=”off” collapsed=”off” global_colors_info=”{}”][et_pb_row _builder_version=”4.20.4″ _module_preset=”default” global_colors_info=”{}”][et_pb_column type=”4_4″ _builder_version=”4.20.4″ _module_preset=”default” global_colors_info=”{}”][et_pb_text _builder_version=”4.20.4″ _module_preset=”8f3dd08b-02db-4402-bda0-d18458289706″ header_2_font=”|800||on|||||” header_2_text_align=”center” header_2_text_color=”#000000″ header_2_font_size=”100px” header_2_letter_spacing=”3px” header_2_line_height=”1.7em” custom_margin=”||0px||false|false” global_colors_info=”{}”]<\/p>\n<h2>Ons verhaal wordt nog steeds geschreven<\/h2>\n<p>[\/et_pb_text][\/et_pb_column][\/et_pb_row][et_pb_row column_structure=”1_2,1_2″ _builder_version=”4.20.4″ _module_preset=”default” global_colors_info=”{}”][et_pb_column type=”1_2″ _builder_version=”4.23.2″ _module_preset=”default” global_colors_info=”{}”][et_pb_text _builder_version=”4.20.4″ _module_preset=”8065643d-41e0-4991-b14e-c95e161ff78f” header_2_font_size=”30px” custom_margin=”||10px||false|false” global_colors_info=”{}”]<\/p>\n<h2>Meer dan vijf decennia betrouwbare samenwerking met agrarische professionals<\/h2>\n<p>[\/et_pb_text][et_pb_text _builder_version=”4.20.4″ _module_preset=”default” global_colors_info=”{}”]<\/p>\n<div class=\"auto-hide-last-sibling-br paragraph-pP9ZLC paragraph-element br-paragraph-space\">In 1970 startte de heer Hitoshi Watanabe zijn bedrijf in Castro-Pr als geautoriseerd distributeur van Hatsuta-spuitmachines. Door voortdurend contact te onderhouden met lokale boeren, kreeg hij een diepgaand begrip van hun praktische behoeften, wat leidde tot de ontwikkeling van de eerste tweerijige aardappelrooier.<\/div>\n<div class=\"auto-hide-last-sibling-br paragraph-pP9ZLC paragraph-element br-paragraph-space\">Dankzij het overweldigende succes van deze apparatuur en de stijgende marktvraag werd in 1976 de Hitoshi Watanabe Agricultural Machinery Factory opgericht, gespecialiseerd in aardappelwerktuigen. Na zijn overlijden in 1983 liet de heer Watanabe zijn bedrijf na aan zijn vrouw en kinderen, die het bedrijf als opvolgers overnamen.<\/div>\n<div class=\"auto-hide-last-sibling-br paragraph-pP9ZLC paragraph-element br-paragraph-space\">In 1984 werd het bedrijf omgedoopt tot Watanabe M\u00e1quinas Agr\u00edcolas Ind\u00fastria e Com\u00e9rcio Ltda. Voortbouwend op de basis in de aardappelsector bleef het bedrijf innoveren met nieuwe productontwikkelingen, afgestemd op deze markt, terwijl het zich uitbreidde naar andere segmenten: katoen, suikerriet, bosbouw, grondbewerking en apparatuur voor materiaalbehandeling en -opslag.<\/div>\n<p>[\/et_pb_text][et_pb_button button_text=”GET MORE” _builder_version=”4.20.4″ _module_preset=”5444a11f-e24f-4df2-9baf-c4ea5c6ae058″ global_colors_info=”{}”][\/et_pb_button][\/et_pb_column][et_pb_column type=”1_2″ _builder_version=”4.23.2″ _module_preset=”default” global_colors_info=”{}”][et_pb_image src=”https:\/\/pto-stone-crusher.com\/wp-content\/uploads\/2025\/11\/watanabe-about.webp” alt=”pto stoene crusher<br \/>\n-about” title_text=”watanabe-about” _builder_version=”4.20.4″ _module_preset=”default” global_colors_info=”{}”][\/et_pb_image][\/et_pb_column][\/et_pb_row][et_pb_row column_structure=”1_2,1_2″ _builder_version=”4.20.4″ _module_preset=”default” global_colors_info=”{}”][et_pb_column type=”1_2″ _builder_version=”4.20.4″ _module_preset=”default” global_colors_info=”{}”][et_pb_text _builder_version=”4.20.4″ _module_preset=”default” text_font=”|800|||on|||#000000|” text_text_color=”#000000″ text_font_size=”85px” text_letter_spacing=”12px” text_line_height=”1.6em” quote_font=”|800|||||||” text_orientation=”center” global_colors_info=”{}”]<\/p>\n<blockquote>\n<p>EN<\/p>\n<p>NU<\/p>\n<\/blockquote>\n<p>[\/et_pb_text][\/et_pb_column][et_pb_column type=”1_2″ _builder_version=”4.20.4″ _module_preset=”default” global_colors_info=”{}”][et_pb_text _builder_version=”4.20.4″ _module_preset=”default” global_colors_info=”{}”]<\/p>\n<p>Voortbouwend op deze erfenis van innovatie en klantgerichtheid, heeft Watanabe haar productportfolio uitgebreid met een uitgebreid assortiment oplossingen voor landbouw en materiaalverwerking.<\/p>\n<p>Momenteel omvatten onze aanbiedingen:<\/p>\n<p>1.<strong>rotshark<\/strong>, 2.<strong>steenverzamelaars<\/strong>, 3.<strong>freesmachine<\/strong>\uff0c4.<strong>mulchers\/steenbrekers<\/strong>, 5.<strong>aardappelmachines<\/strong>, 6.<strong>aardappelrooier<\/strong>, 7.<strong>meststoffen<\/strong>, 8.<strong>roterende cultivator<\/strong>, 9.<strong>aardappelplanter<\/strong>, 10.<strong>aardappelrooiers<\/strong>, 11.<strong>aardappelrooier 2 rijen<\/strong>, 12.<strong>aardappelrooiers-getrokken<\/strong>, 13.<strong>aardappelrooier 2 rijen \u2013 getrokken<\/strong>, 14.<strong>aardappelrooier 4 rijen \u2013 getrokken<\/strong>, 15.<strong>aardappeloogst voor big bags<\/strong>, 16.<strong>aardappeloogst -2 rijen<\/strong>, 17.<strong>machines voor veeteelt<\/strong> enzovoort, naast andere essenti\u00eble hulpmiddelen. Omdat we blijven luisteren naar de veranderende behoeften van landbouwprofessionals wereldwijd, zijn we voortdurend bezig met de ontwikkeling van nieuwe toevoegingen aan ons productassortiment. Blijf op de hoogte van de nieuwste ontwikkelingen van Watanabe!<\/p>\n<p>[\/et_pb_text][\/et_pb_column][\/et_pb_row][et_pb_row column_structure=”1_2,1_2″ _builder_version=”4.20.4″ _module_preset=”default” width=”90%” max_width=”100%” global_colors_info=”{}”][et_pb_column type=”1_2″ _builder_version=”4.20.4″ _module_preset=”default” global_colors_info=”{}”][et_pb_text _builder_version=”4.20.4″ _module_preset=”01804549-448e-4882-b311-20d58217cd03″ max_width=”60%” module_alignment=”right” global_colors_info=”{}”]<\/p>\n<p>Sinds de jaren 70 staan \u200b\u200bwe zij aan zij met boeren, landbouwkundigen, co\u00f6peraties en landbouwonderzoekers over de hele wereld. Al meer dan vijftig jaar is onze samenwerking niet alleen gebaseerd op innovatieve producten en geavanceerde technologie, maar ook op een gedeeld respect voor het land, een toewijding aan overvloedige oogsten en een gemeenschappelijke visie op een duurzame toekomst.<\/p>\n<p>[\/et_pb_text][et_pb_button button_url=”https:\/\/pto-stone-crusher.com\/contact-us\/” button_text=”CONTACT US” button_alignment=”center” _builder_version=”4.20.4″ _module_preset=”default” custom_button=”on” button_text_size=”32px” global_colors_info=”{}”][\/et_pb_button][\/et_pb_column][et_pb_column type=”1_2″ _builder_version=”4.20.4″ _module_preset=”default” global_colors_info=”{}”][et_pb_image src=”https:\/\/pto-stone-crusher.com\/wp-content\/uploads\/2025\/11\/watanabe-.webp” alt=”watanabe-patato-harvest” title_text=”watanabe” _builder_version=”4.20.4″ _module_preset=”default” global_colors_info=”{}”][\/et_pb_image][\/et_pb_column][\/et_pb_row][et_pb_row _builder_version=”4.20.4″ _module_preset=”default” width=”100%” max_width=”100%” global_colors_info=”{}”][et_pb_column type=”4_4″ _builder_version=”4.20.4″ _module_preset=”default” global_colors_info=”{}”][et_pb_text _builder_version=”4.20.4″ _module_preset=”default” header_2_font=”|800|||||||” header_2_text_align=”center” header_2_font_size=”60px” background_color=”#E09900″ custom_padding=”4%||4%||true|false” global_colors_info=”{}”]<\/p>\n<h2>ONZE DIENSTEN<\/h2>\n<p>[\/et_pb_text][\/et_pb_column][\/et_pb_row][et_pb_row column_structure=”1_4,1_4,1_4,1_4″ _builder_version=”4.20.4″ _module_preset=”default” global_colors_info=”{}”][et_pb_column type=”1_4″ _builder_version=”4.20.4″ _module_preset=”default” global_colors_info=”{}”][et_pb_blurb title=”24 x 7 services” use_icon=”on” font_icon=”||fa||900″ _builder_version=”4.20.4″ _module_preset=”default” header_level=”h3″ header_text_align=”center” global_colors_info=”{}”]<\/p>\n<p>Stuur ons een aanvraag om meer te weten te komen over de producten waarin u ge\u00efnteresseerd bent. Wij zullen zo snel mogelijk reageren.<\/p>\n<p>[\/et_pb_blurb][\/et_pb_column][et_pb_column type=”1_4″ _builder_version=”4.20.4″ _module_preset=”default” global_colors_info=”{}”][et_pb_blurb title=”Product Collection” use_icon=”on” font_icon=”||divi||400″ _builder_version=”4.20.4″ _module_preset=”default” header_level=”h3″ header_text_align=”center” global_colors_info=”{}”]<\/p>\n<p>Lever een gedetailleerde productcatalogus in PDF-formaat aan. U kunt meer te weten komen over de productdetails.<\/p>\n<p>[\/et_pb_blurb][\/et_pb_column][et_pb_column type=”1_4″ _builder_version=”4.20.4″ _module_preset=”default” global_colors_info=”{}”][et_pb_blurb title=”Product Maintenance” use_icon=”on” font_icon=”||fa||900″ _builder_version=”4.20.4″ _module_preset=”default” header_level=”h3″ header_text_align=”center” global_colors_info=”{}”]<\/p>\n<p>Als er problemen met uw product optreden, bieden wij technische ondersteuning.<\/p>\n<p>[\/et_pb_blurb][\/et_pb_column][et_pb_column type=”1_4″ _builder_version=”4.20.4″ _module_preset=”default” global_colors_info=”{}”][et_pb_blurb title=”Video  introduction” use_icon=”on” font_icon=”||fa||900″ _builder_version=”4.20.4″ _module_preset=”default” header_level=”h3″ header_text_align=”center” global_colors_info=”{}”]<\/p>\n<p>Zorg voor video- en grafische presentaties, zodat het product uitgebreid wordt gepresenteerd.<\/p>\n<p>[\/et_pb_blurb][\/et_pb_column][\/et_pb_row][\/et_pb_section]<\/p>","protected":false},"excerpt":{"rendered":"<p>ABOUT USSince 1970, Watanabe has adhered to the production philosophy of respecting nature, devoting efforts to the rational use and responsible transformation of land.Our story is still being writtenMore than five decades of reliable collaboration with agricultural professionalsBack in 1970, Mr. Hitoshi Watanabe launched his business operations in Castro-Pr as an authorized distributor of Hatsuta [&hellip;]<\/p>","protected":false},"author":1,"featured_media":0,"parent":0,"menu_order":0,"comment_status":"closed","ping_status":"closed","template":"","meta":{"_et_pb_use_builder":"on","_et_pb_old_content":"","_et_gb_content_width":"","footnotes":""},"class_list":["post-188","page","type-page","status-publish","hentry"],"_links":{"self":[{"href":"https:\/\/pto-stone-crusher.com\/nl\/wp-json\/wp\/v2\/pages\/188","targetHints":{"allow":["GET"]}}],"collection":[{"href":"https:\/\/pto-stone-crusher.com\/nl\/wp-json\/wp\/v2\/pages"}],"about":[{"href":"https:\/\/pto-stone-crusher.com\/nl\/wp-json\/wp\/v2\/types\/page"}],"author":[{"embeddable":true,"href":"https:\/\/pto-stone-crusher.com\/nl\/wp-json\/wp\/v2\/users\/1"}],"replies":[{"embeddable":true,"href":"https:\/\/pto-stone-crusher.com\/nl\/wp-json\/wp\/v2\/comments?post=188"}],"version-history":[{"count":4,"href":"https:\/\/pto-stone-crusher.com\/nl\/wp-json\/wp\/v2\/pages\/188\/revisions"}],"predecessor-version":[{"id":209,"href":"https:\/\/pto-stone-crusher.com\/nl\/wp-json\/wp\/v2\/pages\/188\/revisions\/209"}],"wp:attachment":[{"href":"https:\/\/pto-stone-crusher.com\/nl\/wp-json\/wp\/v2\/media?parent=188"}],"curies":[{"name":"wp","href":"https:\/\/api.w.org\/{rel}","templated":true}]}}