{"id":188,"date":"2025-11-14T07:28:34","date_gmt":"2025-11-14T07:28:34","guid":{"rendered":"https:\/\/pto-stone-crusher.com\/?page_id=188"},"modified":"2025-11-14T07:34:20","modified_gmt":"2025-11-14T07:34:20","slug":"%ec%9a%b0%eb%a6%ac%ec%97%90-%eb%8c%80%ed%95%b4","status":"publish","type":"page","link":"https:\/\/pto-stone-crusher.com\/ko\/%ec%9a%b0%eb%a6%ac%ec%97%90-%eb%8c%80%ed%95%b4\/","title":{"rendered":"\uc6b0\ub9ac\uc5d0 \ub300\ud558\uc5ec"},"content":{"rendered":"<p>[et_pb_section fb_built=”1″ admin_label=”Community” _builder_version=”4.23.2″ _module_preset=”default” locked=”off” collapsed=”off” global_colors_info=”{}”][et_pb_row _builder_version=”4.24.2″ _module_preset=”default” locked=”off” global_colors_info=”{}”][et_pb_column type=”4_4″ _builder_version=”4.23.2″ _module_preset=”default” global_colors_info=”{}”][et_pb_text _builder_version=”4.20.4″ _module_preset=”1ab0d0bc-d290-4b5d-8d48-c5d462eb61bb” header_text_color=”gcid-0a70bcaa-1736-40e0-9723-4fb88b8b6694″ text_orientation=”center” global_colors_info=”{%22gcid-0a70bcaa-1736-40e0-9723-4fb88b8b6694%22:%91%22header_text_color%22%93}”]<\/p>\n<h1>\ud68c\uc0ac \uc18c\uac1c<\/h1>\n<p>[\/et_pb_text][et_pb_text _builder_version=”4.20.4″ _module_preset=”default” text_font=”|300|||||||” text_font_size=”18px” max_width=”75%” module_alignment=”center” global_colors_info=”{}”]<\/p>\n<p>\uc640\ud0c0\ub098\ubca0\ub294 1970\ub144\ubd80\ud130 \uc790\uc5f0\uc744 \uc874\uc911\ud558\ub294 \uc0dd\uc0b0 \ucca0\ud559\uc744 \uace0\uc218\ud558\uace0 \ud1a0\uc9c0\uc758 \ud569\ub9ac\uc801 \uc774\uc6a9\uacfc \ucc45\uc784 \uc788\ub294 \uc804\ud658\uc5d0 \ub178\ub825\uc744 \uae30\uc6b8\uc5ec \uc654\uc2b5\ub2c8\ub2e4.<\/p>\n<p>[\/et_pb_text][\/et_pb_column][\/et_pb_row][et_pb_row _builder_version=”4.23.2″ _module_preset=”default” global_colors_info=”{}”][et_pb_column type=”4_4″ _builder_version=”4.23.2″ _module_preset=”default” global_colors_info=”{}”][et_pb_video src=”https:\/\/pto-stone-crusher.com\/wp-content\/uploads\/2025\/11\/watanabe.mp4″ _builder_version=”4.20.4″ _module_preset=”default” hover_enabled=”0″ global_colors_info=”{}” title_text=”watanabe” sticky_enabled=”0″][\/et_pb_video][\/et_pb_column][\/et_pb_row][\/et_pb_section][et_pb_section fb_built=”1″ admin_label=”About” _builder_version=”4.23.2″ _module_preset=”default” locked=”off” collapsed=”off” global_colors_info=”{}”][et_pb_row _builder_version=”4.20.4″ _module_preset=”default” global_colors_info=”{}”][et_pb_column type=”4_4″ _builder_version=”4.20.4″ _module_preset=”default” global_colors_info=”{}”][et_pb_text _builder_version=”4.20.4″ _module_preset=”8f3dd08b-02db-4402-bda0-d18458289706″ header_2_font=”|800||on|||||” header_2_text_align=”center” header_2_text_color=”#000000″ header_2_font_size=”100px” header_2_letter_spacing=”3px” header_2_line_height=”1.7em” custom_margin=”||0px||false|false” global_colors_info=”{}”]<\/p>\n<h2>\uc6b0\ub9ac\uc758 \uc774\uc57c\uae30\ub294 \uc544\uc9c1\ub3c4 \uc4f0\uc5ec\uc9c0\uace0 \uc788\uc2b5\ub2c8\ub2e4<\/h2>\n<p>[\/et_pb_text][\/et_pb_column][\/et_pb_row][et_pb_row column_structure=”1_2,1_2″ _builder_version=”4.20.4″ _module_preset=”default” global_colors_info=”{}”][et_pb_column type=”1_2″ _builder_version=”4.23.2″ _module_preset=”default” global_colors_info=”{}”][et_pb_text _builder_version=”4.20.4″ _module_preset=”8065643d-41e0-4991-b14e-c95e161ff78f” header_2_font_size=”30px” custom_margin=”||10px||false|false” global_colors_info=”{}”]<\/p>\n<h2>\ub18d\uc5c5 \uc804\ubb38\uac00\uc640 50\ub144 \uc774\uc0c1 \uc2e0\ub8b0\ud560 \uc218 \uc788\ub294 \ud611\ub825<\/h2>\n<p>[\/et_pb_text][et_pb_text _builder_version=”4.20.4″ _module_preset=”default” global_colors_info=”{}”]<\/p>\n<div class=\"auto-hide-last-sibling-br paragraph-pP9ZLC paragraph-element br-paragraph-space\">1970\ub144, \ud788\ud1a0\uc2dc \uc640\ud0c0\ub098\ubca0 \uc528\ub294 \uce74\uc2a4\ud2b8\ub85c-\ud504\ub974\uc5d0\uc11c \ud558\uce20\ud0c0(Hatsuta) \ubd84\ubb34\uae30 \uacf5\uc2dd \uc720\ud1b5\uc5c5\uccb4\ub85c \uc0ac\uc5c5\uc744 \uc2dc\uc791\ud588\uc2b5\ub2c8\ub2e4. \uc9c0\uc5ed \ub18d\ubd80\ub4e4\uacfc \uafb8\uc900\ud788 \uc18c\ud1b5\ud558\uba70 \ub18d\ubd80\ub4e4\uc758 \uc2e4\uc9c8\uc801\uc778 \uc694\uad6c\ub97c \uae4a\uc774 \uc774\ud574\ud558\uac8c \ub418\uc5c8\uace0, \uc774\ub97c \ubc14\ud0d5\uc73c\ub85c \ucd5c\ucd08\uc758 2\uc5f4 \uac10\uc790 \uc218\ud655\uae30\ub97c \uac1c\ubc1c\ud558\uac8c \ub418\uc5c8\uc2b5\ub2c8\ub2e4.<\/div>\n<div class=\"auto-hide-last-sibling-br paragraph-pP9ZLC paragraph-element br-paragraph-space\">\uc774 \uc7a5\ube44\uc758 \uc5c4\uccad\ub09c \uc131\uacf5\uacfc \uc2dc\uc7a5 \uc218\uc694 \uc99d\uac00\uc5d0 \ud798\uc785\uc5b4 1976\ub144 \ud788\ud1a0\uc2dc \uc640\ud0c0\ub098\ubca0 \ub18d\uae30\uacc4 \uacf5\uc7a5\uc774 \uc124\ub9bd\ub418\uc5b4 \uac10\uc790 \uad00\ub828 \ub18d\uae30\uad6c\ub97c \uc804\ubb38\uc73c\ub85c \uc0dd\uc0b0\ud558\uac8c \ub418\uc5c8\uc2b5\ub2c8\ub2e4. 1983\ub144 \ud0c0\uacc4\ud55c \ud6c4, \uc640\ud0c0\ub098\ubca0 \uc528\ub294 \uc0ac\uc5c5\uc744 \uc544\ub0b4\uc640 \uc790\ub140\uc5d0\uac8c \ubb3c\ub824\uc8fc\uc5c8\uace0, \ub450 \uc790\ub140\uac00 \uc0ac\uc5c5\uc744 \uc774\uc5b4\ubc1b\uc558\uc2b5\ub2c8\ub2e4.<\/div>\n<div class=\"auto-hide-last-sibling-br paragraph-pP9ZLC paragraph-element br-paragraph-space\">1984\ub144, \ud68c\uc0ac\uba85\uc744 Watanabe M\u00e1quinas Agr\u00edcolas Ind\u00fastria e Com\u00e9rcio Ltda\ub85c \ubcc0\uacbd\ud588\uc2b5\ub2c8\ub2e4. \uac10\uc790 \uc0b0\uc5c5\uc5d0\uc11c\uc758 \uae30\ubc18\uc744 \ubc14\ud0d5\uc73c\ub85c, \ud68c\uc0ac\ub294 \uba74\ud654, \uc0ac\ud0d5\uc218\uc218, \uc784\uc5c5, \ud1a0\uc591 \ucc98\ub9ac, \uc790\uc7ac \ucde8\uae09 \ubc0f \uc800\uc7a5 \uc7a5\ube44 \ub4f1 \ucd94\uac00 \ubd84\uc57c\ub85c \uc0ac\uc5c5\uc744 \ud655\uc7a5\ud558\ub294 \ub3d9\uc2dc\uc5d0 \uac10\uc790 \uc2dc\uc7a5\uc5d0 \ub9de\ucd98 \uc2e0\uc81c\ud488 \uac1c\ubc1c\uc744 \ud1b5\ud574 \ud601\uc2e0\uc744 \uac70\ub4ed\ud588\uc2b5\ub2c8\ub2e4.<\/div>\n<p>[\/et_pb_text][et_pb_button button_text=”GET MORE” _builder_version=”4.20.4″ _module_preset=”5444a11f-e24f-4df2-9baf-c4ea5c6ae058″ global_colors_info=”{}”][\/et_pb_button][\/et_pb_column][et_pb_column type=”1_2″ _builder_version=”4.23.2″ _module_preset=”default” global_colors_info=”{}”][et_pb_image src=”https:\/\/pto-stone-crusher.com\/wp-content\/uploads\/2025\/11\/watanabe-about.webp” alt=”pto stoene crusher<br \/>\n-about” title_text=”watanabe-about” _builder_version=”4.20.4″ _module_preset=”default” global_colors_info=”{}”][\/et_pb_image][\/et_pb_column][\/et_pb_row][et_pb_row column_structure=”1_2,1_2″ _builder_version=”4.20.4″ _module_preset=”default” global_colors_info=”{}”][et_pb_column type=”1_2″ _builder_version=”4.20.4″ _module_preset=”default” global_colors_info=”{}”][et_pb_text _builder_version=”4.20.4″ _module_preset=”default” text_font=”|800|||on|||#000000|” text_text_color=”#000000″ text_font_size=”85px” text_letter_spacing=”12px” text_line_height=”1.6em” quote_font=”|800|||||||” text_orientation=”center” global_colors_info=”{}”]<\/p>\n<blockquote>\n<p>\uadf8\ub9ac\uace0<\/p>\n<p>\uc9c0\uae08<\/p>\n<\/blockquote>\n<p>[\/et_pb_text][\/et_pb_column][et_pb_column type=”1_2″ _builder_version=”4.20.4″ _module_preset=”default” global_colors_info=”{}”][et_pb_text _builder_version=”4.20.4″ _module_preset=”default” global_colors_info=”{}”]<\/p>\n<p>\ud601\uc2e0\uacfc \uace0\uac1d \uc911\uc2ec\uc8fc\uc758\uc758 \uc720\uc0b0\uc744 \ubc14\ud0d5\uc73c\ub85c Watanabe\ub294 \ud3ec\uad04\uc801\uc778 \ub18d\uc5c5 \ubc0f \uc790\uc7ac \ucc98\ub9ac \uc194\ub8e8\uc158\uc744 \ud3ec\uad04\ud558\ub294 \uc81c\ud488 \ud3ec\ud2b8\ud3f4\ub9ac\uc624\ub97c \ud655\ub300\ud588\uc2b5\ub2c8\ub2e4.<\/p>\n<p>\uc624\ub298\ub0a0 \uc6b0\ub9ac\uac00 \uc81c\uacf5\ud558\ub294 \uc0c1\ud488\uc740 \ub2e4\uc74c\uacfc \uac19\uc2b5\ub2c8\ub2e4.<\/p>\n<p>1.<strong>\ubc14\uc704 \uac08\ud034<\/strong>, 2.<strong>\ubc14\uc704 \ub530\ub294 \uc0ac\ub78c\ub4e4<\/strong>, 3.<strong>\ub85c\ud0c0\ubca0\uc774\ud130<\/strong>\uff0c4.<strong>\uba40\ucc98\/\ub3cc \ubd84\uc1c4\uae30<\/strong>, 5.<strong>\uac10\uc790\uc758 \uae30\uacc4<\/strong>, 6.<strong>\uac10\uc790 \uace0\ub791 \ud30c\ub294 \uae30\uacc4<\/strong>, 7.<strong>\ube44\ub8cc<\/strong>, 8.<strong>\ud68c\uc804\uc2dd \uacbd\uc6b4\uae30<\/strong>, 9.<strong>\uac10\uc790 \uc2ec\ub294 \uae30\uacc4<\/strong>, 10.<strong>\uac10\uc790 \ud30c\ub294 \uc0ac\ub78c\ub4e4<\/strong>, 11.<strong>\uac10\uc790 \ud30c\ub294 \uae30\uacc4 2\uc904<\/strong>, 12.<strong>\uac10\uc790 \ud30c\ub294 \uc0ac\ub78c\ub4e4-\uaf2c\ub9ac<\/strong>, 13.<strong>\uac10\uc790 \ud30c\ub294 \uc0ac\ub78c 2\uc904 \u2013 \ub4a4\ub530\ub974\ub294<\/strong>, 14.<strong>\uac10\uc790 \ud30c\ub294 \uc0ac\ub78c 4\uc904 - \ub04c\ub9bc<\/strong>, 15.<strong>\ud070 \uac00\ubc29\uc744 \uc704\ud55c \uac10\uc790 \uc218\ud655<\/strong>, 16.<strong>\uac10\uc790 \uc218\ud655 -2\uc904<\/strong>, 17.<strong>\uac00\ucd95 \uae30\uacc4<\/strong> \ub4f1 \ud544\uc218 \ub3c4\uad6c\ub4e4\uc744 \uc81c\uacf5\ud569\ub2c8\ub2e4. \uc800\ud76c\ub294 \uc804 \uc138\uacc4 \ub18d\uc5c5 \uc804\ubb38\uac00\ub4e4\uc758 \ubcc0\ud654\ud558\ub294 \uc694\uad6c\uc5d0 \uadc0 \uae30\uc6b8\uc774\uace0 \uc788\uc73c\uba70, \uc81c\ud488 \ub77c\uc778\uc5c5\uc5d0 \uc0c8\ub85c\uc6b4 \uc81c\ud488\uc744 \ub04a\uc784\uc5c6\uc774 \ucd94\uac00\ud558\uace0 \uc788\uc2b5\ub2c8\ub2e4. \uc640\ud0c0\ub098\ubca0\uc758 \ub2e4\uc74c \ud589\ubcf4\ub97c \uae30\ub300\ud574 \uc8fc\uc138\uc694!<\/p>\n<p>[\/et_pb_text][\/et_pb_column][\/et_pb_row][et_pb_row column_structure=”1_2,1_2″ _builder_version=”4.20.4″ _module_preset=”default” width=”90%” max_width=”100%” global_colors_info=”{}”][et_pb_column type=”1_2″ _builder_version=”4.20.4″ _module_preset=”default” global_colors_info=”{}”][et_pb_text _builder_version=”4.20.4″ _module_preset=”01804549-448e-4882-b311-20d58217cd03″ max_width=”60%” module_alignment=”right” global_colors_info=”{}”]<\/p>\n<p>1970\ub144\ub300\ubd80\ud130 \uc6b0\ub9ac\ub294 \uc804 \uc138\uacc4 \ub18d\ubd80, \ub18d\ud559\uc790, \ud611\ub3d9\uc870\ud569, \uadf8\ub9ac\uace0 \ub18d\uc5c5 \uc5f0\uad6c\uc790\ub4e4\uacfc \ud568\uaed8\ud574 \uc654\uc2b5\ub2c8\ub2e4. 50\ub144\uc774 \ub118\ub294 \uc138\uc6d4 \ub3d9\uc548 \uc6b0\ub9ac\uc758 \ud30c\ud2b8\ub108\uc2ed\uc740 \ud601\uc2e0\uc801\uc778 \uc81c\ud488\uacfc \ucd5c\ucca8\ub2e8 \uae30\uc220\ubfd0\ub9cc \uc544\ub2c8\ub77c, \ub545\uc5d0 \ub300\ud55c \uacf5\ub3d9\uc758 \uc874\uc911, \ud48d\uc131\ud55c \uc218\ud655\uc5d0 \ub300\ud55c \ud5cc\uc2e0, \uadf8\ub9ac\uace0 \uc9c0\uc18d \uac00\ub2a5\ud55c \ubbf8\ub798\uc5d0 \ub300\ud55c \uacf5\ub3d9\uc758 \ube44\uc804\uc744 \ubc14\ud0d5\uc73c\ub85c \uad6c\ucd95\ub418\uc5b4 \uc654\uc2b5\ub2c8\ub2e4.<\/p>\n<p>[\/et_pb_text][et_pb_button button_url=”https:\/\/pto-stone-crusher.com\/contact-us\/” button_text=”CONTACT US” button_alignment=”center” _builder_version=”4.20.4″ _module_preset=”default” custom_button=”on” button_text_size=”32px” global_colors_info=”{}”][\/et_pb_button][\/et_pb_column][et_pb_column type=”1_2″ _builder_version=”4.20.4″ _module_preset=”default” global_colors_info=”{}”][et_pb_image src=”https:\/\/pto-stone-crusher.com\/wp-content\/uploads\/2025\/11\/watanabe-.webp” alt=”watanabe-patato-harvest” title_text=”watanabe” _builder_version=”4.20.4″ _module_preset=”default” global_colors_info=”{}”][\/et_pb_image][\/et_pb_column][\/et_pb_row][et_pb_row _builder_version=”4.20.4″ _module_preset=”default” width=”100%” max_width=”100%” global_colors_info=”{}”][et_pb_column type=”4_4″ _builder_version=”4.20.4″ _module_preset=”default” global_colors_info=”{}”][et_pb_text _builder_version=”4.20.4″ _module_preset=”default” header_2_font=”|800|||||||” header_2_text_align=”center” header_2_font_size=”60px” background_color=”#E09900″ custom_padding=”4%||4%||true|false” global_colors_info=”{}”]<\/p>\n<h2>\uc6b0\ub9ac\uc758 \uc11c\ube44\uc2a4<\/h2>\n<p>[\/et_pb_text][\/et_pb_column][\/et_pb_row][et_pb_row column_structure=”1_4,1_4,1_4,1_4″ _builder_version=”4.20.4″ _module_preset=”default” global_colors_info=”{}”][et_pb_column type=”1_4″ _builder_version=”4.20.4″ _module_preset=”default” global_colors_info=”{}”][et_pb_blurb title=”24 x 7 services” use_icon=”on” font_icon=”||fa||900″ _builder_version=”4.20.4″ _module_preset=”default” header_level=”h3″ header_text_align=”center” global_colors_info=”{}”]<\/p>\n<p>\uad00\uc2ec \uc788\ub294 \uc81c\ud488\uc5d0 \ub300\ud574 \ubb38\uc758\ud574 \ubcf4\uc138\uc694. \ucd5c\ub300\ud55c \ube68\ub9ac \ub2f5\ubcc0\ud574 \ub4dc\ub9ac\uaca0\uc2b5\ub2c8\ub2e4.<\/p>\n<p>[\/et_pb_blurb][\/et_pb_column][et_pb_column type=”1_4″ _builder_version=”4.20.4″ _module_preset=”default” global_colors_info=”{}”][et_pb_blurb title=”Product Collection” use_icon=”on” font_icon=”||divi||400″ _builder_version=”4.20.4″ _module_preset=”default” header_level=”h3″ header_text_align=”center” global_colors_info=”{}”]<\/p>\n<p>\uc790\uc138\ud55c \uc81c\ud488 \uce74\ud0c8\ub85c\uadf8 PDF\ub97c \uc81c\uacf5\ud574 \uc8fc\uc138\uc694. \uc81c\ud488 \uc138\ubd80 \uc815\ubcf4\ub97c \uc790\uc138\ud788 \uc54c\uc544\ubcfc \uc218 \uc788\uc2b5\ub2c8\ub2e4.<\/p>\n<p>[\/et_pb_blurb][\/et_pb_column][et_pb_column type=”1_4″ _builder_version=”4.20.4″ _module_preset=”default” global_colors_info=”{}”][et_pb_blurb title=”Product Maintenance” use_icon=”on” font_icon=”||fa||900″ _builder_version=”4.20.4″ _module_preset=”default” header_level=”h3″ header_text_align=”center” global_colors_info=”{}”]<\/p>\n<p>\uc81c\ud488\uc5d0 \ubb38\uc81c\uac00 \ubc1c\uc0dd\ud558\uba74 \uae30\uc220 \uc9c0\uc6d0\uc744 \uc81c\uacf5\ud574 \ub4dc\ub9bd\ub2c8\ub2e4.<\/p>\n<p>[\/et_pb_blurb][\/et_pb_column][et_pb_column type=”1_4″ _builder_version=”4.20.4″ _module_preset=”default” global_colors_info=”{}”][et_pb_blurb title=”Video  introduction” use_icon=”on” font_icon=”||fa||900″ _builder_version=”4.20.4″ _module_preset=”default” header_level=”h3″ header_text_align=”center” global_colors_info=”{}”]<\/p>\n<p>\ube44\ub514\uc624\uc640 \uadf8\ub798\ud53d \ud504\ub808\uc820\ud14c\uc774\uc158\uc744 \uc81c\uacf5\ud558\uc5ec \uc81c\ud488\uc744 \ud3ec\uad04\uc801\uc73c\ub85c \ubcf4\uc5ec\uc90d\ub2c8\ub2e4.<\/p>\n<p>[\/et_pb_blurb][\/et_pb_column][\/et_pb_row][\/et_pb_section]<\/p>","protected":false},"excerpt":{"rendered":"<p>ABOUT USSince 1970, Watanabe has adhered to the production philosophy of respecting nature, devoting efforts to the rational use and responsible transformation of land.Our story is still being writtenMore than five decades of reliable collaboration with agricultural professionalsBack in 1970, Mr. Hitoshi Watanabe launched his business operations in Castro-Pr as an authorized distributor of Hatsuta [&hellip;]<\/p>","protected":false},"author":1,"featured_media":0,"parent":0,"menu_order":0,"comment_status":"closed","ping_status":"closed","template":"","meta":{"_et_pb_use_builder":"on","_et_pb_old_content":"","_et_gb_content_width":"","footnotes":""},"class_list":["post-188","page","type-page","status-publish","hentry"],"_links":{"self":[{"href":"https:\/\/pto-stone-crusher.com\/ko\/wp-json\/wp\/v2\/pages\/188","targetHints":{"allow":["GET"]}}],"collection":[{"href":"https:\/\/pto-stone-crusher.com\/ko\/wp-json\/wp\/v2\/pages"}],"about":[{"href":"https:\/\/pto-stone-crusher.com\/ko\/wp-json\/wp\/v2\/types\/page"}],"author":[{"embeddable":true,"href":"https:\/\/pto-stone-crusher.com\/ko\/wp-json\/wp\/v2\/users\/1"}],"replies":[{"embeddable":true,"href":"https:\/\/pto-stone-crusher.com\/ko\/wp-json\/wp\/v2\/comments?post=188"}],"version-history":[{"count":4,"href":"https:\/\/pto-stone-crusher.com\/ko\/wp-json\/wp\/v2\/pages\/188\/revisions"}],"predecessor-version":[{"id":209,"href":"https:\/\/pto-stone-crusher.com\/ko\/wp-json\/wp\/v2\/pages\/188\/revisions\/209"}],"wp:attachment":[{"href":"https:\/\/pto-stone-crusher.com\/ko\/wp-json\/wp\/v2\/media?parent=188"}],"curies":[{"name":"wp","href":"https:\/\/api.w.org\/{rel}","templated":true}]}}