{"id":113,"date":"2025-11-13T05:16:06","date_gmt":"2025-11-13T05:16:06","guid":{"rendered":"https:\/\/pto-stone-crusher.com\/?page_id=113"},"modified":"2025-11-13T05:16:06","modified_gmt":"2025-11-13T05:16:06","slug":"kontakt-mei-us-opnimme","status":"publish","type":"page","link":"https:\/\/pto-stone-crusher.com\/fy\/kontakt-mei-us-opnimme\/","title":{"rendered":"Kontakt mei \u00fas opnimme"},"content":{"rendered":"<p>[et_pb_section][et_pb_row][et_pb_column type=”4_4″][et_pb_text]<\/p>\n<h1>PTO-STIENBREKKER<\/h1>\n<p>As ien fan 'e fabrikanten, leveransiers en eksporteurs fan meganyske produkten fan pto-stienbrekkers, biede wy pto-stienbrekkers en in protte oare produkten oan.<\/p>\n<p>Nim dan kontakt mei \u00fas op foar details.<\/p>\n<p>Post:<a href=\"\/sales@pto-stone-crusher.com\/\" target=\"_blank\" rel=\"noopener\">sales@pto-stone-crusher.com<\/a><\/p>\n<p>Fabrikant, leveransier, eksporteur fan pto stienbrekker.<\/p>\n<p>Wy binne spesjalisearre yn 'e produksje fan l\u00e2nboufersnellingsbakken, PTO-assen, tandwielen, floeistofkoppelingen, wjirmwielreduksjes, tandwielen en rekken, r\u00f4lkettingen, skyven en katrollen, planet\u00eare fersnellingsbakken, timingkatrollen, askragen, en mear.<\/p>\n<p>Wy hawwe \u00fas produkten eksportearre nei kli\u00efnten wr\u00e2ldwiid en in goede reputaasje fertsjinne fanwegen \u00fas superieure produktkwaliteit en tsjinst nei ferkeap.<br \/>\nWy ferwolkomje klanten sawol th\u00fas as yn it b\u00fbtenl\u00e2n fan herte om kontakt mei \u00fas op te nimmen om saken te \u00fbnderhanneljen, ynformaasje \u00fat te wikseljen en mei \u00fas gear te wurkjen.<\/p>\n<p>[\/et_pb_text][\/et_pb_column][\/et_pb_row][\/et_pb_section]<\/p>","protected":false},"excerpt":{"rendered":"<p><div class=\"et_pb_section et_pb_section_0 et_section_regular\" >\n\t\t\t\t\n\t\t\t\t\n\t\t\t\t\n\t\t\t\t\n\t\t\t\t\n\t\t\t\t\n\t\t\t\t\n\t\t\t\t\n\t\t\t\t\n\t\t\t<\/div><div class=\"et_pb_row et_pb_row_0 et_pb_row_empty\">\n\t\t\t\t\n\t\t\t\t\n\t\t\t\t\n\t\t\t\t\n\t\t\t\t\n\t\t\t<\/div><div class=\"et_pb_module et_pb_text et_pb_text_0  et_pb_text_align_left et_pb_bg_layout_light\">\n\t\t\t\t\n\t\t\t\t\n\t\t\t\t\n\t\t\t\t\n\t\t\t\t\n\t\t\t<\/div> PTO-STONE-CRUSHER As one of the pto stone crusher manufacturers, suppliers, and exporters of mechanical products, we offer pto stone crusher and many other products. Please get in touch with us for details. Mail:sales@pto-stone-crusher.com Manufacturer, supplier, exporter of pto stone crusher. We specialize in the production of Agricultural Gearbox, PTO Shafts, Sprockets, Fluid Coupling, Worm [&hellip;]<\/p>","protected":false},"author":1,"featured_media":0,"parent":0,"menu_order":0,"comment_status":"closed","ping_status":"closed","template":"","meta":{"_et_pb_use_builder":"on","_et_pb_old_content":"<h1>PTO-STONE-CRUSHER<\/h1><p>As one of the pto stone crusher manufacturers, suppliers, and exporters of mechanical products, we offer pto stone crusher and many other products.<\/p><p>Please get in touch with us for details.<\/p><p>Mail:<a href=\"sales@pto-stone-crusher.com\" target=\"_blank\" rel=\"noopener\">sales@pto-stone-crusher.com<\/a><\/p><p>Manufacturer, supplier, exporter of pto stone crusher.\u00a0<\/p><p>We specialize in the production of Agricultural Gearbox, PTO Shafts, Sprockets, Fluid Coupling, Worm Gear Reducers, Gears and racks, Roller Chains, Sheave and Pulleys, Planetary Gearboxes, Timing Pulleys, Shaft Collars, and more.<\/p><p>We have exported our products to clients worldwide and earned a good reputation because of our superior product quality and after-sales service.<br \/>We warmly welcome customers both at home and abroad to contact us to negotiate business, exchange information, and cooperate with us.<\/p>","_et_gb_content_width":"","footnotes":""},"class_list":["post-113","page","type-page","status-publish","hentry"],"_links":{"self":[{"href":"https:\/\/pto-stone-crusher.com\/fy\/wp-json\/wp\/v2\/pages\/113","targetHints":{"allow":["GET"]}}],"collection":[{"href":"https:\/\/pto-stone-crusher.com\/fy\/wp-json\/wp\/v2\/pages"}],"about":[{"href":"https:\/\/pto-stone-crusher.com\/fy\/wp-json\/wp\/v2\/types\/page"}],"author":[{"embeddable":true,"href":"https:\/\/pto-stone-crusher.com\/fy\/wp-json\/wp\/v2\/users\/1"}],"replies":[{"embeddable":true,"href":"https:\/\/pto-stone-crusher.com\/fy\/wp-json\/wp\/v2\/comments?post=113"}],"version-history":[{"count":5,"href":"https:\/\/pto-stone-crusher.com\/fy\/wp-json\/wp\/v2\/pages\/113\/revisions"}],"predecessor-version":[{"id":118,"href":"https:\/\/pto-stone-crusher.com\/fy\/wp-json\/wp\/v2\/pages\/113\/revisions\/118"}],"wp:attachment":[{"href":"https:\/\/pto-stone-crusher.com\/fy\/wp-json\/wp\/v2\/media?parent=113"}],"curies":[{"name":"wp","href":"https:\/\/api.w.org\/{rel}","templated":true}]}}