{"id":158,"date":"2025-11-13T09:45:07","date_gmt":"2025-11-13T09:45:07","guid":{"rendered":"https:\/\/pto-stone-crusher.com\/?page_id=158"},"modified":"2026-01-23T05:44:36","modified_gmt":"2026-01-23T05:44:36","slug":"home","status":"publish","type":"page","link":"https:\/\/pto-stone-crusher.com\/fr\/","title":{"rendered":"Maison"},"content":{"rendered":"<p>[et_pb_section fb_built=”1″ admin_label=”Header” _builder_version=”4.20.4″ _module_preset=”default” use_background_color_gradient=”on” background_color_gradient_stops=”rgba(0,0,0,0.7) 0%|rgba(0,0,0,0.7) 100%” background_color_gradient_overlays_image=”on” background_image=”https:\/\/pto-stone-crusher.com\/wp-content\/uploads\/2025\/11\/pto-stone-crusher-banner-.webp” collapsed=”off” global_colors_info=”{}”][et_pb_row _builder_version=”4.24.2″ _module_preset=”default” max_width=”800px” global_colors_info=”{}”][et_pb_column type=”4_4″ _builder_version=”4.23.2″ _module_preset=”default” global_colors_info=”{}”][et_pb_text _builder_version=”4.20.4″ _module_preset=”bef63c41-62e0-4bd1-8873-21e30332319d” header_4_text_color=”#FFFFFF” text_orientation=”center” global_colors_info=”{}”]<\/p>\n<h4>concasseur de pierres \u00e0 prise de force<\/h4>\n<p>[\/et_pb_text][et_pb_text _builder_version=”4.20.4″ _module_preset=”ee2a7cbc-6859-49dc-a25a-b333fd0bc088″ header_text_color=”#FFFFFF” text_orientation=”center” custom_margin=”||10px||false|false” global_colors_info=”{}”]<\/p>\n<h1>CONCASSEUR DE PIERRES \u00c0 PRISE DE FORCE<\/h1>\n<p>[\/et_pb_text][et_pb_text _builder_version=”4.20.4″ _module_preset=”a3ae43d2-4ca3-4052-a30c-f8e83a9563d3″ text_text_color=”#FFFFFF” text_letter_spacing=”1px” text_orientation=”center” custom_margin=”||30px||false|false” global_colors_info=”{}”]<\/p>\n<p>Fournir des solutions de haute qualit\u00e9 pour le d\u00e9veloppement des terres agricoles et des zones foresti\u00e8res.<\/p>\n<p>[\/et_pb_text][et_pb_button button_url=”#contact” button_text=”GET MORE” button_alignment=”center” _builder_version=”4.20.4″ _module_preset=”643a4d92-ec1b-4784-b5d5-336a6e9864b8″ global_colors_info=”{}”][\/et_pb_button][\/et_pb_column][\/et_pb_row][\/et_pb_section][et_pb_section fb_built=”1″ admin_label=”What We Do” _builder_version=”4.27.5″ _module_preset=”default” locked=”off” collapsed=”off” global_colors_info=”{%22gcid-cc026ee9-2dfb-4c5b-892b-7f86cd297fec%22:%91%22background_color_gradient_stops%22%93}”][et_pb_row _builder_version=”4.24.2″ _module_preset=”default” global_colors_info=”{}”][et_pb_column type=”4_4″ _builder_version=”4.23.2″ _module_preset=”default” global_colors_info=”{}”][et_pb_text _builder_version=”4.27.5″ _module_preset=”9f4a8092-7f16-451a-b3a9-ec915b51fe0d” header_2_text_color=”#000000″ header_2_font_size=”70px” locked=”off” global_colors_info=”{}”]<\/p>\n<h2>CONCASSEUR DE PIERRES \u00c0 PRISE DE FORCE<\/h2>\n<p>[\/et_pb_text][\/et_pb_column][\/et_pb_row][et_pb_row column_structure=”2_5,3_5″ _builder_version=”4.20.4″ _module_preset=”default” max_width=”100%” global_colors_info=”{}”][et_pb_column type=”2_5″ _builder_version=”4.23.2″ _module_preset=”default” global_colors_info=”{}”][et_pb_image src=”https:\/\/pto-stone-crusher.com\/wp-content\/uploads\/2025\/11\/pto-stone-crusher-part1.webp” alt=”pto-stone-crusher-part1″ title_text=”pto-stone-crusher-part1″ _builder_version=”4.20.4″ _module_preset=”default” global_colors_info=”{}”][\/et_pb_image][et_pb_text _builder_version=”4.27.5″ _module_preset=”a3ae43d2-4ca3-4052-a30c-f8e83a9563d3″ text_text_color=”#000000″ hover_enabled=”0″ global_colors_info=”{}” sticky_enabled=”0″]<\/p>\n<p>En tant que fabricant et fournisseur de confiance de concasseurs de pierres \u00e0 prise de force, nous privil\u00e9gions l'int\u00e9grit\u00e9 structurelle dans chacune de nos conceptions. Le ch\u00e2ssis renforc\u00e9 minimise la flexion sous fortes charges, tandis que les finitions anticorrosion prot\u00e8gent contre les intemp\u00e9ries telles que l'humidit\u00e9 et la poussi\u00e8re. Cette priorit\u00e9 accord\u00e9e \u00e0 la durabilit\u00e9 se traduit par moins de pannes, des besoins d'entretien r\u00e9duits et un outil qui conserve sa fonctionnalit\u00e9 pendant des ann\u00e9es, m\u00eame dans des environnements de travail difficiles.<\/p>\n<p>[\/et_pb_text][\/et_pb_column][et_pb_column type=”3_5″ _builder_version=”4.23.2″ _module_preset=”default” global_colors_info=”{}”][et_pb_image src=”https:\/\/pto-stone-crusher.com\/wp-content\/uploads\/2025\/11\/pto-stone-crusher-part2–e1763534254849.webp” alt=”pto-stone-crusher-part2″ title_text=”pto-stone-crusher-part2″ _builder_version=”4.20.4″ _module_preset=”default” global_colors_info=”{}”][\/et_pb_image][et_pb_button button_url=”#contact” button_text=”GET A QUOTE” _builder_version=”4.20.4″ _module_preset=”cc7c42d0-2980-47ef-8cfc-68bda31da5b7″ button_text_size=”20px” button_bg_color=”#000000″ hover_enabled=”0″ global_colors_info=”{}” sticky_enabled=”0″][\/et_pb_button][\/et_pb_column][\/et_pb_row][et_pb_row column_structure=”1_2,1_2″ _builder_version=”4.20.4″ _module_preset=”default” width=”100%” max_width=”90%” global_colors_info=”{}”][et_pb_column type=”1_2″ _builder_version=”4.20.4″ _module_preset=”default” global_colors_info=”{}”][et_pb_image src=”https:\/\/pto-stone-crusher.com\/wp-content\/uploads\/2025\/11\/pto-stone-crusher-show3.webp” alt=”pto stone crusher-show3″ title_text=”pto stone crusher-show3″ align=”right” _builder_version=”4.27.5″ _module_preset=”default” global_colors_info=”{}”][\/et_pb_image][\/et_pb_column][et_pb_column type=”1_2″ _builder_version=”4.20.4″ _module_preset=”default” global_colors_info=”{}”][et_pb_text _builder_version=”4.20.4″ _module_preset=”default” header_2_font=”|700|||||||” header_2_font_size=”40px” global_colors_info=”{}”]<\/p>\n<h2>Vous recherchez des solutions pour vos terres agricoles ?<\/h2>\n<p>[\/et_pb_text][et_pb_text _builder_version=”4.27.5″ _module_preset=”default” text_font_size=”18px” max_width=”75%” hover_enabled=”0″ global_colors_info=”{}” sticky_enabled=”0″]<\/p>\n<p>Au lieu de transporter des roches lourdes, des d\u00e9chets de d\u00e9molition ou du gravier exc\u00e9dentaire vers des installations ext\u00e9rieures, vous pouvez concasser et r\u00e9utiliser les mat\u00e9riaux directement sur place, transformant ainsi les d\u00e9bris en granulats utilisables pour les all\u00e9es, les fondations de chemins ou le remblayage. Cela permet non seulement de r\u00e9duire les co\u00fbts de transport et d'\u00e9limination des d\u00e9chets, mais aussi de raccourcir les d\u00e9lais de chantier en \u00e9liminant les temps d'attente pour les services de concassage externes. La prise de force directe garantit une alimentation \u00e9lectrique constante, tandis que sa conception compacte facilite les man\u0153uvres sur les chantiers exigus, des clairi\u00e8res aux cours de ferme.<\/p>\n<p>[\/et_pb_text][\/et_pb_column][\/et_pb_row][\/et_pb_section][et_pb_section fb_built=”1″ admin_label=”Services” _builder_version=”4.20.4″ _module_preset=”default” background_color=”#f2f2f2″ collapsed=”on” global_colors_info=”{}”][et_pb_row _builder_version=”4.23.2″ _module_preset=”default” global_colors_info=”{}”][et_pb_column type=”4_4″ _builder_version=”4.23.2″ _module_preset=”default” global_colors_info=”{}”][et_pb_text _builder_version=”4.20.4″ _module_preset=”9f4a8092-7f16-451a-b3a9-ec915b51fe0d” header_2_font_size=”42px” global_colors_info=”{}”]<\/p>\n<h2><strong data-spm-anchor-id=\"5176.28103460.0.i25.2f2e4fa587arIY\">Concasseur de pierres \u00e0 prise de force pour le concassage de roches sur site<\/strong><\/h2>\n<p>[\/et_pb_text][et_pb_text _builder_version=”4.20.4″ _module_preset=”default” text_font=”|300|||||||” text_text_color=”#000000″ global_colors_info=”{}”]<\/p>\n<p>Pour les propri\u00e9taires fonciers, les agriculteurs et les petits entrepreneurs, la possibilit\u00e9 de traiter les pierres des champs, les gravats de d\u00e9molition ou le gravier directement sur place signifie moins de d\u00e9placements vers les d\u00e9chetteries, une r\u00e9duction des co\u00fbts d'achat des mat\u00e9riaux et un meilleur contr\u00f4le de la pr\u00e9paration du terrain. Que vous niveliez des p\u00e2turages, construisiez des voies d'acc\u00e8s ou d\u00e9blayiez des d\u00e9bris de construction, le concasseur de pierres \u00e0 prise de force vous permet de r\u00e9aliser vos travaux en interne.<\/p>\n<p>[\/et_pb_text][et_pb_image src=”https:\/\/pto-stone-crusher.com\/wp-content\/uploads\/2025\/11\/pto-stone-crusher-e1763026624799.webp” alt=”pto stone crusher” title_text=”pto stone crusher” align=”center” _builder_version=”4.27.5″ _module_preset=”default” global_colors_info=”{}”][\/et_pb_image][\/et_pb_column][\/et_pb_row][\/et_pb_section][et_pb_section fb_built=”1″ _builder_version=”4.20.4″ _module_preset=”default” border_radii=”on|10px|10px|10px|10px” border_width_all=”1px” global_colors_info=”{}”][et_pb_row _builder_version=”4.20.4″ _module_preset=”default” global_colors_info=”{}”][et_pb_column type=”4_4″ _builder_version=”4.20.4″ _module_preset=”default” global_colors_info=”{}”][et_pb_text _builder_version=”4.20.4″ _module_preset=”default” header_font=”||||||||” header_2_font=”|700|||||||” header_2_text_color=”#000000″ header_2_font_size=”42px” global_colors_info=”{}”]<\/p>\n<blockquote>\n<h2>Dans quels cas puis-je utiliser votre concasseur de pierres \u00e0 prise de force\u00a0?<\/h2>\n<\/blockquote>\n<p>[\/et_pb_text][\/et_pb_column][\/et_pb_row][et_pb_row column_structure=”1_2,1_2″ _builder_version=”4.20.4″ _module_preset=”default” collapsed=”on” global_colors_info=”{}”][et_pb_column type=”1_2″ _builder_version=”4.20.4″ _module_preset=”default” global_colors_info=”{}”][et_pb_blurb title=”1. Agricultural Land Clearing and Field Preparation” use_icon=”on” font_icon=”&#x4e;||divi||400″ icon_placement=”left” _builder_version=”4.20.4″ _module_preset=”default” global_colors_info=”{}”][\/et_pb_blurb][et_pb_blurb title=”2. Rural Road and Access Way Construction” use_icon=”on” font_icon=”&#x4e;||divi||400″ icon_placement=”left” _builder_version=”4.20.4″ _module_preset=”default” locked=”off” global_colors_info=”{}”][\/et_pb_blurb][et_pb_blurb title=”3. Small-Scale Quarrying and Aggregate Production” use_icon=”on” font_icon=”&#x4e;||divi||400″ icon_placement=”left” _builder_version=”4.20.4″ _module_preset=”default” locked=”off” global_colors_info=”{}”][\/et_pb_blurb][et_pb_blurb title=”7. Fence Line and Infrastructure Foundation Work” use_icon=”on” font_icon=”&#x4e;||divi||400″ icon_placement=”left” _builder_version=”4.20.4″ _module_preset=”default” locked=”off” global_colors_info=”{}”][\/et_pb_blurb][\/et_pb_column][et_pb_column type=”1_2″ _builder_version=”4.20.4″ _module_preset=”default” global_colors_info=”{}”][et_pb_blurb title=”4. Disaster Recovery and Debris Management” use_icon=”on” font_icon=”&#x4e;||divi||400″ icon_placement=”left” _builder_version=”4.20.4″ _module_preset=”default” locked=”off” global_colors_info=”{}”][\/et_pb_blurb][et_pb_blurb title=”5. Orchard, Vineyard, and Forestry Site Maintenance” use_icon=”on” font_icon=”&#x4e;||divi||400″ icon_placement=”left” _builder_version=”4.20.4″ _module_preset=”default” locked=”off” global_colors_info=”{}”][\/et_pb_blurb][et_pb_blurb title=”6. Small Demolition and Farm Renovation Projects” use_icon=”on” font_icon=”&#x4e;||divi||400″ icon_placement=”left” _builder_version=”4.20.4″ _module_preset=”default” locked=”off” global_colors_info=”{}”][\/et_pb_blurb][\/et_pb_column][\/et_pb_row][\/et_pb_section][et_pb_section fb_built=”1″ _builder_version=”4.20.4″ _module_preset=”default” global_colors_info=”{}”][et_pb_row column_structure=”1_2,1_2″ _builder_version=”4.20.4″ _module_preset=”default” width=”90%” max_width=”100%” global_colors_info=”{}”][et_pb_column type=”1_2″ _builder_version=”4.20.4″ _module_preset=”default” global_colors_info=”{}”][et_pb_text _builder_version=”4.20.4″ _module_preset=”default” header_2_font=”||||||||” header_2_font_size=”42px” global_colors_info=”{}”]<\/p>\n<h2><span style=\"font-weight:bold;color:blue;\">Application concr\u00e8te\u00a0:<\/span> Comment un projet de construction de route r\u00e9gionale a utilis\u00e9 un concasseur de pierres<\/h2>\n<p>[\/et_pb_text][et_pb_text _builder_version=”4.20.4″ _module_preset=”default” global_colors_info=”{}”]<\/p>\n<p>En 2024, une entreprise de g\u00e9nie civil du centre du Texas a \u00e9t\u00e9 charg\u00e9e de moderniser 24 kilom\u00e8tres de routes rurales. Le projet n\u00e9cessitait un approvisionnement r\u00e9gulier en gravier concass\u00e9 de haute qualit\u00e9 pour les couches de fondation et de sous-fondation, mais les carri\u00e8res locales affichaient de longs d\u00e9lais de livraison et des co\u00fbts de transport en constante augmentation.<\/p>\n<p>Afin de ma\u00eetriser l'approvisionnement en mat\u00e9riaux et de r\u00e9duire les co\u00fbts, l'entrepreneur a investi dans un concasseur \u00e0 m\u00e2choires mobile. Il a exploit\u00e9 les ressources calcaires abondantes provenant des terrains d\u00e9frich\u00e9s \u00e0 proximit\u00e9 et a recycl\u00e9 les d\u00e9bris de b\u00e9ton issus de la d\u00e9molition de structures. En concassant ces mat\u00e9riaux directement sur le chantier, il a produit plus de 12\u00a0000 tonnes de granulats calibr\u00e9s en trois mois.<\/p>\n<p>Le r\u00e9sultat ?<br \/>Les co\u00fbts des mat\u00e9riaux ont diminu\u00e9 de pr\u00e8s de 351 000 milliards de dollars par rapport \u00e0 l'achat aupr\u00e8s de fournisseurs tiers. Les d\u00e9lais de r\u00e9alisation des projets ont \u00e9t\u00e9 am\u00e9lior\u00e9s gr\u00e2ce \u00e0 la production de granulats \u00e0 la demande, \u00e9liminant ainsi les d\u00e9lais de livraison par camion. Les frais d'\u00e9limination des d\u00e9chets de d\u00e9molition ont \u00e9t\u00e9 supprim\u00e9s, le b\u00e9ton \u00e9tant r\u00e9utilis\u00e9 comme granulat recycl\u00e9.\u00a0<\/p>\n<p>[\/et_pb_text][\/et_pb_column][et_pb_column type=”1_2″ _builder_version=”4.20.4″ _module_preset=”default” global_colors_info=”{}”][et_pb_video src=”https:\/\/pto-stone-crusher.com\/wp-content\/uploads\/2025\/11\/stone-crusher.mp4″ _builder_version=”4.20.4″ _module_preset=”default” global_colors_info=”{}”][\/et_pb_video][et_pb_text _builder_version=”4.20.4″ _module_preset=”default” text_font=”|800|||||||” text_text_color=”#000000″ text_font_size=”16px” text_orientation=”center” global_colors_info=”{}”]Real-world usage examples[\/et_pb_text][\/et_pb_column][\/et_pb_row][\/et_pb_section][et_pb_section fb_built=”1″ admin_label=”Section-adv” _builder_version=”4.20.4″ _module_preset=”default” background_color=”#f2f2f2″ locked=”off” collapsed=”off” global_colors_info=”{}”][et_pb_row _builder_version=”4.20.4″ _module_preset=”default” collapsed=”off” global_colors_info=”{}”][et_pb_column type=”4_4″ _builder_version=”4.20.4″ _module_preset=”default” global_colors_info=”{}”][et_pb_text _builder_version=”4.20.4″ _module_preset=”default” header_2_font=”|800|||||||” header_2_text_align=”center” header_2_text_color=”#000000″ header_2_font_size=”42px” global_colors_info=”{}”]<\/p>\n<h2>Pr\u00e9sentation du mod\u00e8le de produit<\/h2>\n<p>[\/et_pb_text][\/et_pb_column][\/et_pb_row][et_pb_row column_structure=”1_2,1_2″ _builder_version=”4.20.4″ _module_preset=”default” width=”100%” max_width=”90%” collapsed=”off” global_colors_info=”{}”][et_pb_column type=”1_2″ _builder_version=”4.23.2″ _module_preset=”default” custom_padding=”20px|20px|20px|20px|true|true” border_width_all=”2px” border_color_all=”#000000″ global_colors_info=”{}”][et_pb_text _builder_version=”4.27.5″ _module_preset=”default” header_3_font=”|700|||||||” header_3_text_align=”center” global_colors_info=”{}”]<\/p>\n<h3>STONE-CRUSHER<\/h3>\n<p>[\/et_pb_text][et_pb_shop type=”product_category” posts_number=”2″ include_categories=”20″ _builder_version=”4.27.5″ _module_preset=”default” global_colors_info=”{}”][\/et_pb_shop][\/et_pb_column][et_pb_column type=”1_2″ _builder_version=”4.23.2″ _module_preset=”default” custom_padding=”20px|20px|20px|20px|true|true” border_width_all=”2px” border_color_all=”#000000″ global_colors_info=”{}”][et_pb_text _builder_version=”4.27.5″ _module_preset=”default” header_2_text_align=”center” header_3_text_align=”center” global_colors_info=”{}”]<\/p>\n<h3><strong><a class=\"row-title\" href=\"https:\/\/pto-stone-crusher.com\/wp-admin\/term.php?taxonomy=product_cat&amp;tag_ID=38&amp;post_type=product&amp;wp_http_referer=%2Fwp-admin%2Fedit-tags.php%3Ftaxonomy%3Dproduct_cat%26post_type%3Dproduct\" aria-label=\"\u201cPOTATO PLANTER\u201d (Edit)\">POTATO PLANTER<\/a><\/strong><\/h3>\n<p>[\/et_pb_text][et_pb_shop type=”product_category” posts_number=”2″ include_categories=”38″ _builder_version=”4.27.5″ _module_preset=”default” global_colors_info=”{}”][\/et_pb_shop][\/et_pb_column][\/et_pb_row][et_pb_row _builder_version=”4.20.4″ _module_preset=”default” global_colors_info=”{}”][et_pb_column type=”4_4″ _builder_version=”4.20.4″ _module_preset=”default” global_colors_info=”{}”][et_pb_button button_url=”https:\/\/pto-stone-crusher.com\/products\/” button_text=”Product Categories” button_alignment=”center” _builder_version=”4.27.5″ _module_preset=”default” custom_button=”on” button_text_size=”22px” button_text_color=”#FFFFFF” button_bg_color=”#000000″ hover_enabled=”0″ global_colors_info=”{}” sticky_enabled=”0″][\/et_pb_button][\/et_pb_column][\/et_pb_row][\/et_pb_section][et_pb_section fb_built=”1″ admin_label=”Feature” _builder_version=”4.20.4″ _module_preset=”default” overflow-x=”hidden” overflow-y=”hidden” locked=”off” collapsed=”off” global_colors_info=”{}”][et_pb_row column_structure=”1_2,1_2″ _builder_version=”4.20.4″ _module_preset=”default” max_width=”100%” global_colors_info=”{}”][et_pb_column type=”1_2″ _builder_version=”4.23.2″ _module_preset=”default” custom_padding=”10%||10%||true|false” global_colors_info=”{}”][et_pb_text _builder_version=”4.20.4″ _module_preset=”9f4a8092-7f16-451a-b3a9-ec915b51fe0d” header_2_text_color=”#000000″ header_2_font_size=”42px” custom_margin=”||10px||false|false” global_colors_info=”{}”]<\/p>\n<h2>CONCASSEUR DE PIERRES \u00c0 PRISE DE FORCE<\/h2>\n<p>[\/et_pb_text][et_pb_text _builder_version=”4.20.4″ _module_preset=”a3ae43d2-4ca3-4052-a30c-f8e83a9563d3″ global_colors_info=”{}”]<\/p>\n<p>Si votre terrain pr\u00e9sente des roches en surface, des restes de b\u00e9ton ou des d\u00e9bris \u00e9pars, leur enl\u00e8vement ou leur r\u00e9utilisation ne devrait pas n\u00e9cessiter la location d'engins lourds ni le recours \u00e0 des entreprises ext\u00e9rieures. Un concasseur de pierres \u00e0 prise de force vous permet de traiter ces mat\u00e9riaux directement sur place avec votre tracteur. Pratique et \u00e9conomique, il vous permet de g\u00e9rer vos terrains au quotidien. Il peut notamment servir \u00e0 concasser des pierres pour am\u00e9liorer les p\u00e2turages, \u00e0 recycler le gravier des all\u00e9es, \u00e0 pr\u00e9parer les fondations pour les abris de jardin ou les cl\u00f4tures, et \u00e0 d\u00e9blayer les r\u00e9sidus de construction apr\u00e8s de petits chantiers.\u00a0<\/p>\n<p>[\/et_pb_text][et_pb_button button_url=”https:\/\/pto-stone-crusher.com\/contact-us” button_text=”Contact us” _builder_version=”4.20.4″ _module_preset=”cc7c42d0-2980-47ef-8cfc-68bda31da5b7″ button_text_size=”18px” button_border_radius=”10px” hover_enabled=”0″ global_colors_info=”{}” sticky_enabled=”0″][\/et_pb_button][\/et_pb_column][et_pb_column type=”1_2″ _builder_version=”4.23.2″ _module_preset=”default” global_colors_info=”{}”][et_pb_image src=”https:\/\/pto-stone-crusher.com\/wp-content\/uploads\/2025\/11\/pto-stone-crusher-show-.webp” alt=”pto stone crusher” title_text=”pto stone crusher-show” _builder_version=”4.20.4″ _module_preset=”default” custom_margin=”20%||||false|false” global_colors_info=”{}”][\/et_pb_image][\/et_pb_column][\/et_pb_row][et_pb_row column_structure=”1_2,1_2″ _builder_version=”4.20.4″ _module_preset=”default” max_width=”100%” global_colors_info=”{}”][et_pb_column type=”1_2″ _builder_version=”4.20.4″ _module_preset=”default” global_colors_info=”{}”][et_pb_image src=”https:\/\/pto-stone-crusher.com\/wp-content\/uploads\/2025\/11\/pto-stone-crusher-show2-.webp” alt=”pto stone crusher” title_text=”pto stone crusher-show2″ _builder_version=”4.20.4″ _module_preset=”default” global_colors_info=”{}”][\/et_pb_image][\/et_pb_column][et_pb_column type=”1_2″ _builder_version=”4.20.4″ _module_preset=”default” global_colors_info=”{}”][et_pb_text _builder_version=”4.20.4″ _module_preset=”default” text_font_size=”16px” custom_padding=”25%||||false|false” global_colors_info=”{}”]<\/p>\n<p>La valeur d'un concasseur de pierres \u00e0 prise de force r\u00e9side dans sa capacit\u00e9 \u00e0 r\u00e9sister \u00e0 une utilisation intensive et r\u00e9p\u00e9t\u00e9e. Notre mod\u00e8le est sp\u00e9cialement con\u00e7u pour une fiabilit\u00e9 \u00e0 toute \u00e9preuve, m\u00eame dans des conditions difficiles. Cet outil est con\u00e7u pour traiter des mat\u00e9riaux abrasifs comme la pierre des champs, le calcaire et les gravats de d\u00e9molition, sans que ses performances ne soient alt\u00e9r\u00e9es dans le temps.<\/p>\n<p>Chaque composant essentiel est s\u00e9lectionn\u00e9 pour sa durabilit\u00e9\u00a0: le carter en acier \u00e9pais r\u00e9siste aux chocs et \u00e0 l\u2019usure, les marteaux en acier tremp\u00e9 rempla\u00e7ables garantissent une efficacit\u00e9 de concassage optimale pendant des centaines d\u2019heures d\u2019utilisation, et le r\u00e9ducteur robuste est \u00e9tanche pour emp\u00eacher toute infiltration de poussi\u00e8re et de d\u00e9bris. Contrairement aux mod\u00e8les plus l\u00e9gers, notre concasseur de pierres \u00e0 prise de force est con\u00e7u pour r\u00e9sister aux vibrations et aux contraintes des travaux agricoles, d\u2019am\u00e9nagement paysager et de petits chantiers quotidiens, du d\u00e9frichage et du nivellement des p\u00e2turages \u00e0 la pr\u00e9paration des fondations des routes rurales.<\/p>\n<p>[\/et_pb_text][et_pb_button button_url=”https:\/\/pto-stone-crusher.com\/about-us” button_text=”ABOUT US” _builder_version=”4.27.5″ _module_preset=”default” custom_button=”on” button_text_size=”30px” hover_enabled=”0″ global_colors_info=”{}” sticky_enabled=”0″][\/et_pb_button][\/et_pb_column][\/et_pb_row][\/et_pb_section][et_pb_section fb_built=”1″ _builder_version=”4.20.4″ _module_preset=”default” global_colors_info=”{}”][et_pb_row _builder_version=”4.20.4″ _module_preset=”default” global_colors_info=”{}”][et_pb_column type=”4_4″ _builder_version=”4.20.4″ _module_preset=”default” global_colors_info=”{}”][et_pb_text _builder_version=”4.20.4″ _module_preset=”default” header_2_font=”|800|||||||” header_2_text_color=”#000000″ header_2_font_size=”50px” global_colors_info=”{}”]<\/p>\n<h2>FAQ :<\/h2>\n<p>[\/et_pb_text][et_pb_accordion _builder_version=”4.27.5″ _module_preset=”default” hover_enabled=”0″ global_colors_info=”{}” sticky_enabled=”0″][et_pb_accordion_item title=”Q1. Has it passed international standard testing?” open=”on” _builder_version=”4.27.5″ _module_preset=”default” hover_enabled=”0″ global_colors_info=”{}” toggle_level=”h3″ toggle_font=”|700|||||||” sticky_enabled=”0″]<\/p>\n<p>A1. We have passed the ISO9001 Quality Management System Certification,Grade A certification for the Integration of Informatization and Industrialization,SGS Verified Manufacturer.<\/p>\n<p>[\/et_pb_accordion_item][et_pb_accordion_item title=”Q2. What are the product categories?” _builder_version=”4.27.5″ _module_preset=”default” hover_enabled=”0″ global_colors_info=”{}” toggle_level=”h3″ toggle_font=”|700|||||||” open=”off” sticky_enabled=”0″]<\/p>\n<p>A2. We own <span data-type=\"text\">r\u00e2teau \u00e0 pierres, ramasse-pierres, rotoculteur, broyeurs\/concasseurs de pierres, machines pour la culture de la pomme de terre, sillonneur de pommes de terre, engrais, cultivateur rotatif, planteuse de pommes de terre, arracheuses de pommes de terre, arracheuse de pommes de terre \u00e0 2 rangs, arracheuses de pommes de terre tra\u00een\u00e9es, arracheuse de pommes de terre \u00e0 2 rangs tra\u00een\u00e9e, arracheuse de pommes de terre \u00e0 4 rangs tra\u00een\u00e9e, r\u00e9colte de pommes de terre pour big bags, r\u00e9colte de pommes de terre \u00e0 2 rangs, machines pour l'\u00e9levage, etc.<\/span><\/p>\n<p>[\/et_pb_accordion_item][et_pb_accordion_item title=”Q3. What is a stone crusher and what does it do?” _builder_version=”4.27.5″ _module_preset=”default” hover_enabled=”0″ global_colors_info=”{}” toggle_level=”h3″ toggle_font=”|700|||||||” open=”off” sticky_enabled=”0″]<\/p>\n<p>A3. A stone crusher is a piece of heavy machinery designed to break down large rocks into smaller sizes for various applications, such as road construction, concrete production, and mining. It processes materials like limestone, granite, basalt, and recycled concrete.<\/p>\n<p>[\/et_pb_accordion_item][et_pb_accordion_item title=”Q4. What factors should I consider when choosing a stone crusher?” _builder_version=”4.27.5″ _module_preset=”default” hover_enabled=”0″ global_colors_info=”{}” toggle_level=”h3″ toggle_font=”|700|||||||” open=”off” sticky_enabled=”0″]<\/p>\n<p>A4. Key considerations include the type of material to be crushed, desired output size, capacity requirements, mobility needs, and budget constraints. Additionally, reliability and after-sales support from the stone crusher supplier are important.<\/p>\n<p>[\/et_pb_accordion_item][\/et_pb_accordion][\/et_pb_column][\/et_pb_row][\/et_pb_section]<\/p>","protected":false},"excerpt":{"rendered":"<p>pto stone crusherPTO STONE CRUSHERProvide high-quality solutions for the development of farmland and forest areas.PTO STONE CRUSHERAs a trusted pto stone crusher manufacturer and supplier, we prioritize structural integrity in every design. The reinforced frame minimizes flexing during heavy loads, while corrosion-resistant finishes protect against outdoor elements like moisture and dust. This focus on durability [&hellip;]<\/p>","protected":false},"author":1,"featured_media":0,"parent":0,"menu_order":0,"comment_status":"closed","ping_status":"closed","template":"","meta":{"_et_pb_use_builder":"on","_et_pb_old_content":"","_et_gb_content_width":"","footnotes":""},"class_list":["post-158","page","type-page","status-publish","hentry"],"_links":{"self":[{"href":"https:\/\/pto-stone-crusher.com\/fr\/wp-json\/wp\/v2\/pages\/158","targetHints":{"allow":["GET"]}}],"collection":[{"href":"https:\/\/pto-stone-crusher.com\/fr\/wp-json\/wp\/v2\/pages"}],"about":[{"href":"https:\/\/pto-stone-crusher.com\/fr\/wp-json\/wp\/v2\/types\/page"}],"author":[{"embeddable":true,"href":"https:\/\/pto-stone-crusher.com\/fr\/wp-json\/wp\/v2\/users\/1"}],"replies":[{"embeddable":true,"href":"https:\/\/pto-stone-crusher.com\/fr\/wp-json\/wp\/v2\/comments?post=158"}],"version-history":[{"count":21,"href":"https:\/\/pto-stone-crusher.com\/fr\/wp-json\/wp\/v2\/pages\/158\/revisions"}],"predecessor-version":[{"id":494,"href":"https:\/\/pto-stone-crusher.com\/fr\/wp-json\/wp\/v2\/pages\/158\/revisions\/494"}],"wp:attachment":[{"href":"https:\/\/pto-stone-crusher.com\/fr\/wp-json\/wp\/v2\/media?parent=158"}],"curies":[{"name":"wp","href":"https:\/\/api.w.org\/{rel}","templated":true}]}}