{"id":113,"date":"2025-11-13T05:16:06","date_gmt":"2025-11-13T05:16:06","guid":{"rendered":"https:\/\/pto-stone-crusher.com\/?page_id=113"},"modified":"2025-11-13T05:16:06","modified_gmt":"2025-11-13T05:16:06","slug":"contactez-nous","status":"publish","type":"page","link":"https:\/\/pto-stone-crusher.com\/fr\/contactez-nous\/","title":{"rendered":"Contactez-nous"},"content":{"rendered":"<p>[et_pb_section][et_pb_row][et_pb_column type=”4_4″][et_pb_text]<\/p>\n<h1>PTO-CONCASSEUR DE PIERRES<\/h1>\n<p>En tant que fabricant, fournisseur et exportateur de concasseurs de pierres \u00e0 prise de force et de produits m\u00e9caniques, nous proposons des concasseurs de pierres \u00e0 prise de force ainsi que de nombreux autres produits.<\/p>\n<p>Veuillez nous contacter pour plus de d\u00e9tails.<\/p>\n<p>Mail:<a href=\"\/sales@pto-stone-crusher.com\/\" target=\"_blank\" rel=\"noopener\">sales@pto-stone-crusher.com<\/a><\/p>\n<p>Fabricant, fournisseur, exportateur de concasseurs de pierres \u00e0 prise de force.<\/p>\n<p>Nous sommes sp\u00e9cialis\u00e9s dans la production de bo\u00eetes de vitesses agricoles, d'arbres de prise de force, de pignons, d'accouplements hydrauliques, de r\u00e9ducteurs \u00e0 vis sans fin, d'engrenages et de cr\u00e9maill\u00e8res, de cha\u00eenes \u00e0 rouleaux, de poulies, de r\u00e9ducteurs plan\u00e9taires, de poulies de distribution, de colliers d'arbre, et bien plus encore.<\/p>\n<p>Nous avons export\u00e9 nos produits \u00e0 des clients du monde entier et avons acquis une excellente r\u00e9putation gr\u00e2ce \u00e0 la qualit\u00e9 sup\u00e9rieure de nos produits et \u00e0 notre service apr\u00e8s-vente.<br \/>\nNous invitons chaleureusement les clients, tant nationaux qu'\u00e9trangers, \u00e0 nous contacter pour n\u00e9gocier des affaires, \u00e9changer des informations et coop\u00e9rer avec nous.<\/p>\n<p>[\/et_pb_text][\/et_pb_column][\/et_pb_row][\/et_pb_section]<\/p>","protected":false},"excerpt":{"rendered":"<p><div class=\"et_pb_section et_pb_section_0 et_section_regular\" >\n\t\t\t\t\n\t\t\t\t\n\t\t\t\t\n\t\t\t\t\n\t\t\t\t\n\t\t\t\t\n\t\t\t\t\n\t\t\t\t\n\t\t\t\t\n\t\t\t<\/div><div class=\"et_pb_row et_pb_row_0 et_pb_row_empty\">\n\t\t\t\t\n\t\t\t\t\n\t\t\t\t\n\t\t\t\t\n\t\t\t\t\n\t\t\t<\/div><div class=\"et_pb_module et_pb_text et_pb_text_0  et_pb_text_align_left et_pb_bg_layout_light\">\n\t\t\t\t\n\t\t\t\t\n\t\t\t\t\n\t\t\t\t\n\t\t\t\t\n\t\t\t<\/div> PTO-STONE-CRUSHER As one of the pto stone crusher manufacturers, suppliers, and exporters of mechanical products, we offer pto stone crusher and many other products. Please get in touch with us for details. Mail:sales@pto-stone-crusher.com Manufacturer, supplier, exporter of pto stone crusher. We specialize in the production of Agricultural Gearbox, PTO Shafts, Sprockets, Fluid Coupling, Worm [&hellip;]<\/p>","protected":false},"author":1,"featured_media":0,"parent":0,"menu_order":0,"comment_status":"closed","ping_status":"closed","template":"","meta":{"_et_pb_use_builder":"on","_et_pb_old_content":"<h1>PTO-STONE-CRUSHER<\/h1><p>As one of the pto stone crusher manufacturers, suppliers, and exporters of mechanical products, we offer pto stone crusher and many other products.<\/p><p>Please get in touch with us for details.<\/p><p>Mail:<a href=\"sales@pto-stone-crusher.com\" target=\"_blank\" rel=\"noopener\">sales@pto-stone-crusher.com<\/a><\/p><p>Manufacturer, supplier, exporter of pto stone crusher.\u00a0<\/p><p>We specialize in the production of Agricultural Gearbox, PTO Shafts, Sprockets, Fluid Coupling, Worm Gear Reducers, Gears and racks, Roller Chains, Sheave and Pulleys, Planetary Gearboxes, Timing Pulleys, Shaft Collars, and more.<\/p><p>We have exported our products to clients worldwide and earned a good reputation because of our superior product quality and after-sales service.<br \/>We warmly welcome customers both at home and abroad to contact us to negotiate business, exchange information, and cooperate with us.<\/p>","_et_gb_content_width":"","footnotes":""},"class_list":["post-113","page","type-page","status-publish","hentry"],"_links":{"self":[{"href":"https:\/\/pto-stone-crusher.com\/fr\/wp-json\/wp\/v2\/pages\/113","targetHints":{"allow":["GET"]}}],"collection":[{"href":"https:\/\/pto-stone-crusher.com\/fr\/wp-json\/wp\/v2\/pages"}],"about":[{"href":"https:\/\/pto-stone-crusher.com\/fr\/wp-json\/wp\/v2\/types\/page"}],"author":[{"embeddable":true,"href":"https:\/\/pto-stone-crusher.com\/fr\/wp-json\/wp\/v2\/users\/1"}],"replies":[{"embeddable":true,"href":"https:\/\/pto-stone-crusher.com\/fr\/wp-json\/wp\/v2\/comments?post=113"}],"version-history":[{"count":5,"href":"https:\/\/pto-stone-crusher.com\/fr\/wp-json\/wp\/v2\/pages\/113\/revisions"}],"predecessor-version":[{"id":118,"href":"https:\/\/pto-stone-crusher.com\/fr\/wp-json\/wp\/v2\/pages\/113\/revisions\/118"}],"wp:attachment":[{"href":"https:\/\/pto-stone-crusher.com\/fr\/wp-json\/wp\/v2\/media?parent=113"}],"curies":[{"name":"wp","href":"https:\/\/api.w.org\/{rel}","templated":true}]}}