{"id":158,"date":"2025-11-13T09:45:07","date_gmt":"2025-11-13T09:45:07","guid":{"rendered":"https:\/\/pto-stone-crusher.com\/?page_id=158"},"modified":"2026-01-23T05:44:36","modified_gmt":"2026-01-23T05:44:36","slug":"home","status":"publish","type":"page","link":"https:\/\/pto-stone-crusher.com\/es\/","title":{"rendered":"Hogar"},"content":{"rendered":"<p>[et_pb_section fb_built=”1″ admin_label=”Header” _builder_version=”4.20.4″ _module_preset=”default” use_background_color_gradient=”on” background_color_gradient_stops=”rgba(0,0,0,0.7) 0%|rgba(0,0,0,0.7) 100%” background_color_gradient_overlays_image=”on” background_image=”https:\/\/pto-stone-crusher.com\/wp-content\/uploads\/2025\/11\/pto-stone-crusher-banner-.webp” collapsed=”off” global_colors_info=”{}”][et_pb_row _builder_version=”4.24.2″ _module_preset=”default” max_width=”800px” global_colors_info=”{}”][et_pb_column type=”4_4″ _builder_version=”4.23.2″ _module_preset=”default” global_colors_info=”{}”][et_pb_text _builder_version=”4.20.4″ _module_preset=”bef63c41-62e0-4bd1-8873-21e30332319d” header_4_text_color=”#FFFFFF” text_orientation=”center” global_colors_info=”{}”]<\/p>\n<h4>trituradora de piedra con toma de fuerza<\/h4>\n<p>[\/et_pb_text][et_pb_text _builder_version=”4.20.4″ _module_preset=”ee2a7cbc-6859-49dc-a25a-b333fd0bc088″ header_text_color=”#FFFFFF” text_orientation=”center” custom_margin=”||10px||false|false” global_colors_info=”{}”]<\/p>\n<h1>TRITURADORA DE PIEDRA CON TOMA DE FUERZA<\/h1>\n<p>[\/et_pb_text][et_pb_text _builder_version=”4.20.4″ _module_preset=”a3ae43d2-4ca3-4052-a30c-f8e83a9563d3″ text_text_color=”#FFFFFF” text_letter_spacing=”1px” text_orientation=”center” custom_margin=”||30px||false|false” global_colors_info=”{}”]<\/p>\n<p>Ofrecer soluciones de alta calidad para el desarrollo de terrenos agr\u00edcolas y zonas forestales.<\/p>\n<p>[\/et_pb_text][et_pb_button button_url=”#contact” button_text=”GET MORE” button_alignment=”center” _builder_version=”4.20.4″ _module_preset=”643a4d92-ec1b-4784-b5d5-336a6e9864b8″ global_colors_info=”{}”][\/et_pb_button][\/et_pb_column][\/et_pb_row][\/et_pb_section][et_pb_section fb_built=”1″ admin_label=”What We Do” _builder_version=”4.27.5″ _module_preset=”default” locked=”off” collapsed=”off” global_colors_info=”{%22gcid-cc026ee9-2dfb-4c5b-892b-7f86cd297fec%22:%91%22background_color_gradient_stops%22%93}”][et_pb_row _builder_version=”4.24.2″ _module_preset=”default” global_colors_info=”{}”][et_pb_column type=”4_4″ _builder_version=”4.23.2″ _module_preset=”default” global_colors_info=”{}”][et_pb_text _builder_version=”4.27.5″ _module_preset=”9f4a8092-7f16-451a-b3a9-ec915b51fe0d” header_2_text_color=”#000000″ header_2_font_size=”70px” locked=”off” global_colors_info=”{}”]<\/p>\n<h2>TRITURADORA DE PIEDRA CON TOMA DE FUERZA<\/h2>\n<p>[\/et_pb_text][\/et_pb_column][\/et_pb_row][et_pb_row column_structure=”2_5,3_5″ _builder_version=”4.20.4″ _module_preset=”default” max_width=”100%” global_colors_info=”{}”][et_pb_column type=”2_5″ _builder_version=”4.23.2″ _module_preset=”default” global_colors_info=”{}”][et_pb_image src=”https:\/\/pto-stone-crusher.com\/wp-content\/uploads\/2025\/11\/pto-stone-crusher-part1.webp” alt=”pto-stone-crusher-part1″ title_text=”pto-stone-crusher-part1″ _builder_version=”4.20.4″ _module_preset=”default” global_colors_info=”{}”][\/et_pb_image][et_pb_text _builder_version=”4.27.5″ _module_preset=”a3ae43d2-4ca3-4052-a30c-f8e83a9563d3″ text_text_color=”#000000″ hover_enabled=”0″ global_colors_info=”{}” sticky_enabled=”0″]<\/p>\n<p>Como fabricante y proveedor de confianza de trituradoras de piedra con toma de fuerza, priorizamos la integridad estructural en cada dise\u00f1o. El bastidor reforzado minimiza la flexi\u00f3n durante cargas pesadas, mientras que los acabados anticorrosivos protegen contra los elementos externos como la humedad y el polvo. Este enfoque en la durabilidad se traduce en menos aver\u00edas, menores necesidades de mantenimiento y una herramienta que conserva su funcionalidad durante a\u00f1os, incluso en entornos de trabajo exigentes.<\/p>\n<p>[\/et_pb_text][\/et_pb_column][et_pb_column type=”3_5″ _builder_version=”4.23.2″ _module_preset=”default” global_colors_info=”{}”][et_pb_image src=”https:\/\/pto-stone-crusher.com\/wp-content\/uploads\/2025\/11\/pto-stone-crusher-part2–e1763534254849.webp” alt=”pto-stone-crusher-part2″ title_text=”pto-stone-crusher-part2″ _builder_version=”4.20.4″ _module_preset=”default” global_colors_info=”{}”][\/et_pb_image][et_pb_button button_url=”#contact” button_text=”GET A QUOTE” _builder_version=”4.20.4″ _module_preset=”cc7c42d0-2980-47ef-8cfc-68bda31da5b7″ button_text_size=”20px” button_bg_color=”#000000″ hover_enabled=”0″ global_colors_info=”{}” sticky_enabled=”0″][\/et_pb_button][\/et_pb_column][\/et_pb_row][et_pb_row column_structure=”1_2,1_2″ _builder_version=”4.20.4″ _module_preset=”default” width=”100%” max_width=”90%” global_colors_info=”{}”][et_pb_column type=”1_2″ _builder_version=”4.20.4″ _module_preset=”default” global_colors_info=”{}”][et_pb_image src=”https:\/\/pto-stone-crusher.com\/wp-content\/uploads\/2025\/11\/pto-stone-crusher-show3.webp” alt=”pto stone crusher-show3″ title_text=”pto stone crusher-show3″ align=”right” _builder_version=”4.27.5″ _module_preset=”default” global_colors_info=”{}”][\/et_pb_image][\/et_pb_column][et_pb_column type=”1_2″ _builder_version=”4.20.4″ _module_preset=”default” global_colors_info=”{}”][et_pb_text _builder_version=”4.20.4″ _module_preset=”default” header_2_font=”|700|||||||” header_2_font_size=”40px” global_colors_info=”{}”]<\/p>\n<h2>\u00bfBusca soluciones para terrenos agr\u00edcolas?<\/h2>\n<p>[\/et_pb_text][et_pb_text _builder_version=”4.27.5″ _module_preset=”default” text_font_size=”18px” max_width=”75%” hover_enabled=”0″ global_colors_info=”{}” sticky_enabled=”0″]<\/p>\n<p>En lugar de transportar rocas pesadas, escombros o grava sobrante a instalaciones externas, puede triturar y reutilizar los materiales en el mismo lugar donde se encuentran, convirtiendo los desechos en \u00e1ridos \u00fatiles para entradas de veh\u00edculos, bases de caminos o relleno. Esto no solo reduce los costos de transporte y eliminaci\u00f3n de residuos, sino que tambi\u00e9n acorta los plazos del proyecto al eliminar los tiempos de espera de los servicios de trituraci\u00f3n externos. La conexi\u00f3n directa a la toma de fuerza garantiza un suministro de energ\u00eda constante, mientras que su dise\u00f1o compacto facilita la maniobra en espacios reducidos, desde claros forestales hasta granjas.<\/p>\n<p>[\/et_pb_text][\/et_pb_column][\/et_pb_row][\/et_pb_section][et_pb_section fb_built=”1″ admin_label=”Services” _builder_version=”4.20.4″ _module_preset=”default” background_color=”#f2f2f2″ collapsed=”on” global_colors_info=”{}”][et_pb_row _builder_version=”4.23.2″ _module_preset=”default” global_colors_info=”{}”][et_pb_column type=”4_4″ _builder_version=”4.23.2″ _module_preset=”default” global_colors_info=”{}”][et_pb_text _builder_version=”4.20.4″ _module_preset=”9f4a8092-7f16-451a-b3a9-ec915b51fe0d” header_2_font_size=”42px” global_colors_info=”{}”]<\/p>\n<h2><strong data-spm-anchor-id=\"5176.28103460.0.i25.2f2e4fa587arIY\">Trituradora de piedra con toma de fuerza para trituraci\u00f3n de rocas in situ<\/strong><\/h2>\n<p>[\/et_pb_text][et_pb_text _builder_version=”4.20.4″ _module_preset=”default” text_font=”|300|||||||” text_text_color=”#000000″ global_colors_info=”{}”]<\/p>\n<p>Para propietarios de terrenos, agricultores y peque\u00f1os contratistas, la posibilidad de procesar piedra de campo, escombros de demolici\u00f3n o grava en el mismo lugar donde se encuentran significa menos viajes a vertederos, menores costos de compra de materiales y un mayor control sobre la preparaci\u00f3n del terreno. Ya sea que est\u00e9 nivelando pastizales, construyendo caminos de acceso o retirando escombros de construcci\u00f3n, la trituradora de piedra con toma de fuerza le ayuda a realizar el trabajo usted mismo.<\/p>\n<p>[\/et_pb_text][et_pb_image src=”https:\/\/pto-stone-crusher.com\/wp-content\/uploads\/2025\/11\/pto-stone-crusher-e1763026624799.webp” alt=”pto stone crusher” title_text=”pto stone crusher” align=”center” _builder_version=”4.27.5″ _module_preset=”default” global_colors_info=”{}”][\/et_pb_image][\/et_pb_column][\/et_pb_row][\/et_pb_section][et_pb_section fb_built=”1″ _builder_version=”4.20.4″ _module_preset=”default” border_radii=”on|10px|10px|10px|10px” border_width_all=”1px” global_colors_info=”{}”][et_pb_row _builder_version=”4.20.4″ _module_preset=”default” global_colors_info=”{}”][et_pb_column type=”4_4″ _builder_version=”4.20.4″ _module_preset=”default” global_colors_info=”{}”][et_pb_text _builder_version=”4.20.4″ _module_preset=”default” header_font=”||||||||” header_2_font=”|700|||||||” header_2_text_color=”#000000″ header_2_font_size=”42px” global_colors_info=”{}”]<\/p>\n<blockquote>\n<h2>\u00bfEn qu\u00e9 situaciones puedo utilizar su trituradora de piedra con toma de fuerza?<\/h2>\n<\/blockquote>\n<p>[\/et_pb_text][\/et_pb_column][\/et_pb_row][et_pb_row column_structure=”1_2,1_2″ _builder_version=”4.20.4″ _module_preset=”default” collapsed=”on” global_colors_info=”{}”][et_pb_column type=”1_2″ _builder_version=”4.20.4″ _module_preset=”default” global_colors_info=”{}”][et_pb_blurb title=”1. Agricultural Land Clearing and Field Preparation” use_icon=”on” font_icon=”&#x4e;||divi||400″ icon_placement=”left” _builder_version=”4.20.4″ _module_preset=”default” global_colors_info=”{}”][\/et_pb_blurb][et_pb_blurb title=”2. Rural Road and Access Way Construction” use_icon=”on” font_icon=”&#x4e;||divi||400″ icon_placement=”left” _builder_version=”4.20.4″ _module_preset=”default” locked=”off” global_colors_info=”{}”][\/et_pb_blurb][et_pb_blurb title=”3. Small-Scale Quarrying and Aggregate Production” use_icon=”on” font_icon=”&#x4e;||divi||400″ icon_placement=”left” _builder_version=”4.20.4″ _module_preset=”default” locked=”off” global_colors_info=”{}”][\/et_pb_blurb][et_pb_blurb title=”7. Fence Line and Infrastructure Foundation Work” use_icon=”on” font_icon=”&#x4e;||divi||400″ icon_placement=”left” _builder_version=”4.20.4″ _module_preset=”default” locked=”off” global_colors_info=”{}”][\/et_pb_blurb][\/et_pb_column][et_pb_column type=”1_2″ _builder_version=”4.20.4″ _module_preset=”default” global_colors_info=”{}”][et_pb_blurb title=”4. Disaster Recovery and Debris Management” use_icon=”on” font_icon=”&#x4e;||divi||400″ icon_placement=”left” _builder_version=”4.20.4″ _module_preset=”default” locked=”off” global_colors_info=”{}”][\/et_pb_blurb][et_pb_blurb title=”5. Orchard, Vineyard, and Forestry Site Maintenance” use_icon=”on” font_icon=”&#x4e;||divi||400″ icon_placement=”left” _builder_version=”4.20.4″ _module_preset=”default” locked=”off” global_colors_info=”{}”][\/et_pb_blurb][et_pb_blurb title=”6. Small Demolition and Farm Renovation Projects” use_icon=”on” font_icon=”&#x4e;||divi||400″ icon_placement=”left” _builder_version=”4.20.4″ _module_preset=”default” locked=”off” global_colors_info=”{}”][\/et_pb_blurb][\/et_pb_column][\/et_pb_row][\/et_pb_section][et_pb_section fb_built=”1″ _builder_version=”4.20.4″ _module_preset=”default” global_colors_info=”{}”][et_pb_row column_structure=”1_2,1_2″ _builder_version=”4.20.4″ _module_preset=”default” width=”90%” max_width=”100%” global_colors_info=”{}”][et_pb_column type=”1_2″ _builder_version=”4.20.4″ _module_preset=”default” global_colors_info=”{}”][et_pb_text _builder_version=”4.20.4″ _module_preset=”default” header_2_font=”||||||||” header_2_font_size=”42px” global_colors_info=”{}”]<\/p>\n<h2><span style=\"font-weight:bold;color:blue;\">Aplicaci\u00f3n en el mundo real:<\/span> C\u00f3mo un proyecto regional de construcci\u00f3n de carreteras utiliz\u00f3 una trituradora de piedra<\/h2>\n<p>[\/et_pb_text][et_pb_text _builder_version=”4.20.4″ _module_preset=”default” global_colors_info=”{}”]<\/p>\n<p>En 2024, una empresa de ingenier\u00eda civil del centro de Texas recibi\u00f3 el encargo de mejorar 24 kil\u00f3metros de caminos rurales. El proyecto requer\u00eda un suministro constante de piedra triturada de alta calidad para las capas base y subbase de la carretera, pero las canteras locales ten\u00edan plazos de entrega prolongados y costos de env\u00edo cada vez mayores.<\/p>\n<p>Para controlar el suministro de materiales y reducir gastos, la constructora invirti\u00f3 en una trituradora de mand\u00edbulas m\u00f3vil. Obtuvieron abundante piedra caliza de terrenos cercanos despejados y reciclaron escombros de hormig\u00f3n procedentes de demoliciones. Al triturar estos materiales directamente en la obra, produjeron m\u00e1s de 12\u00a0000 toneladas de \u00e1ridos clasificados en tres meses.<\/p>\n<p>\u00bfEl resultado?<br \/>Los costos de los materiales disminuyeron en casi 351 TP3T en comparaci\u00f3n con la compra a proveedores externos. Los plazos del proyecto mejoraron gracias a la producci\u00f3n de \u00e1ridos bajo demanda, sin necesidad de esperar las entregas de camiones. Se eliminaron los costos de eliminaci\u00f3n de residuos de demolici\u00f3n, ya que el hormig\u00f3n se reutiliz\u00f3 como \u00e1rido reciclado.\u00a0<\/p>\n<p>[\/et_pb_text][\/et_pb_column][et_pb_column type=”1_2″ _builder_version=”4.20.4″ _module_preset=”default” global_colors_info=”{}”][et_pb_video src=”https:\/\/pto-stone-crusher.com\/wp-content\/uploads\/2025\/11\/stone-crusher.mp4″ _builder_version=”4.20.4″ _module_preset=”default” global_colors_info=”{}”][\/et_pb_video][et_pb_text _builder_version=”4.20.4″ _module_preset=”default” text_font=”|800|||||||” text_text_color=”#000000″ text_font_size=”16px” text_orientation=”center” global_colors_info=”{}”]Real-world usage examples[\/et_pb_text][\/et_pb_column][\/et_pb_row][\/et_pb_section][et_pb_section fb_built=”1″ admin_label=”Section-adv” _builder_version=”4.20.4″ _module_preset=”default” background_color=”#f2f2f2″ locked=”off” collapsed=”off” global_colors_info=”{}”][et_pb_row _builder_version=”4.20.4″ _module_preset=”default” collapsed=”off” global_colors_info=”{}”][et_pb_column type=”4_4″ _builder_version=”4.20.4″ _module_preset=”default” global_colors_info=”{}”][et_pb_text _builder_version=”4.20.4″ _module_preset=”default” header_2_font=”|800|||||||” header_2_text_align=”center” header_2_text_color=”#000000″ header_2_font_size=”42px” global_colors_info=”{}”]<\/p>\n<h2>Visualizaci\u00f3n del modelo del producto<\/h2>\n<p>[\/et_pb_text][\/et_pb_column][\/et_pb_row][et_pb_row column_structure=”1_2,1_2″ _builder_version=”4.20.4″ _module_preset=”default” width=”100%” max_width=”90%” collapsed=”off” global_colors_info=”{}”][et_pb_column type=”1_2″ _builder_version=”4.23.2″ _module_preset=”default” custom_padding=”20px|20px|20px|20px|true|true” border_width_all=”2px” border_color_all=”#000000″ global_colors_info=”{}”][et_pb_text _builder_version=”4.27.5″ _module_preset=”default” header_3_font=”|700|||||||” header_3_text_align=”center” global_colors_info=”{}”]<\/p>\n<h3>STONE-CRUSHER<\/h3>\n<p>[\/et_pb_text][et_pb_shop type=”product_category” posts_number=”2″ include_categories=”20″ _builder_version=”4.27.5″ _module_preset=”default” global_colors_info=”{}”][\/et_pb_shop][\/et_pb_column][et_pb_column type=”1_2″ _builder_version=”4.23.2″ _module_preset=”default” custom_padding=”20px|20px|20px|20px|true|true” border_width_all=”2px” border_color_all=”#000000″ global_colors_info=”{}”][et_pb_text _builder_version=”4.27.5″ _module_preset=”default” header_2_text_align=”center” header_3_text_align=”center” global_colors_info=”{}”]<\/p>\n<h3><strong><a class=\"row-title\" href=\"https:\/\/pto-stone-crusher.com\/wp-admin\/term.php?taxonomy=product_cat&amp;tag_ID=38&amp;post_type=product&amp;wp_http_referer=%2Fwp-admin%2Fedit-tags.php%3Ftaxonomy%3Dproduct_cat%26post_type%3Dproduct\" aria-label=\"\u201cPOTATO PLANTER\u201d (Edit)\">POTATO PLANTER<\/a><\/strong><\/h3>\n<p>[\/et_pb_text][et_pb_shop type=”product_category” posts_number=”2″ include_categories=”38″ _builder_version=”4.27.5″ _module_preset=”default” global_colors_info=”{}”][\/et_pb_shop][\/et_pb_column][\/et_pb_row][et_pb_row _builder_version=”4.20.4″ _module_preset=”default” global_colors_info=”{}”][et_pb_column type=”4_4″ _builder_version=”4.20.4″ _module_preset=”default” global_colors_info=”{}”][et_pb_button button_url=”https:\/\/pto-stone-crusher.com\/products\/” button_text=”Product Categories” button_alignment=”center” _builder_version=”4.27.5″ _module_preset=”default” custom_button=”on” button_text_size=”22px” button_text_color=”#FFFFFF” button_bg_color=”#000000″ hover_enabled=”0″ global_colors_info=”{}” sticky_enabled=”0″][\/et_pb_button][\/et_pb_column][\/et_pb_row][\/et_pb_section][et_pb_section fb_built=”1″ admin_label=”Feature” _builder_version=”4.20.4″ _module_preset=”default” overflow-x=”hidden” overflow-y=”hidden” locked=”off” collapsed=”off” global_colors_info=”{}”][et_pb_row column_structure=”1_2,1_2″ _builder_version=”4.20.4″ _module_preset=”default” max_width=”100%” global_colors_info=”{}”][et_pb_column type=”1_2″ _builder_version=”4.23.2″ _module_preset=”default” custom_padding=”10%||10%||true|false” global_colors_info=”{}”][et_pb_text _builder_version=”4.20.4″ _module_preset=”9f4a8092-7f16-451a-b3a9-ec915b51fe0d” header_2_text_color=”#000000″ header_2_font_size=”42px” custom_margin=”||10px||false|false” global_colors_info=”{}”]<\/p>\n<h2>TRITURADORA DE PIEDRA CON TOMA DE FUERZA<\/h2>\n<p>[\/et_pb_text][et_pb_text _builder_version=”4.20.4″ _module_preset=”a3ae43d2-4ca3-4052-a30c-f8e83a9563d3″ global_colors_info=”{}”]<\/p>\n<p>Si su terreno tiene rocas superficiales, restos de hormig\u00f3n o escombros dispersos, su eliminaci\u00f3n o reutilizaci\u00f3n no deber\u00eda requerir el alquiler de maquinaria pesada ni la contrataci\u00f3n de ayuda externa. Una trituradora de piedra con toma de fuerza le permite manejar estos materiales directamente en el terreno utilizando el tractor que ya posee. No solo es pr\u00e1ctico, sino que tambi\u00e9n supone un ahorro en la gesti\u00f3n rutinaria del terreno. Entre sus usos comunes se incluyen la trituraci\u00f3n de piedra para mejorar pastos, el reciclaje de grava de caminos de entrada antiguos, la preparaci\u00f3n de la base para cobertizos o cercas y la limpieza de restos de construcci\u00f3n tras peque\u00f1as obras.\u00a0<\/p>\n<p>[\/et_pb_text][et_pb_button button_url=”https:\/\/pto-stone-crusher.com\/contact-us” button_text=”Contact us” _builder_version=”4.20.4″ _module_preset=”cc7c42d0-2980-47ef-8cfc-68bda31da5b7″ button_text_size=”18px” button_border_radius=”10px” hover_enabled=”0″ global_colors_info=”{}” sticky_enabled=”0″][\/et_pb_button][\/et_pb_column][et_pb_column type=”1_2″ _builder_version=”4.23.2″ _module_preset=”default” global_colors_info=”{}”][et_pb_image src=”https:\/\/pto-stone-crusher.com\/wp-content\/uploads\/2025\/11\/pto-stone-crusher-show-.webp” alt=”pto stone crusher” title_text=”pto stone crusher-show” _builder_version=”4.20.4″ _module_preset=”default” custom_margin=”20%||||false|false” global_colors_info=”{}”][\/et_pb_image][\/et_pb_column][\/et_pb_row][et_pb_row column_structure=”1_2,1_2″ _builder_version=”4.20.4″ _module_preset=”default” max_width=”100%” global_colors_info=”{}”][et_pb_column type=”1_2″ _builder_version=”4.20.4″ _module_preset=”default” global_colors_info=”{}”][et_pb_image src=”https:\/\/pto-stone-crusher.com\/wp-content\/uploads\/2025\/11\/pto-stone-crusher-show2-.webp” alt=”pto stone crusher” title_text=”pto stone crusher-show2″ _builder_version=”4.20.4″ _module_preset=”default” global_colors_info=”{}”][\/et_pb_image][\/et_pb_column][et_pb_column type=”1_2″ _builder_version=”4.20.4″ _module_preset=”default” global_colors_info=”{}”][et_pb_text _builder_version=”4.20.4″ _module_preset=”default” text_font_size=”16px” custom_padding=”25%||||false|false” global_colors_info=”{}”]<\/p>\n<p>La trituradora de piedra con toma de fuerza (TDF) destaca por su resistencia al uso intensivo repetido, y nuestra unidad est\u00e1 dise\u00f1ada espec\u00edficamente para ofrecer una fiabilidad duradera en condiciones reales y exigentes. Esta herramienta est\u00e1 fabricada para procesar materiales abrasivos como piedra de campo, piedra caliza y escombros de demolici\u00f3n sin que su rendimiento se vea afectado con el tiempo.<\/p>\n<p>Cada componente cr\u00edtico se selecciona por su durabilidad: la carcasa de acero de gran espesor resiste impactos y desgaste, los martillos de acero endurecido reemplazables mantienen la eficiencia de trituraci\u00f3n durante cientos de horas de uso, y la caja de cambios de alta resistencia est\u00e1 sellada para evitar la infiltraci\u00f3n de polvo y residuos. A diferencia de las alternativas m\u00e1s ligeras, nuestra trituradora de piedra con toma de fuerza est\u00e1 dise\u00f1ada para soportar las vibraciones y el estr\u00e9s de las tareas diarias de agricultura, jardiner\u00eda y peque\u00f1as obras, desde la limpieza de terrenos y la nivelaci\u00f3n de pastos hasta la preparaci\u00f3n de bases para caminos rurales.<\/p>\n<p>[\/et_pb_text][et_pb_button button_url=”https:\/\/pto-stone-crusher.com\/about-us” button_text=”ABOUT US” _builder_version=”4.27.5″ _module_preset=”default” custom_button=”on” button_text_size=”30px” hover_enabled=”0″ global_colors_info=”{}” sticky_enabled=”0″][\/et_pb_button][\/et_pb_column][\/et_pb_row][\/et_pb_section][et_pb_section fb_built=”1″ _builder_version=”4.20.4″ _module_preset=”default” global_colors_info=”{}”][et_pb_row _builder_version=”4.20.4″ _module_preset=”default” global_colors_info=”{}”][et_pb_column type=”4_4″ _builder_version=”4.20.4″ _module_preset=”default” global_colors_info=”{}”][et_pb_text _builder_version=”4.20.4″ _module_preset=”default” header_2_font=”|800|||||||” header_2_text_color=”#000000″ header_2_font_size=”50px” global_colors_info=”{}”]<\/p>\n<h2>Preguntas frecuentes:<\/h2>\n<p>[\/et_pb_text][et_pb_accordion _builder_version=”4.27.5″ _module_preset=”default” hover_enabled=”0″ global_colors_info=”{}” sticky_enabled=”0″][et_pb_accordion_item title=”Q1. Has it passed international standard testing?” open=”on” _builder_version=”4.27.5″ _module_preset=”default” hover_enabled=”0″ global_colors_info=”{}” toggle_level=”h3″ toggle_font=”|700|||||||” sticky_enabled=”0″]<\/p>\n<p>A1. We have passed the ISO9001 Quality Management System Certification,Grade A certification for the Integration of Informatization and Industrialization,SGS Verified Manufacturer.<\/p>\n<p>[\/et_pb_accordion_item][et_pb_accordion_item title=”Q2. What are the product categories?” _builder_version=”4.27.5″ _module_preset=”default” hover_enabled=”0″ global_colors_info=”{}” toggle_level=”h3″ toggle_font=”|700|||||||” open=”off” sticky_enabled=”0″]<\/p>\n<p>A2. We own <span data-type=\"text\">rastrillo para piedras, recolectores de piedras, rotocultivador, trituradoras\/desmenuzadoras de piedra, maquinaria para patatas, aporcador de patatas, fertilizantes, cultivador rotativo, sembradora de patatas, cosechadoras de patatas, cosechadora de patatas de 2 hileras, cosechadoras de patatas remolcadas, cosechadora de patatas de 2 hileras remolcada, cosechadora de patatas de 4 hileras remolcada, cosechadora de patatas para big bags, cosechadora de patatas de 2 hileras, maquinaria ganadera, etc.<\/span><\/p>\n<p>[\/et_pb_accordion_item][et_pb_accordion_item title=”Q3. What is a stone crusher and what does it do?” _builder_version=”4.27.5″ _module_preset=”default” hover_enabled=”0″ global_colors_info=”{}” toggle_level=”h3″ toggle_font=”|700|||||||” open=”off” sticky_enabled=”0″]<\/p>\n<p>A3. A stone crusher is a piece of heavy machinery designed to break down large rocks into smaller sizes for various applications, such as road construction, concrete production, and mining. It processes materials like limestone, granite, basalt, and recycled concrete.<\/p>\n<p>[\/et_pb_accordion_item][et_pb_accordion_item title=”Q4. What factors should I consider when choosing a stone crusher?” _builder_version=”4.27.5″ _module_preset=”default” hover_enabled=”0″ global_colors_info=”{}” toggle_level=”h3″ toggle_font=”|700|||||||” open=”off” sticky_enabled=”0″]<\/p>\n<p>A4. Key considerations include the type of material to be crushed, desired output size, capacity requirements, mobility needs, and budget constraints. Additionally, reliability and after-sales support from the stone crusher supplier are important.<\/p>\n<p>[\/et_pb_accordion_item][\/et_pb_accordion][\/et_pb_column][\/et_pb_row][\/et_pb_section]<\/p>","protected":false},"excerpt":{"rendered":"<p>pto stone crusherPTO STONE CRUSHERProvide high-quality solutions for the development of farmland and forest areas.PTO STONE CRUSHERAs a trusted pto stone crusher manufacturer and supplier, we prioritize structural integrity in every design. The reinforced frame minimizes flexing during heavy loads, while corrosion-resistant finishes protect against outdoor elements like moisture and dust. This focus on durability [&hellip;]<\/p>","protected":false},"author":1,"featured_media":0,"parent":0,"menu_order":0,"comment_status":"closed","ping_status":"closed","template":"","meta":{"_et_pb_use_builder":"on","_et_pb_old_content":"","_et_gb_content_width":"","footnotes":""},"class_list":["post-158","page","type-page","status-publish","hentry"],"_links":{"self":[{"href":"https:\/\/pto-stone-crusher.com\/es\/wp-json\/wp\/v2\/pages\/158","targetHints":{"allow":["GET"]}}],"collection":[{"href":"https:\/\/pto-stone-crusher.com\/es\/wp-json\/wp\/v2\/pages"}],"about":[{"href":"https:\/\/pto-stone-crusher.com\/es\/wp-json\/wp\/v2\/types\/page"}],"author":[{"embeddable":true,"href":"https:\/\/pto-stone-crusher.com\/es\/wp-json\/wp\/v2\/users\/1"}],"replies":[{"embeddable":true,"href":"https:\/\/pto-stone-crusher.com\/es\/wp-json\/wp\/v2\/comments?post=158"}],"version-history":[{"count":21,"href":"https:\/\/pto-stone-crusher.com\/es\/wp-json\/wp\/v2\/pages\/158\/revisions"}],"predecessor-version":[{"id":494,"href":"https:\/\/pto-stone-crusher.com\/es\/wp-json\/wp\/v2\/pages\/158\/revisions\/494"}],"wp:attachment":[{"href":"https:\/\/pto-stone-crusher.com\/es\/wp-json\/wp\/v2\/media?parent=158"}],"curies":[{"name":"wp","href":"https:\/\/api.w.org\/{rel}","templated":true}]}}