{"id":188,"date":"2025-11-14T07:28:34","date_gmt":"2025-11-14T07:28:34","guid":{"rendered":"https:\/\/pto-stone-crusher.com\/?page_id=188"},"modified":"2025-11-14T07:34:20","modified_gmt":"2025-11-14T07:34:20","slug":"uber-uns","status":"publish","type":"page","link":"https:\/\/pto-stone-crusher.com\/de\/uber-uns\/","title":{"rendered":"\u00dcber uns"},"content":{"rendered":"<p>[et_pb_section fb_built=”1″ admin_label=”Community” _builder_version=”4.23.2″ _module_preset=”default” locked=”off” collapsed=”off” global_colors_info=”{}”][et_pb_row _builder_version=”4.24.2″ _module_preset=”default” locked=”off” global_colors_info=”{}”][et_pb_column type=”4_4″ _builder_version=”4.23.2″ _module_preset=”default” global_colors_info=”{}”][et_pb_text _builder_version=”4.20.4″ _module_preset=”1ab0d0bc-d290-4b5d-8d48-c5d462eb61bb” header_text_color=”gcid-0a70bcaa-1736-40e0-9723-4fb88b8b6694″ text_orientation=”center” global_colors_info=”{%22gcid-0a70bcaa-1736-40e0-9723-4fb88b8b6694%22:%91%22header_text_color%22%93}”]<\/p>\n<h1>\u00dcBER UNS<\/h1>\n<p>[\/et_pb_text][et_pb_text _builder_version=”4.20.4″ _module_preset=”default” text_font=”|300|||||||” text_font_size=”18px” max_width=”75%” module_alignment=”center” global_colors_info=”{}”]<\/p>\n<p>Seit 1970 verfolgt Watanabe die Produktionsphilosophie, die Natur zu respektieren und sich f\u00fcr die rationale Nutzung und verantwortungsvolle Umgestaltung des Landes einzusetzen.<\/p>\n<p>[\/et_pb_text][\/et_pb_column][\/et_pb_row][et_pb_row _builder_version=”4.23.2″ _module_preset=”default” global_colors_info=”{}”][et_pb_column type=”4_4″ _builder_version=”4.23.2″ _module_preset=”default” global_colors_info=”{}”][et_pb_video src=”https:\/\/pto-stone-crusher.com\/wp-content\/uploads\/2025\/11\/watanabe.mp4″ _builder_version=”4.20.4″ _module_preset=”default” hover_enabled=”0″ global_colors_info=”{}” title_text=”watanabe” sticky_enabled=”0″][\/et_pb_video][\/et_pb_column][\/et_pb_row][\/et_pb_section][et_pb_section fb_built=”1″ admin_label=”About” _builder_version=”4.23.2″ _module_preset=”default” locked=”off” collapsed=”off” global_colors_info=”{}”][et_pb_row _builder_version=”4.20.4″ _module_preset=”default” global_colors_info=”{}”][et_pb_column type=”4_4″ _builder_version=”4.20.4″ _module_preset=”default” global_colors_info=”{}”][et_pb_text _builder_version=”4.20.4″ _module_preset=”8f3dd08b-02db-4402-bda0-d18458289706″ header_2_font=”|800||on|||||” header_2_text_align=”center” header_2_text_color=”#000000″ header_2_font_size=”100px” header_2_letter_spacing=”3px” header_2_line_height=”1.7em” custom_margin=”||0px||false|false” global_colors_info=”{}”]<\/p>\n<h2>Unsere Geschichte wird noch geschrieben<\/h2>\n<p>[\/et_pb_text][\/et_pb_column][\/et_pb_row][et_pb_row column_structure=”1_2,1_2″ _builder_version=”4.20.4″ _module_preset=”default” global_colors_info=”{}”][et_pb_column type=”1_2″ _builder_version=”4.23.2″ _module_preset=”default” global_colors_info=”{}”][et_pb_text _builder_version=”4.20.4″ _module_preset=”8065643d-41e0-4991-b14e-c95e161ff78f” header_2_font_size=”30px” custom_margin=”||10px||false|false” global_colors_info=”{}”]<\/p>\n<h2>Mehr als f\u00fcnf Jahrzehnte zuverl\u00e4ssige Zusammenarbeit mit Fachleuten aus der Landwirtschaft<\/h2>\n<p>[\/et_pb_text][et_pb_text _builder_version=”4.20.4″ _module_preset=”default” global_colors_info=”{}”]<\/p>\n<div class=\"auto-hide-last-sibling-br paragraph-pP9ZLC paragraph-element br-paragraph-space\">Bereits 1970 gr\u00fcndete Herr Hitoshi Watanabe in Castro-Punjab sein Unternehmen als autorisierter H\u00e4ndler von Hatsuta-Spritzger\u00e4ten. Durch den st\u00e4ndigen Austausch mit den lokalen Landwirten gewann er ein tiefes Verst\u00e4ndnis f\u00fcr deren praktische Bed\u00fcrfnisse \u2013 was ihn schlie\u00dflich zur Entwicklung des ersten zweireihigen Kartoffelroders f\u00fchrte.<\/div>\n<div class=\"auto-hide-last-sibling-br paragraph-pP9ZLC paragraph-element br-paragraph-space\">Dank des \u00fcberw\u00e4ltigenden Erfolgs dieser Ger\u00e4te und der steigenden Marktnachfrage wurde 1976 die Landmaschinenfabrik Hitoshi Watanabe gegr\u00fcndet, die sich auf Ger\u00e4te f\u00fcr den Kartoffelanbau spezialisierte. Nach seinem Tod im Jahr 1983 vermachte Herr Watanabe sein Unternehmen seiner Frau und seinen Kindern, die es als seine Nachfolger \u00fcbernahmen.<\/div>\n<div class=\"auto-hide-last-sibling-br paragraph-pP9ZLC paragraph-element br-paragraph-space\">1984 wurde das Unternehmen in Watanabe M\u00e1quinas Agr\u00edcolas Ind\u00fastria e Com\u00e9rcio Ltda. umbenannt. Aufbauend auf seiner Grundlage im Kartoffelsektor, setzte das Unternehmen seine Innovationskraft mit neuen, auf diesen Markt zugeschnittenen Produktentwicklungen fort und expandierte gleichzeitig in weitere Segmente: Baumwolle, Zuckerrohr, Forstwirtschaft, Bodenbearbeitung sowie Materialtransport- und Lagertechnik.<\/div>\n<p>[\/et_pb_text][et_pb_button button_text=”GET MORE” _builder_version=”4.20.4″ _module_preset=”5444a11f-e24f-4df2-9baf-c4ea5c6ae058″ global_colors_info=”{}”][\/et_pb_button][\/et_pb_column][et_pb_column type=”1_2″ _builder_version=”4.23.2″ _module_preset=”default” global_colors_info=”{}”][et_pb_image src=”https:\/\/pto-stone-crusher.com\/wp-content\/uploads\/2025\/11\/watanabe-about.webp” alt=”pto stoene crusher<br \/>\n-about” title_text=”watanabe-about” _builder_version=”4.20.4″ _module_preset=”default” global_colors_info=”{}”][\/et_pb_image][\/et_pb_column][\/et_pb_row][et_pb_row column_structure=”1_2,1_2″ _builder_version=”4.20.4″ _module_preset=”default” global_colors_info=”{}”][et_pb_column type=”1_2″ _builder_version=”4.20.4″ _module_preset=”default” global_colors_info=”{}”][et_pb_text _builder_version=”4.20.4″ _module_preset=”default” text_font=”|800|||on|||#000000|” text_text_color=”#000000″ text_font_size=”85px” text_letter_spacing=”12px” text_line_height=”1.6em” quote_font=”|800|||||||” text_orientation=”center” global_colors_info=”{}”]<\/p>\n<blockquote>\n<p>UND<\/p>\n<p>JETZT<\/p>\n<\/blockquote>\n<p>[\/et_pb_text][\/et_pb_column][et_pb_column type=”1_2″ _builder_version=”4.20.4″ _module_preset=”default” global_colors_info=”{}”][et_pb_text _builder_version=”4.20.4″ _module_preset=”default” global_colors_info=”{}”]<\/p>\n<p>Aufbauend auf dieser Tradition der Innovation und Kundenorientierung hat Watanabe sein Produktportfolio erweitert und deckt nun ein umfassendes Spektrum an L\u00f6sungen f\u00fcr die Landwirtschaft und die Materialverarbeitung ab.<\/p>\n<p>Unser Angebot umfasst heute:<\/p>\n<p>1.<strong>Steinrechen<\/strong>, 2.<strong>Steinsammler<\/strong>, 3.<strong>Fr\u00e4se<\/strong>4.<strong>Mulcher\/Steinbrecher<\/strong>, 5.<strong>Kartoffelmaschinen<\/strong>, 6.<strong>Kartoffelfurchenzieher<\/strong>, 7.<strong>D\u00fcngemittel<\/strong>, 8.<strong>Rotationsgrubber<\/strong>, 9.<strong>Kartoffelpflanzer<\/strong>, 10.<strong>Kartoffelroder<\/strong>, 11.<strong>Kartoffelroder 2 Reihen<\/strong>, 12.<strong>Kartoffelroder-Anh\u00e4nger<\/strong>, 13.<strong>Kartoffelroder 2-reihig \u2013 gezogen<\/strong>, 14.<strong>Kartoffelroder 4-reihig \u2013 gezogen<\/strong>, 15.<strong>Kartoffelernte f\u00fcr Big Bags<\/strong>, 16.<strong>Kartoffelernte - 2 Reihen<\/strong>, 17.<strong>Viehmaschinen<\/strong> Und so weiter, neben anderen unverzichtbaren Werkzeugen. Da wir den sich wandelnden Bed\u00fcrfnissen von Agrarfachleuten weltweit weiterhin Geh\u00f6r schenken, entwickeln wir st\u00e4ndig neue Produkte f\u00fcr unser Sortiment \u2013 \u200b\u200bseien Sie gespannt, was Watanabe als N\u00e4chstes f\u00fcr Sie bereith\u00e4lt!<\/p>\n<p>[\/et_pb_text][\/et_pb_column][\/et_pb_row][et_pb_row column_structure=”1_2,1_2″ _builder_version=”4.20.4″ _module_preset=”default” width=”90%” max_width=”100%” global_colors_info=”{}”][et_pb_column type=”1_2″ _builder_version=”4.20.4″ _module_preset=”default” global_colors_info=”{}”][et_pb_text _builder_version=”4.20.4″ _module_preset=”01804549-448e-4882-b311-20d58217cd03″ max_width=”60%” module_alignment=”right” global_colors_info=”{}”]<\/p>\n<p>Seit den 1970er Jahren arbeiten wir weltweit eng mit Landwirten, Agronomen, Genossenschaften und Agrarforschern zusammen. Seit \u00fcber f\u00fcnfzig Jahren basiert unsere Partnerschaft nicht nur auf innovativen Produkten und modernster Technologie, sondern auch auf dem gemeinsamen Respekt vor dem Land, dem Engagement f\u00fcr reiche Ernten und der gemeinsamen Vision einer nachhaltigen Zukunft.<\/p>\n<p>[\/et_pb_text][et_pb_button button_url=”https:\/\/pto-stone-crusher.com\/contact-us\/” button_text=”CONTACT US” button_alignment=”center” _builder_version=”4.20.4″ _module_preset=”default” custom_button=”on” button_text_size=”32px” global_colors_info=”{}”][\/et_pb_button][\/et_pb_column][et_pb_column type=”1_2″ _builder_version=”4.20.4″ _module_preset=”default” global_colors_info=”{}”][et_pb_image src=”https:\/\/pto-stone-crusher.com\/wp-content\/uploads\/2025\/11\/watanabe-.webp” alt=”watanabe-patato-harvest” title_text=”watanabe” _builder_version=”4.20.4″ _module_preset=”default” global_colors_info=”{}”][\/et_pb_image][\/et_pb_column][\/et_pb_row][et_pb_row _builder_version=”4.20.4″ _module_preset=”default” width=”100%” max_width=”100%” global_colors_info=”{}”][et_pb_column type=”4_4″ _builder_version=”4.20.4″ _module_preset=”default” global_colors_info=”{}”][et_pb_text _builder_version=”4.20.4″ _module_preset=”default” header_2_font=”|800|||||||” header_2_text_align=”center” header_2_font_size=”60px” background_color=”#E09900″ custom_padding=”4%||4%||true|false” global_colors_info=”{}”]<\/p>\n<h2>UNSERE DIENSTLEISTUNGEN<\/h2>\n<p>[\/et_pb_text][\/et_pb_column][\/et_pb_row][et_pb_row column_structure=”1_4,1_4,1_4,1_4″ _builder_version=”4.20.4″ _module_preset=”default” global_colors_info=”{}”][et_pb_column type=”1_4″ _builder_version=”4.20.4″ _module_preset=”default” global_colors_info=”{}”][et_pb_blurb title=”24 x 7 services” use_icon=”on” font_icon=”||fa||900″ _builder_version=”4.20.4″ _module_preset=”default” header_level=”h3″ header_text_align=”center” global_colors_info=”{}”]<\/p>\n<p>Senden Sie uns eine Anfrage, um mehr \u00fcber die Produkte zu erfahren, an denen Sie interessiert sind. Wir werden Ihnen so schnell wie m\u00f6glich antworten.<\/p>\n<p>[\/et_pb_blurb][\/et_pb_column][et_pb_column type=”1_4″ _builder_version=”4.20.4″ _module_preset=”default” global_colors_info=”{}”][et_pb_blurb title=”Product Collection” use_icon=”on” font_icon=”||divi||400″ _builder_version=”4.20.4″ _module_preset=”default” header_level=”h3″ header_text_align=”center” global_colors_info=”{}”]<\/p>\n<p>Stellen Sie einen detaillierten Produktkatalog im PDF-Format zur Verf\u00fcgung. Darin erfahren Sie mehr \u00fcber die Produktdetails.<\/p>\n<p>[\/et_pb_blurb][\/et_pb_column][et_pb_column type=”1_4″ _builder_version=”4.20.4″ _module_preset=”default” global_colors_info=”{}”][et_pb_blurb title=”Product Maintenance” use_icon=”on” font_icon=”||fa||900″ _builder_version=”4.20.4″ _module_preset=”default” header_level=”h3″ header_text_align=”center” global_colors_info=”{}”]<\/p>\n<p>Sollten mit Ihrem Produkt Probleme auftreten, bieten wir technischen Support an.<\/p>\n<p>[\/et_pb_blurb][\/et_pb_column][et_pb_column type=”1_4″ _builder_version=”4.20.4″ _module_preset=”default” global_colors_info=”{}”][et_pb_blurb title=”Video  introduction” use_icon=”on” font_icon=”||fa||900″ _builder_version=”4.20.4″ _module_preset=”default” header_level=”h3″ header_text_align=”center” global_colors_info=”{}”]<\/p>\n<p>Bieten Sie Video- und Grafikpr\u00e4sentationen an, die eine umfassende Darstellung des Produkts erm\u00f6glichen.<\/p>\n<p>[\/et_pb_blurb][\/et_pb_column][\/et_pb_row][\/et_pb_section]<\/p>","protected":false},"excerpt":{"rendered":"<p>ABOUT USSince 1970, Watanabe has adhered to the production philosophy of respecting nature, devoting efforts to the rational use and responsible transformation of land.Our story is still being writtenMore than five decades of reliable collaboration with agricultural professionalsBack in 1970, Mr. Hitoshi Watanabe launched his business operations in Castro-Pr as an authorized distributor of Hatsuta [&hellip;]<\/p>","protected":false},"author":1,"featured_media":0,"parent":0,"menu_order":0,"comment_status":"closed","ping_status":"closed","template":"","meta":{"_et_pb_use_builder":"on","_et_pb_old_content":"","_et_gb_content_width":"","footnotes":""},"class_list":["post-188","page","type-page","status-publish","hentry"],"_links":{"self":[{"href":"https:\/\/pto-stone-crusher.com\/de\/wp-json\/wp\/v2\/pages\/188","targetHints":{"allow":["GET"]}}],"collection":[{"href":"https:\/\/pto-stone-crusher.com\/de\/wp-json\/wp\/v2\/pages"}],"about":[{"href":"https:\/\/pto-stone-crusher.com\/de\/wp-json\/wp\/v2\/types\/page"}],"author":[{"embeddable":true,"href":"https:\/\/pto-stone-crusher.com\/de\/wp-json\/wp\/v2\/users\/1"}],"replies":[{"embeddable":true,"href":"https:\/\/pto-stone-crusher.com\/de\/wp-json\/wp\/v2\/comments?post=188"}],"version-history":[{"count":4,"href":"https:\/\/pto-stone-crusher.com\/de\/wp-json\/wp\/v2\/pages\/188\/revisions"}],"predecessor-version":[{"id":209,"href":"https:\/\/pto-stone-crusher.com\/de\/wp-json\/wp\/v2\/pages\/188\/revisions\/209"}],"wp:attachment":[{"href":"https:\/\/pto-stone-crusher.com\/de\/wp-json\/wp\/v2\/media?parent=188"}],"curies":[{"name":"wp","href":"https:\/\/api.w.org\/{rel}","templated":true}]}}